{"id":63143,"date":"2022-03-31T10:06:03","date_gmt":"2022-03-31T08:06:03","guid":{"rendered":"https:\/\/booking-gaysejour.com\/room\/apartement-pleno-sol-vera-playa-naturista\/"},"modified":"2025-03-18T16:39:01","modified_gmt":"2025-03-18T15:39:01","slug":"apartement-pleno-sol-vera-playa-naturista","status":"publish","type":"product","link":"https:\/\/booking-gaysejour.com\/gb\/guide\/apartement-pleno-sol-vera-playa-naturista\/","title":{"rendered":"Pleno sol apartment@ Vera Playa Naturista"},"content":{"rendered":"<h3><strong>Holiday rental &#8211; 1 room &#8211; 2 people &#8211; 7 nights minimum from June to \u00e0 September &#8211; 2 weeks minimum the rest of the year.<\/strong><\/h3>\n<p>Vera naturista &#8220;Pleno Sol&#8221; est un appartement situ\u00e9 dans une r\u00e9sidence naturiste au coeur quartier naturiste de Vera Playa.<\/p>\n<p>Il est situ\u00e9 au 2e et dernier \u00e9tage, avec une vue imprenable sur le parc et la piscine. Il est constitu\u00e9 d&#8217;une cuisine \u00e9quip\u00e9e et d&#8217;un salon avec acc\u00e8s direct \u00e0 la terrasse, d&#8217;une chambre avec placard mural et d&#8217;une salle de bain avec wc.<\/p>\n<p>Cet appartement est climatis\u00e9 et \u00e9quip\u00e9 de ventilateurs pour plus de confort, d&#8217;une t\u00e9l\u00e9vision \u00e9cran plat avec les cha\u00eenes Espagnoles et Fran\u00e7aises, ainsi que d&#8217;une connexion WIFI.<\/p>\n<p>Les draps et le linge de toilette sont fournis.<\/p>\n<p>La piscine est \u00e0 l&#8217;usage exclusif des occupants de la r\u00e9sidence et la nudit\u00e9 doit \u00eatre respect\u00e9e.<\/p>\n","protected":false},"excerpt":{"rendered":"<p>Holiday rental &#8211; 1 room &#8211; 2 people &#8211; 7 nights minimum from June to \u00e0 September &#8211; 2 weeks minimum the rest of the year. Vera naturista &#8220;Pleno Sol&#8221; est un appartement situ\u00e9 dans une r\u00e9sidence naturiste au coeur quartier naturiste de Vera Playa. Il est situ\u00e9 au 2e et dernier \u00e9tage, avec une<a class=\"more-link\" href=\"https:\/\/booking-gaysejour.com\/gb\/guide\/apartement-pleno-sol-vera-playa-naturista\/\">Read more  &#10230;<\/a><\/p>\n","protected":false},"featured_media":59460,"template":"","meta":[],"product_brand":[],"product_cat":[1928,1756,758,1059],"product_tag":[1324,1306],"class_list":{"0":"post-63143","1":"product","2":"type-product","3":"status-publish","4":"has-post-thumbnail","6":"product_cat-hebergement-gb","7":"product_cat-almeria-gb","8":"product_cat-spain","9":"product_cat-vacation-rental","10":"product_tag-naturism","11":"product_tag-naturiste-gb","12":"pa_1-type-holiday-rental","13":"pa_1-type-naturism","14":"pa_2-chambre-et-salle-de-bain-air-conditioning","15":"pa_2-chambre-et-salle-de-bain-fan","16":"pa_2-chambre-et-salle-de-bain-linen","17":"pa_2-chambre-et-salle-de-bain-private-bathroom","18":"pa_2-chambre-et-salle-de-bain-tv-chambre-gb","19":"pa_2-chambre-et-salle-de-bain-placard-penderie-gb","20":"pa_5-services-parking-on-premise","21":"pa_5-services-wifi-gratuit","22":"pa_6-installations-piscine-gb","23":"yith_shop_vendor-appartement-pleno-sol-vera-playa-naturista-almeria-spain","25":"first","26":"instock","27":"virtual","28":"sold-individually","29":"purchasable","30":"product-type-booking"},"_links":{"self":[{"href":"https:\/\/booking-gaysejour.com\/gb\/wp-json\/wp\/v2\/product\/63143","targetHints":{"allow":["GET"]}}],"collection":[{"href":"https:\/\/booking-gaysejour.com\/gb\/wp-json\/wp\/v2\/product"}],"about":[{"href":"https:\/\/booking-gaysejour.com\/gb\/wp-json\/wp\/v2\/types\/product"}],"wp:featuredmedia":[{"embeddable":true,"href":"https:\/\/booking-gaysejour.com\/gb\/wp-json\/wp\/v2\/media\/59460"}],"wp:attachment":[{"href":"https:\/\/booking-gaysejour.com\/gb\/wp-json\/wp\/v2\/media?parent=63143"}],"wp:term":[{"taxonomy":"product_brand","embeddable":true,"href":"https:\/\/booking-gaysejour.com\/gb\/wp-json\/wp\/v2\/product_brand?post=63143"},{"taxonomy":"product_cat","embeddable":true,"href":"https:\/\/booking-gaysejour.com\/gb\/wp-json\/wp\/v2\/product_cat?post=63143"},{"taxonomy":"product_tag","embeddable":true,"href":"https:\/\/booking-gaysejour.com\/gb\/wp-json\/wp\/v2\/product_tag?post=63143"}],"curies":[{"name":"wp","href":"https:\/\/api.w.org\/{rel}","templated":true}]}}