{"id":63214,"date":"2022-07-08T14:56:06","date_gmt":"2022-07-08T12:56:06","guid":{"rendered":"https:\/\/booking-gaysejour.com\/room\/chambre-lit-baroque-grand-lit-en-version-2-personnes-83e\/"},"modified":"2022-12-09T15:30:24","modified_gmt":"2022-12-09T14:30:24","slug":"chambre-lit-baroque-grand-lit-en-version-2-personnes-83e","status":"publish","type":"product","link":"https:\/\/booking-gaysejour.com\/gb\/guide\/chambre-lit-baroque-grand-lit-en-version-2-personnes-83e\/","title":{"rendered":"Chambre lit baroque (grand lit) en version 2 personnes. (87\u20ac) @ Maison LGBT &#8211; Toulouse"},"content":{"rendered":"<h3>Chambre avec lit double &#8211; version 2 personnes &#8211; \u00a0naturistes bienvenus<em><strong>\u00a0<\/strong><\/em><\/h3>\n<p>Contact de Marc, votre h\u00f4te, qui r\u00e9pondra \u00e0 toutes vos questions au 06 81 39 39 01<\/p>\n<p>Le calme dans Toulouse ! Belle demeure en briques rouges typiques sur un terrain arbor\u00e9 avec grande piscine (chauff\u00e9e).<\/p>\n<p>CHAMBRE AU LIT BAROQUE : Confortable et cr\u00e9ative c&#8217;est une chambre tr\u00e8s claire et agr\u00e9able dot\u00e9e d&#8217;un mini bureau, d&#8217;un acc\u00e8s priv\u00e9 \u00e0 une douche \u00e0 l&#8217;italienne et wc.<\/p>\n<p>ESPACE PARTAG\u00c9 DANS MAISON D&#8217;HOTES : \u00a0Vous aurez acc\u00e8s \u00e0 une pi\u00e8ce de vie partag\u00e9e, espace ouvert \u00e0 l&#8217;accueil de voyageurs.<br \/>\nTV grand \u00e9cran, WIFI.<br \/>\nPiscine ext\u00e9rieure chauff\u00e9e. Jacuzzi int\u00e9rieur. Acc\u00e8s libre et gratuit.<\/p>\n<p><strong>Cuisine \u00e9quip\u00e9e \u00e0 disposition. <\/strong>\u00a0Vue sur piscine. Nespresso, four, lave vaisselle&#8230;<\/p>\n<p>Petits d\u00e9jeuners partag\u00e9s, ap\u00e9ros nat, diners. Ap\u00e9ro de bienvenue offert.<strong><br \/>\nDINERS EN TABLE D&#8217;HOTES SUR R\u00c9SERVATION.<\/strong><\/p>\n<p>Piscine ext\u00e9rieure chauff\u00e9e de mai \u00e0 octobre.<\/p>\n<p>Tous ces espaces sont accessibles aux<strong> naturistes<\/strong>. Sur place possibilit\u00e9 de <strong>massages balinais<\/strong> sur table.<\/p>\n<p>Maison situ\u00e9e \u00e0 Toulouse, quartier St Simon (\u00e0 6km de l\u2019a\u00e9roport) proche d&#8217;une sortie de Rocade (C\u00e9pi\u00e8re) et des stations de m\u00e9tro : Mirail Universit\u00e9 ou Basso Cambo. \u00c0 une minute de la v\u00e9lo-station (roulez \u00e0 v\u00e9lo pour 1\u20ac\/jour). 2 lignes de bus Tiss\u00e9o. A 8 minutes \u00e0 pieds des commerces (banque, boulangerie, restaurants, sup\u00e9rette&#8230;) de la place des Pradettes.<\/p>\n<p><strong>Stationnement facile<\/strong> + Parking privatif (nous consulter)\u00a0 La maison voisine avec le chouette restaurant LGBT Folles Saisons, ouvert chaque midi et en soir\u00e9e en fin de semaine, dont soir\u00e9es-spectacles.<\/p>\n<p>Pour les repas et le petit d\u00e9jeuner chacun peut cuisiner \u00e0 sa guise les ingr\u00e9dients sortis de son panier. (Sup\u00e9rette proche. Deux cuisines avec 2 r\u00e9frig\u00e9rateurs-cong\u00e9lateurs sur place sont \u00e0 votre disposition.<\/p>\n<p><strong>Diners naturistes OU textiles<\/strong> (sur r\u00e9servation) : grillades \u00e0 la plancha, cassoulet artisanal. Repas v\u00e9g\u00e9tariens .<\/p>\n<p>Transfert assur\u00e9 (sur r\u00e9servation) depuis l\u2019A\u00e9roport de Toulouse-Blagnac ou Gare-Toulouse-Matabiau = Participation de 15\u20ac\/ voyage.<\/p>\n<p>Vous trouverez sur place de nombreuses brochures touristiques et bons plans LGBT et friendly. Toulouse est une belle ville d&#8217;art et de culture !<\/p>\n","protected":false},"excerpt":{"rendered":"<p>Chambre avec lit double &#8211; version 2 personnes &#8211; \u00a0naturistes bienvenus\u00a0 Contact de Marc, votre h\u00f4te, qui r\u00e9pondra \u00e0 toutes vos questions au 06 81 39 39 01 Le calme dans Toulouse ! Belle demeure en briques rouges typiques sur un terrain arbor\u00e9 avec grande piscine (chauff\u00e9e). CHAMBRE AU LIT BAROQUE : Confortable et cr\u00e9ative<a class=\"more-link\" href=\"https:\/\/booking-gaysejour.com\/gb\/guide\/chambre-lit-baroque-grand-lit-en-version-2-personnes-83e\/\">Read more  &#10230;<\/a><\/p>\n","protected":false},"featured_media":61550,"template":"","meta":[],"product_brand":[],"product_cat":[1928,741,1038,789],"product_tag":[1064,1320,1611,1323,1324,1306],"class_list":{"0":"post-63214","1":"product","2":"type-product","3":"status-publish","4":"has-post-thumbnail","6":"product_cat-hebergement-gb","7":"product_cat-france-gb","8":"product_cat-guesthouse-bnb","9":"product_cat-occitania","10":"product_tag-gay-only-gb","11":"product_tag-heated-pool","12":"product_tag-jacuzzi-gb","13":"product_tag-meal-service","14":"product_tag-naturism","15":"product_tag-naturiste-gb","16":"yith_shop_vendor-gay-naturist-bnb-toulouse","17":"yith_booking_service-free-wifi","18":"yith_booking_service-jacuzzi-included","19":"yith_booking_service-tv-sat","21":"first","22":"instock","23":"virtual","24":"sold-individually","25":"purchasable","26":"product-type-booking"},"_links":{"self":[{"href":"https:\/\/booking-gaysejour.com\/gb\/wp-json\/wp\/v2\/product\/63214","targetHints":{"allow":["GET"]}}],"collection":[{"href":"https:\/\/booking-gaysejour.com\/gb\/wp-json\/wp\/v2\/product"}],"about":[{"href":"https:\/\/booking-gaysejour.com\/gb\/wp-json\/wp\/v2\/types\/product"}],"wp:featuredmedia":[{"embeddable":true,"href":"https:\/\/booking-gaysejour.com\/gb\/wp-json\/wp\/v2\/media\/61550"}],"wp:attachment":[{"href":"https:\/\/booking-gaysejour.com\/gb\/wp-json\/wp\/v2\/media?parent=63214"}],"wp:term":[{"taxonomy":"product_brand","embeddable":true,"href":"https:\/\/booking-gaysejour.com\/gb\/wp-json\/wp\/v2\/product_brand?post=63214"},{"taxonomy":"product_cat","embeddable":true,"href":"https:\/\/booking-gaysejour.com\/gb\/wp-json\/wp\/v2\/product_cat?post=63214"},{"taxonomy":"product_tag","embeddable":true,"href":"https:\/\/booking-gaysejour.com\/gb\/wp-json\/wp\/v2\/product_tag?post=63214"}],"curies":[{"name":"wp","href":"https:\/\/api.w.org\/{rel}","templated":true}]}}