{"id":63249,"date":"2021-12-14T12:28:09","date_gmt":"2021-12-14T11:28:09","guid":{"rendered":"https:\/\/booking-gaysejour.com\/room\/maison-independante-dans-un-ancien-moulin\/"},"modified":"2025-03-18T16:39:02","modified_gmt":"2025-03-18T15:39:02","slug":"maison-independante-dans-un-ancien-moulin","status":"publish","type":"product","link":"https:\/\/booking-gaysejour.com\/gb\/guide\/maison-independante-dans-un-ancien-moulin\/","title":{"rendered":"Maison ind\u00e9pendante dans un ancien moulin @ Conflans sur Anille"},"content":{"rendered":"<h3>Location de vacances &#8211; 2 chambres &#8211; 3 personnes &#8211; 2 nuits minimum<\/h3>\n<p>Petite maison ind\u00e9pendante pr\u00e8s de la maison des propri\u00e9taires situ\u00e9e dans un cadre de verdure de 2 hectares.<\/p>\n<p>Ancien moulin du 15\u00e8me si\u00e8cle, il fut le dernier moulin en activit\u00e9 \u00e0 Conflans sur Anille, sans nuisance sonore sauf par la basse cour.<\/p>\n<p>Possibilit\u00e9 de prendre ses repas sous la pergola, barbecue \u00e0 disposition.<\/p>\n<p>Jacky &amp; Roger, partag\u00e9s entre la Sarthe et le Maroc.\u00a0Amoureux de la nature, d&#8217;espace, de fleurs, de rencontres de destins diff\u00e9rents.<\/p>\n<p>Nous aimons partager nos lieux de calme, s\u00e9r\u00e9nit\u00e9 et d&#8217;\u00e9motions.<\/p>\n","protected":false},"excerpt":{"rendered":"<p>Location de vacances &#8211; 2 chambres &#8211; 3 personnes &#8211; 2 nuits minimum Petite maison ind\u00e9pendante pr\u00e8s de la maison des propri\u00e9taires situ\u00e9e dans un cadre de verdure de 2 hectares. Ancien moulin du 15\u00e8me si\u00e8cle, il fut le dernier moulin en activit\u00e9 \u00e0 Conflans sur Anille, sans nuisance sonore sauf par la basse cour.<a class=\"more-link\" href=\"https:\/\/booking-gaysejour.com\/gb\/guide\/maison-independante-dans-un-ancien-moulin\/\">Read more  &#10230;<\/a><\/p>\n","protected":false},"featured_media":57526,"template":"","meta":[],"product_brand":[],"product_cat":[1928,741,801,1059],"product_tag":[],"class_list":{"0":"post-63249","1":"product","2":"type-product","3":"status-publish","4":"has-post-thumbnail","6":"product_cat-hebergement-gb","7":"product_cat-france-gb","8":"product_cat-the-loire-country","9":"product_cat-vacation-rental","10":"pa_1-type-holiday-rental","11":"pa_2-chambre-et-salle-de-bain-air-conditioning","12":"pa_2-chambre-et-salle-de-bain-bathroom-towel","13":"pa_2-chambre-et-salle-de-bain-beach-towel","14":"pa_2-chambre-et-salle-de-bain-disabled-access","15":"pa_2-chambre-et-salle-de-bain-hair-dryer","16":"pa_2-chambre-et-salle-de-bain-linen","17":"pa_2-chambre-et-salle-de-bain-private-bathroom","18":"pa_2-chambre-et-salle-de-bain-shared-bathroom","19":"pa_2-chambre-et-salle-de-bain-tv-chambre-gb","20":"pa_2-chambre-et-salle-de-bain-terrasse-privative-gb","21":"pa_2-chambre-et-salle-de-bain-placard-penderie-gb","22":"pa_2-chambre-et-salle-de-bain-wc-privatif-gb","23":"pa_5-services-parking-on-premise","24":"pa_5-services-washer","25":"pa_5-services-wifi-gratuit","26":"pa_6-installations-tv-room","27":"yith_shop_vendor-maison-independante-dans-un-ancien-moulin-sarthe-gb","29":"first","30":"instock","31":"virtual","32":"sold-individually","33":"purchasable","34":"product-type-booking"},"_links":{"self":[{"href":"https:\/\/booking-gaysejour.com\/gb\/wp-json\/wp\/v2\/product\/63249","targetHints":{"allow":["GET"]}}],"collection":[{"href":"https:\/\/booking-gaysejour.com\/gb\/wp-json\/wp\/v2\/product"}],"about":[{"href":"https:\/\/booking-gaysejour.com\/gb\/wp-json\/wp\/v2\/types\/product"}],"wp:featuredmedia":[{"embeddable":true,"href":"https:\/\/booking-gaysejour.com\/gb\/wp-json\/wp\/v2\/media\/57526"}],"wp:attachment":[{"href":"https:\/\/booking-gaysejour.com\/gb\/wp-json\/wp\/v2\/media?parent=63249"}],"wp:term":[{"taxonomy":"product_brand","embeddable":true,"href":"https:\/\/booking-gaysejour.com\/gb\/wp-json\/wp\/v2\/product_brand?post=63249"},{"taxonomy":"product_cat","embeddable":true,"href":"https:\/\/booking-gaysejour.com\/gb\/wp-json\/wp\/v2\/product_cat?post=63249"},{"taxonomy":"product_tag","embeddable":true,"href":"https:\/\/booking-gaysejour.com\/gb\/wp-json\/wp\/v2\/product_tag?post=63249"}],"curies":[{"name":"wp","href":"https:\/\/api.w.org\/{rel}","templated":true}]}}