{"id":63437,"date":"2022-06-26T10:35:42","date_gmt":"2022-06-26T08:35:42","guid":{"rendered":"https:\/\/booking-gaysejour.com\/room\/maison-dhote-gay-naturiste-entre-tours-et-poitiers\/"},"modified":"2022-12-09T15:32:02","modified_gmt":"2022-12-09T14:32:02","slug":"maison-dhote-gay-naturiste-entre-tours-et-poitiers","status":"publish","type":"product","link":"https:\/\/booking-gaysejour.com\/gb\/guide\/maison-dhote-gay-naturiste-entre-tours-et-poitiers\/","title":{"rendered":"Maison d\u2019h\u00f4te gay naturiste @  Thur\u00e9"},"content":{"rendered":"<h3 class=\"p1\">5 chambres d&#8217;h\u00f4tes &#8211; naturistes bienvenus<\/h3>\n<p class=\"p1\"><span class=\"s1\">Je vous re\u00e7ois en toute simplicit\u00e9 et avec grand plaisir dans ma maison Gay naturiste, situ\u00e9e proche de Chatellerault<span class=\"Apple-converted-space\">\u00a0 <\/span>\u00e0 5 kilom\u00e8tres de l\u2019autoroute A10, entre Tours et Poitiers. <\/span><span class=\"s1\">Grande maison confortable, parc de 3500 m2, beaucoup d\u00b4arbres, avec piscine 10&#215;5,<span class=\"Apple-converted-space\">\u00a0 <\/span>Jacuzzi ext\u00e9rieur, \u00e9quip\u00e9 de transat , salon de jardin , Barnum pour les d\u00e9jeuners.<\/span><\/p>\n<p class=\"p1\"><span class=\"s1\">salon , salle \u00e0 manger sur la<span class=\"Apple-converted-space\">\u00a0 <\/span>terrasse .<\/span><\/p>\n<p class=\"p1\"><span class=\"s1\">A l\u2019int\u00e9rieur de la maison 5 Chambres priv\u00e9es pour les h\u00f4tes et le reste de la maison est \u00e0 partager.<\/span><\/p>\n<p class=\"p1\"><span class=\"s1\">La Grande chambre du roi<span class=\"Apple-converted-space\">\u00a0 <\/span>( au 1er \u00e9tage<span class=\"Apple-converted-space\">\u00a0 <\/span>est climatis\u00e9e et son bureau.<\/span><\/p>\n<p class=\"p1\"><span class=\"s1\">Il y a aussi a cette \u00e9tage la chambre cin\u00e9ma et la chambre Zen , la salle de bain est \u00e0 partager.<\/span><\/p>\n<p class=\"p1\"><span class=\"s1\">Au RDC la chambre Maryline et Paris London ont acc\u00e8s \u00e0 une SDB commune .<\/span><\/p>\n<p class=\"p1\"><span class=\"s1\">Un salon salle \u00e0 manger avec t\u00e9l\u00e9vision .<\/span><\/p>\n<p class=\"p1\"><span class=\"s1\">En sous sol grand pi\u00e8ce salon avec jacuzzi , <\/span><\/p>\n<p class=\"p1\"><span class=\"s1\">Pi\u00e8ce hot , billard, ping-pong ,babyfoot et jeux de fl\u00e9chettes .<\/span><\/p>\n<p class=\"p1\"><span class=\"s1\">A savoir , que j&#8217;ai une petite chatte.<\/span><\/p>\n<p class=\"p1\"><span class=\"s1\">Aux alentours d&#8217;ici<span class=\"Apple-converted-space\">\u00a0 <\/span>:\u00a0 <\/span><span class=\"s1\">Le Futuroscope , le ch\u00e2teau des Ormes<span class=\"Apple-converted-space\">\u00a0 <\/span>, le Chateau<span class=\"Apple-converted-space\">\u00a0 <\/span>de Touffou , Roc aux Sorciers . Bien \u00eatre et d\u00e9tente \u00e0 La Roche Posay avec son golf . Vous pouvez \u00e9galement pratiquer du t\u00e9l\u00e9ski nautique , De la randonn\u00e9e p\u00e9destre . Faire du rafting. Visiter Notre Dame<span class=\"Apple-converted-space\">\u00a0 <\/span>de Poitiers , l&#8217;Abbaye de Saint Savin<span class=\"Apple-converted-space\">\u00a0 <\/span>,<span class=\"Apple-converted-space\">\u00a0 <\/span>, L&#8217;ile aux serpents , La cit\u00e9 de l\u2019\u00e9crit , La plan\u00e8te des crocodiles, La vall\u00e9e des cerfs , La<span class=\"Apple-converted-space\">\u00a0 <\/span>vall\u00e9e des singes&#8230;<\/span><\/p>\n<p class=\"p1\"><span class=\"s1\">Les hommes naturistes sont les bienvenus .<\/span><\/p>\n","protected":false},"excerpt":{"rendered":"<p>5 chambres d&#8217;h\u00f4tes &#8211; naturistes bienvenus Je vous re\u00e7ois en toute simplicit\u00e9 et avec grand plaisir dans ma maison Gay naturiste, situ\u00e9e proche de Chatellerault\u00a0 \u00e0 5 kilom\u00e8tres de l\u2019autoroute A10, entre Tours et Poitiers. Grande maison confortable, parc de 3500 m2, beaucoup d\u00b4arbres, avec piscine 10&#215;5,\u00a0 Jacuzzi ext\u00e9rieur, \u00e9quip\u00e9 de transat , salon de<a class=\"more-link\" href=\"https:\/\/booking-gaysejour.com\/gb\/guide\/maison-dhote-gay-naturiste-entre-tours-et-poitiers\/\">Read more  &#10230;<\/a><\/p>\n","protected":false},"featured_media":70804,"template":"","meta":[],"product_brand":[],"product_cat":[1928,741,1038,803],"product_tag":[1063,1312,1064,1611,1323,1324,1306,1223],"class_list":{"0":"post-63437","1":"product","2":"type-product","3":"status-publish","4":"has-post-thumbnail","6":"product_cat-hebergement-gb","7":"product_cat-france-gb","8":"product_cat-guesthouse-bnb","9":"product_cat-the-loire-valley","10":"product_tag-campagne-gb","11":"product_tag-futuroscope-gb","12":"product_tag-gay-only-gb","13":"product_tag-jacuzzi-gb","14":"product_tag-meal-service","15":"product_tag-naturism","16":"product_tag-naturiste-gb","17":"product_tag-piscine-gb","18":"yith_shop_vendor-break-free-nauristt-home","20":"first","21":"instock","22":"virtual","23":"sold-individually","24":"purchasable","25":"product-type-booking"},"_links":{"self":[{"href":"https:\/\/booking-gaysejour.com\/gb\/wp-json\/wp\/v2\/product\/63437","targetHints":{"allow":["GET"]}}],"collection":[{"href":"https:\/\/booking-gaysejour.com\/gb\/wp-json\/wp\/v2\/product"}],"about":[{"href":"https:\/\/booking-gaysejour.com\/gb\/wp-json\/wp\/v2\/types\/product"}],"wp:featuredmedia":[{"embeddable":true,"href":"https:\/\/booking-gaysejour.com\/gb\/wp-json\/wp\/v2\/media\/70804"}],"wp:attachment":[{"href":"https:\/\/booking-gaysejour.com\/gb\/wp-json\/wp\/v2\/media?parent=63437"}],"wp:term":[{"taxonomy":"product_brand","embeddable":true,"href":"https:\/\/booking-gaysejour.com\/gb\/wp-json\/wp\/v2\/product_brand?post=63437"},{"taxonomy":"product_cat","embeddable":true,"href":"https:\/\/booking-gaysejour.com\/gb\/wp-json\/wp\/v2\/product_cat?post=63437"},{"taxonomy":"product_tag","embeddable":true,"href":"https:\/\/booking-gaysejour.com\/gb\/wp-json\/wp\/v2\/product_tag?post=63437"}],"curies":[{"name":"wp","href":"https:\/\/api.w.org\/{rel}","templated":true}]}}