{"id":63438,"date":"2022-06-17T10:38:54","date_gmt":"2022-06-17T08:38:54","guid":{"rendered":"https:\/\/booking-gaysejour.com\/room\/grandlieu-evasion-chambre-dhotes-nantes\/"},"modified":"2025-03-18T16:39:00","modified_gmt":"2025-03-18T15:39:00","slug":"grandlieu-evasion-chambre-dhotes-nantes","status":"publish","type":"product","link":"https:\/\/booking-gaysejour.com\/gb\/guide\/grandlieu-evasion-chambre-dhotes-nantes\/","title":{"rendered":"Chambre d&#8217;h\u00f4tes @ Evasion aux portes de Nantes &#8211; Pont-Saint-Martin"},"content":{"rendered":"<h3>Chambre d&#8217;h\u00f4tes &#8211; salle de bains privative &#8211; 2 pers.<\/h3>\n<p>Chambre ind\u00e9pendante pour 2 personnes (lit double) , dans une aile de notre maison individuelle, \u00e0 seulement 10 min du centre-ville de Nantes (en voiture), situ\u00e9e dans un quartier r\u00e9sidentiel, au calme.<\/p>\n<p>Salle de douche privative (serviettes fournies) et WC ind\u00e9pendants &#8211; Wifi gratuit &#8211; parking voiture.<\/p>\n<p>Petit-d\u00e9jeuner inclus<\/p>\n<p>En saison (de juin \u00e0 septembre), vous pourrez profiter de la piscine chauff\u00e9e, et bronzer librement sur les transats dans un jardin clos &#8211; sans vis-\u00e0-vis &#8211; expos\u00e9 plein sud. Naturisme possible.<br \/>\nEt toute l\u2019ann\u00e9e, vous d\u00e9tendre dans notre spa \u00e0 37\u00b0.<\/p>\n<p>Commerces \u00e0 proximit\u00e9 : Super U, boulangerie, restaurants, bars, bouchers, primeurs. March\u00e9 le samedi matin.<br \/>\nTr\u00e8s proche de la ville pour profiter de ses bars et restaurants, et des animations : les Machines de l&#8217;\u00cele, le Carrousel des mondes Marins, le nouveau Mus\u00e9e des Arts, le Passage Pommeraye, le quartier Bouffay, le Lieu Unique, le Ch\u00e2teau des Ducs de Bretagne&#8230;<\/p>\n<p>\u00c0 5 min de l&#8217;a\u00e9roport et 5 min du p\u00e9riph et 30 min des plages. Possibilit\u00e9 de venir en bus depuis l&#8217;H\u00f4tel Dieu dans le centre de Nantes (ligne 312 &#8211; 2,40 \u20ac le trajet de 30mn).<\/p>\n<p>Possibilit\u00e9 de d\u00eener avec nous avec participation de 15 euros par personne. Nous vous conseillerons sur les sorties, les lieux gays et les bons restaurants nantais.<\/p>\n<p>Anglais parl\u00e9. Quartier calme. Maison non fumeur. Nous avons un chat dans la maison.<\/p>\n","protected":false},"excerpt":{"rendered":"<p>Chambre d&#8217;h\u00f4tes &#8211; salle de bains privative &#8211; 2 pers. Chambre ind\u00e9pendante pour 2 personnes (lit double) , dans une aile de notre maison individuelle, \u00e0 seulement 10 min du centre-ville de Nantes (en voiture), situ\u00e9e dans un quartier r\u00e9sidentiel, au calme. Salle de douche privative (serviettes fournies) et WC ind\u00e9pendants &#8211; Wifi gratuit &#8211;<a class=\"more-link\" href=\"https:\/\/booking-gaysejour.com\/gb\/guide\/grandlieu-evasion-chambre-dhotes-nantes\/\">Read more  &#10230;<\/a><\/p>\n","protected":false},"featured_media":60753,"template":"","meta":[],"product_brand":[],"product_cat":[1928,741,1038,801],"product_tag":[],"class_list":{"0":"post-63438","1":"product","2":"type-product","3":"status-publish","4":"has-post-thumbnail","6":"product_cat-hebergement-gb","7":"product_cat-france-gb","8":"product_cat-guesthouse-bnb","9":"product_cat-the-loire-country","10":"yith_shop_vendor-grandlieu-evasion-nantes-loire-atlantique","11":"yith_booking_service-petit-dejeuner-inclus-gb","13":"first","14":"instock","15":"virtual","16":"sold-individually","17":"purchasable","18":"product-type-booking"},"_links":{"self":[{"href":"https:\/\/booking-gaysejour.com\/gb\/wp-json\/wp\/v2\/product\/63438","targetHints":{"allow":["GET"]}}],"collection":[{"href":"https:\/\/booking-gaysejour.com\/gb\/wp-json\/wp\/v2\/product"}],"about":[{"href":"https:\/\/booking-gaysejour.com\/gb\/wp-json\/wp\/v2\/types\/product"}],"wp:featuredmedia":[{"embeddable":true,"href":"https:\/\/booking-gaysejour.com\/gb\/wp-json\/wp\/v2\/media\/60753"}],"wp:attachment":[{"href":"https:\/\/booking-gaysejour.com\/gb\/wp-json\/wp\/v2\/media?parent=63438"}],"wp:term":[{"taxonomy":"product_brand","embeddable":true,"href":"https:\/\/booking-gaysejour.com\/gb\/wp-json\/wp\/v2\/product_brand?post=63438"},{"taxonomy":"product_cat","embeddable":true,"href":"https:\/\/booking-gaysejour.com\/gb\/wp-json\/wp\/v2\/product_cat?post=63438"},{"taxonomy":"product_tag","embeddable":true,"href":"https:\/\/booking-gaysejour.com\/gb\/wp-json\/wp\/v2\/product_tag?post=63438"}],"curies":[{"name":"wp","href":"https:\/\/api.w.org\/{rel}","templated":true}]}}