{"id":63439,"date":"2022-05-09T10:43:26","date_gmt":"2022-05-09T08:43:26","guid":{"rendered":"https:\/\/booking-gaysejour.com\/room\/chambre-dhotes-avec-parking-au-port-de-nice-vieux-nice\/"},"modified":"2025-03-18T16:36:14","modified_gmt":"2025-03-18T15:36:14","slug":"chambre-dhotes-avec-parking-au-port-de-nice-vieux-nice","status":"publish","type":"product","link":"https:\/\/booking-gaysejour.com\/gb\/guide\/chambre-dhotes-avec-parking-au-port-de-nice-vieux-nice\/","title":{"rendered":"Chambre d&#8217;h\u00f4tes avec Parking au Port @ Nice"},"content":{"rendered":"<h3>Chambre d&#8217;hotes &#8211; 2 pers. Lit double &#8211; salle de bains privative<\/h3>\n<p>Bienvenue chez nous au port de Nice.<\/p>\n<p>Vous pourrez venir soit directement de l&#8217;a\u00e9roport en tramway (25 min), soit en voiture avec parking privatif gartuit dans l&#8217;immeuble\u00a0 soit\u00a0 avec votre Yacht \ud83d\ude00 (port \u00e0 5 min \u00e0 pieds)<\/p>\n<p>Vous serez \u00e0\u00a0 2 min du tramway pour l&#8217;a\u00e9roport, \u00e0 1 min du bus pour St Jean Cap Ferrat, Monaco et Menton (ticket 1,50 \u20ac).<\/p>\n<p>A pied, la fameuse rue Bonaparte, la place Garibaldi et le quartier des Antiquaires \u00e0 5 min. Le Vieux Nice \u00e0 10 min.<\/p>\n<p>Dans un sens Coco Beach (plage gay) \u00e0 10mn et dans l&#8217;autre sens la c\u00e9l\u00e8bre Promenade des Anglais et la Plage (gay) du Castel \u00e0 10 min.<\/p>\n<p>Vous disposerez d&#8217;une suite ind\u00e9pendante climatis\u00e9e de 30 m2 :<\/p>\n<p>Hall d&#8217;entr\u00e9e (frigo et caf\u00e8terie), chambre, salle d&#8217;eau et toilettes s\u00e9par\u00e9es.<\/p>\n<p>Un balcon \u00e0 l&#8217;Est de 4m2 avec aper\u00e7u mer.<\/p>\n<p>L&#8217;appartement est situ\u00e9 au 3e etage d&#8217;un immeuble avec ascenseur.<\/p>\n<p>Petit d\u00e9jeuner inclus et parking offert (acc\u00e8s direct par ascenseur).<\/p>\n<p>&nbsp;<\/p>\n","protected":false},"excerpt":{"rendered":"<p>Chambre d&#8217;hotes &#8211; 2 pers. Lit double &#8211; salle de bains privative Bienvenue chez nous au port de Nice. Vous pourrez venir soit directement de l&#8217;a\u00e9roport en tramway (25 min), soit en voiture avec parking privatif gartuit dans l&#8217;immeuble\u00a0 soit\u00a0 avec votre Yacht \ud83d\ude00 (port \u00e0 5 min \u00e0 pieds) Vous serez \u00e0\u00a0 2 min<a class=\"more-link\" href=\"https:\/\/booking-gaysejour.com\/gb\/guide\/chambre-dhotes-avec-parking-au-port-de-nice-vieux-nice\/\">Read more  &#10230;<\/a><\/p>\n","protected":false},"featured_media":60140,"template":"","meta":[],"product_brand":[],"product_cat":[1928,741,1038,834],"product_tag":[],"class_list":{"0":"post-63439","1":"product","2":"type-product","3":"status-publish","4":"has-post-thumbnail","6":"product_cat-hebergement-gb","7":"product_cat-france-gb","8":"product_cat-guesthouse-bnb","9":"product_cat-provence-alpes-cote-dazur-gb","10":"yith_shop_vendor-chez-christophe-regis-french-riviera","11":"yith_booking_service-petit-dejeuner-inclus-gb","13":"first","14":"instock","15":"virtual","16":"sold-individually","17":"purchasable","18":"product-type-booking"},"_links":{"self":[{"href":"https:\/\/booking-gaysejour.com\/gb\/wp-json\/wp\/v2\/product\/63439","targetHints":{"allow":["GET"]}}],"collection":[{"href":"https:\/\/booking-gaysejour.com\/gb\/wp-json\/wp\/v2\/product"}],"about":[{"href":"https:\/\/booking-gaysejour.com\/gb\/wp-json\/wp\/v2\/types\/product"}],"wp:featuredmedia":[{"embeddable":true,"href":"https:\/\/booking-gaysejour.com\/gb\/wp-json\/wp\/v2\/media\/60140"}],"wp:attachment":[{"href":"https:\/\/booking-gaysejour.com\/gb\/wp-json\/wp\/v2\/media?parent=63439"}],"wp:term":[{"taxonomy":"product_brand","embeddable":true,"href":"https:\/\/booking-gaysejour.com\/gb\/wp-json\/wp\/v2\/product_brand?post=63439"},{"taxonomy":"product_cat","embeddable":true,"href":"https:\/\/booking-gaysejour.com\/gb\/wp-json\/wp\/v2\/product_cat?post=63439"},{"taxonomy":"product_tag","embeddable":true,"href":"https:\/\/booking-gaysejour.com\/gb\/wp-json\/wp\/v2\/product_tag?post=63439"}],"curies":[{"name":"wp","href":"https:\/\/api.w.org\/{rel}","templated":true}]}}