{"id":63441,"date":"2020-12-11T11:14:23","date_gmt":"2020-12-11T10:14:23","guid":{"rendered":"https:\/\/booking-gaysejour.com\/room\/chambre-hotes-paris-20\/"},"modified":"2025-03-18T16:39:11","modified_gmt":"2025-03-18T15:39:11","slug":"chambre-hotes-paris-20","status":"publish","type":"product","link":"https:\/\/booking-gaysejour.com\/gb\/guide\/chambre-hotes-paris-20\/","title":{"rendered":"Chambre d&#8217;h\u00f4tes avec Terrasse @ Paris"},"content":{"rendered":"<h3>2 bedroom suite &#8211; double bed 140 cm &#8211; Private bathroom &#8211; 4 pers. max<\/h3>\n<p>La chambre se situe dans notre appartement \u00e0 l\u2019int\u00e9rieur chaleureux avec parquet et au sein d\u2019une r\u00e9sidence poss\u00e9dant un ascenseur.<\/p>\n<p>Chambre d&#8217;h\u00f4tes avec salle de bain attenante \u00e0 usage privatif pour 4 personnes max. (2 chambre attenante \u00e0 la premiere avecx salle de bains commune aux 2 chambres) situ\u00e9e \u00e0 paris, dans une r\u00e9sidence calme, au 5\u00e8me et dernier \u00e9tage b\u00e9n\u00e9ficiant d\u2019une terrasse et d&#8217;une vue magnifique sur les toits de Paris.<\/p>\n<p>C\u00f4t\u00e9 s\u00e9jour, vous pourrez y passer un moment de d\u00e9tente seul ou avec les propri\u00e9taires des lieux. T\u00e9l\u00e9vision, lecteur vid\u00e9o, ordinateur avec un acc\u00e8s wifi gratuit.<\/p>\n<p>La cuisine est l\u00e0 pour une boisson fra\u00eeche ou chaude.<\/p>\n<p>Le horaires d&#8217;arriv\u00e9e et de d\u00e9part sont flexibles, merci de nous pr\u00e9venir quelques jours avant votre arriv\u00e9e afin que nous puissions vous accueillirent dans les meilleures conditions.<\/p>\n<p>Bagagerie possible le jour de votre arriv\u00e9e et\/ou de votre d\u00e9part.<\/p>\n<p>Situ\u00e9 au c\u0153ur du quartier de Charonne \u2013 St Blaise, de nombreuses activit\u00e9s et loisirs seront \u00e0 votre disposition. La meilleure fa\u00e7on de d\u00e9couvrir le quartier St Blaise est bien \u00e9videment \u00e0 pied. Ce qui vous conduira \u00e0 l\u2019\u00e9glise Saint-Germain de Charonne. En remontant la rue de la R\u00e9union, vous arriverez au Cimeti\u00e8re du P\u00e8re Lachaise.<\/p>\n<p>En quelques tours de roue (V\u00e9lib\u2019), en site prot\u00e9g\u00e9, vous appr\u00e9cierez le bois de Vincennes avec son le ch\u00e2teau et son hippodrome.<\/p>\n<p>Bien entendu, gr\u00e2ce au tr\u00e8s bon maillage des transports en commun parisien, vous serez proche de n\u2019importe quel autre quartier\u2026 Et entre autres celui du Marais gr\u00e2ce \u00e0 la ligne 1 du m\u00e9tro ou \u00e0 la ligne N11 des bus de nuit (Noctilien) pour profiter pleinement des nuits parisiennes. Ces m\u00eames lignes desservent aussi l\u2019Op\u00e9ra National de la Bastille &amp; le Centre Georges Pompidou (Mus\u00e9e d\u2019art Moderne).<\/p>\n","protected":false},"excerpt":{"rendered":"<p>2 bedroom suite &#8211; double bed 140 cm &#8211; Private bathroom &#8211; 4 pers. max La chambre se situe dans notre appartement \u00e0 l\u2019int\u00e9rieur chaleureux avec parquet et au sein d\u2019une r\u00e9sidence poss\u00e9dant un ascenseur. Chambre d&#8217;h\u00f4tes avec salle de bain attenante \u00e0 usage privatif pour 4 personnes max. (2 chambre attenante \u00e0 la premiere<a class=\"more-link\" href=\"https:\/\/booking-gaysejour.com\/gb\/guide\/chambre-hotes-paris-20\/\">Read more  &#10230;<\/a><\/p>\n","protected":false},"featured_media":67463,"template":"","meta":[],"product_brand":[],"product_cat":[741,800],"product_tag":[1610],"class_list":{"0":"post-63441","1":"product","2":"type-product","3":"status-publish","4":"has-post-thumbnail","6":"product_cat-france-gb","7":"product_cat-ile-de-france-gb-2","8":"product_tag-instant-booking","9":"pa_1-type-gay-men-only","10":"pa_1-type-chambre-hotes-gb","11":"pa_2-chambre-et-salle-de-bain-bathroom-towel","12":"pa_2-chambre-et-salle-de-bain-beach-towel","13":"pa_2-chambre-et-salle-de-bain-fan","14":"pa_2-chambre-et-salle-de-bain-hair-dryer","15":"pa_2-chambre-et-salle-de-bain-linen","16":"pa_2-chambre-et-salle-de-bain-private-bathroom","17":"pa_2-chambre-et-salle-de-bain-tv-chambre-gb","18":"pa_2-chambre-et-salle-de-bain-placard-penderie-gb","19":"pa_2-chambre-et-salle-de-bain-wc-privatif-gb","20":"pa_5-services-free-parking-nearby","21":"pa_5-services-table-dhotes-gb-2","22":"pa_5-services-washer","23":"pa_5-services-wifi-gratuit","24":"pa_6-installations-elevator","25":"yith_shop_vendor-les-jardins-de-tolain-paris-20","27":"first","28":"instock","29":"virtual","30":"sold-individually","31":"purchasable","32":"product-type-booking"},"_links":{"self":[{"href":"https:\/\/booking-gaysejour.com\/gb\/wp-json\/wp\/v2\/product\/63441","targetHints":{"allow":["GET"]}}],"collection":[{"href":"https:\/\/booking-gaysejour.com\/gb\/wp-json\/wp\/v2\/product"}],"about":[{"href":"https:\/\/booking-gaysejour.com\/gb\/wp-json\/wp\/v2\/types\/product"}],"wp:featuredmedia":[{"embeddable":true,"href":"https:\/\/booking-gaysejour.com\/gb\/wp-json\/wp\/v2\/media\/67463"}],"wp:attachment":[{"href":"https:\/\/booking-gaysejour.com\/gb\/wp-json\/wp\/v2\/media?parent=63441"}],"wp:term":[{"taxonomy":"product_brand","embeddable":true,"href":"https:\/\/booking-gaysejour.com\/gb\/wp-json\/wp\/v2\/product_brand?post=63441"},{"taxonomy":"product_cat","embeddable":true,"href":"https:\/\/booking-gaysejour.com\/gb\/wp-json\/wp\/v2\/product_cat?post=63441"},{"taxonomy":"product_tag","embeddable":true,"href":"https:\/\/booking-gaysejour.com\/gb\/wp-json\/wp\/v2\/product_tag?post=63441"}],"curies":[{"name":"wp","href":"https:\/\/api.w.org\/{rel}","templated":true}]}}