{"id":63444,"date":"2021-06-02T20:19:51","date_gmt":"2021-06-02T18:19:51","guid":{"rendered":"https:\/\/booking-gaysejour.com\/room\/le-seize-location-de-vacances-maison-independante\/"},"modified":"2025-03-18T16:39:04","modified_gmt":"2025-03-18T15:39:04","slug":"le-seize-location-de-vacances-maison-independante","status":"publish","type":"product","link":"https:\/\/booking-gaysejour.com\/gb\/guide\/le-seize-location-de-vacances-maison-independante\/","title":{"rendered":"Maison ind\u00e9pendante @ Le Seize\u2013 Bennecourt"},"content":{"rendered":"<h3>Location de vacances &#8211; 8 pers. max &#8211; 3 chambres &#8211; 2 nuit\u00e9es minimum<\/h3>\n<p>Situ\u00e9 au calme \u00e0 proximit\u00e9 de Giverny et pr\u00e8s du <strong>parc naturel r\u00e9gional du Vexin francais<\/strong>, sur une boucle de la <strong>Seine<\/strong>, Le Seize (140m\u00b2) vous offre un cadre agr\u00e9able et reposant.<\/p>\n<p><strong>Au rez-de-chauss\u00e9e :<\/strong><br \/>\n&#8211; S\u00e9jour avec canap\u00e9 convertible, TV \u00e9cran plat, cuisine ouverte avec 4 plaques vitro, four, micro-ondes, cafeti\u00e8re \u00e0 dosette.<br \/>\n&#8211; Buanderie avec lave-linge, s\u00e8che-linge, cong\u00e9lateur, chaise et baignoire b\u00e9b\u00e9.<br \/>\n&#8211; Salle d&#8217;eau avec douche cabine, vasque et WC.<\/p>\n<p><strong>A l&#8217;\u00e9tage :<\/strong><br \/>\n&#8211; Suite romantique : 1 lit 160&#215;200, chambrette pour b\u00e9b\u00e9 avec lit et table \u00e0 langer, coin salon avec canap\u00e9 et TV, salle d&#8217;eau privative avec douche cabine, vasque et WC.<br \/>\n&#8211; Suite orientale : 1 lit 160\u00d7200, TV \u00e9cran plat, salle d\u2019eau privative avec douche cabine, vasque et WC.<br \/>\n&#8211; Chambre avec 2 lits 90&#215;190<br \/>\n&#8211; Coin d\u00e9tente entre les 3 chambres avec canap\u00e9, table basse et armoires.<\/p>\n<p><strong>A l&#8217;ext\u00e9rieur :<\/strong><br \/>\n&#8211; Stationnement privatif et s\u00e9curis\u00e9 jusque 3 v\u00e9hicules.<br \/>\n&#8211; Jardin et terrasse privatifs avec salon de jardin et barbecue.<\/p>\n<p><strong>Aux alentours :<\/strong><br \/>\nA 6 km du ch\u00e2teau de la Roche Guyon, \u00e0 7 km de<strong> Giverny<\/strong> (fondation <strong>Claude Monet<\/strong>, mus\u00e9e des impressionnistes), \u00e0 17 km de<strong> Mantes-la-Jolie<\/strong> (Coll\u00e9giale Notre Dame de Mantes, mus\u00e9e de l&#8217;H\u00f4tel Dieu), \u00e0 17 km du Domaine de Villarceaux, \u00e0 30 km du ch\u00e2teau d&#8217;Anet, \u00e0 31 km du Ch\u00e2teau de Thoiry, \u00e0 34 km d&#8217;Evreux (<strong>cath\u00e9dral Notre Dame d&#8217;Evreux<\/strong>), \u00e0 47 km de St Germain en Laye, 58 km de Versailles, 59 km de Paris et \u00e0 137 km des plages normandes.<\/p>\n<p>Bennecourt est pr\u00eat de tout, et loin de la ville \u00e0 la fois.<\/p>\n<p>Venez vous ressourcer en quelques minutes de voiture, et profitez de tout ce que les Yvelines et le Vexin vous offrent.<\/p>\n<p><strong>Vous venez en couple ou seul ?<\/strong> Vous pouvez \u00e9galement louer la suite romantique ou orientale \u00e0 moindre co\u00fbt dans l&#8217;annonce ci-dessous.<\/p>\n","protected":false},"excerpt":{"rendered":"<p>Location de vacances &#8211; 8 pers. max &#8211; 3 chambres &#8211; 2 nuit\u00e9es minimum Situ\u00e9 au calme \u00e0 proximit\u00e9 de Giverny et pr\u00e8s du parc naturel r\u00e9gional du Vexin francais, sur une boucle de la Seine, Le Seize (140m\u00b2) vous offre un cadre agr\u00e9able et reposant. Au rez-de-chauss\u00e9e : &#8211; S\u00e9jour avec canap\u00e9 convertible, TV<a class=\"more-link\" href=\"https:\/\/booking-gaysejour.com\/gb\/guide\/le-seize-location-de-vacances-maison-independante\/\">Read more  &#10230;<\/a><\/p>\n","protected":false},"featured_media":52454,"template":"","meta":[],"product_brand":[],"product_cat":[1928,741,800,1059],"product_tag":[],"class_list":{"0":"post-63444","1":"product","2":"type-product","3":"status-publish","4":"has-post-thumbnail","6":"product_cat-hebergement-gb","7":"product_cat-france-gb","8":"product_cat-ile-de-france-gb-2","9":"product_cat-vacation-rental","10":"pa_1-type-holiday-rental","11":"pa_2-chambre-et-salle-de-bain-air-conditioning","12":"pa_2-chambre-et-salle-de-bain-bathroom-towel","13":"pa_2-chambre-et-salle-de-bain-beach-towel","14":"pa_2-chambre-et-salle-de-bain-linen","15":"pa_2-chambre-et-salle-de-bain-private-bathroom","16":"pa_2-chambre-et-salle-de-bain-tv-chambre-gb","17":"pa_2-chambre-et-salle-de-bain-terrasse-privative-gb","18":"pa_2-chambre-et-salle-de-bain-placard-penderie-gb","19":"pa_2-chambre-et-salle-de-bain-wc-privatif-gb","20":"pa_5-services-climatisation-gb-2","21":"pa_5-services-parking-on-premise","22":"pa_5-services-washer","23":"pa_5-services-wifi-gratuit","24":"pa_6-installations-tv-room","25":"yith_shop_vendor-le-seize-yvelines-france","27":"first","28":"instock","29":"virtual","30":"sold-individually","31":"purchasable","32":"product-type-booking"},"_links":{"self":[{"href":"https:\/\/booking-gaysejour.com\/gb\/wp-json\/wp\/v2\/product\/63444","targetHints":{"allow":["GET"]}}],"collection":[{"href":"https:\/\/booking-gaysejour.com\/gb\/wp-json\/wp\/v2\/product"}],"about":[{"href":"https:\/\/booking-gaysejour.com\/gb\/wp-json\/wp\/v2\/types\/product"}],"wp:featuredmedia":[{"embeddable":true,"href":"https:\/\/booking-gaysejour.com\/gb\/wp-json\/wp\/v2\/media\/52454"}],"wp:attachment":[{"href":"https:\/\/booking-gaysejour.com\/gb\/wp-json\/wp\/v2\/media?parent=63444"}],"wp:term":[{"taxonomy":"product_brand","embeddable":true,"href":"https:\/\/booking-gaysejour.com\/gb\/wp-json\/wp\/v2\/product_brand?post=63444"},{"taxonomy":"product_cat","embeddable":true,"href":"https:\/\/booking-gaysejour.com\/gb\/wp-json\/wp\/v2\/product_cat?post=63444"},{"taxonomy":"product_tag","embeddable":true,"href":"https:\/\/booking-gaysejour.com\/gb\/wp-json\/wp\/v2\/product_tag?post=63444"}],"curies":[{"name":"wp","href":"https:\/\/api.w.org\/{rel}","templated":true}]}}