{"id":63446,"date":"2021-01-08T16:20:02","date_gmt":"2021-01-08T15:20:02","guid":{"rendered":"https:\/\/booking-gaysejour.com\/room\/appartement-dhotes-aux-batignoles\/"},"modified":"2025-03-18T16:36:25","modified_gmt":"2025-03-18T15:36:25","slug":"appartement-dhotes-aux-batignoles","status":"publish","type":"product","link":"https:\/\/booking-gaysejour.com\/gb\/guide\/appartement-dhotes-aux-batignoles\/","title":{"rendered":"Appartement d&#8217;h\u00f4tes aux Batignoles @ Paris"},"content":{"rendered":"<h3>Appartement d&#8217;h\u00f4tes 53 m2 &#8211; 4 pers. max.<\/h3>\n<div>Nous habitons un double appartement de 53 et 57 m2 (les deux appartement sont contigus et ind\u00e9pendants) au 7\u00e8me \u00e9tage avec ascenseur d&#8217;un immeuble cossu des ann\u00e9es 1930 dans le quartier tr\u00e8s commer\u00e7ant des Batignolles.<\/div>\n<div><\/div>\n<p style=\"margin: 0px;\">Nous mettons \u00e0 votre disposition l&#8217;appartement d&#8217;h\u00f4te de 53 m2 jusqu&#8217;\u00e0 4 personnes avec 1 chambre, 1 salon avec canap\u00e9 convertible, pi\u00e8ce pour les repas, cuisine et salle de bains.<\/p>\n<p>Le petit d\u00e9jeuner est compris et la cuisine vous permet de pr\u00e9parer vos repas.<\/p>\n<h6>Num\u00e9ro d&#8217;enregistrement : 7511701299715<\/h6>\n","protected":false},"excerpt":{"rendered":"<p>Appartement d&#8217;h\u00f4tes 53 m2 &#8211; 4 pers. max. Nous habitons un double appartement de 53 et 57 m2 (les deux appartement sont contigus et ind\u00e9pendants) au 7\u00e8me \u00e9tage avec ascenseur d&#8217;un immeuble cossu des ann\u00e9es 1930 dans le quartier tr\u00e8s commer\u00e7ant des Batignolles. Nous mettons \u00e0 votre disposition l&#8217;appartement d&#8217;h\u00f4te de 53 m2 jusqu&#8217;\u00e0 4<a class=\"more-link\" href=\"https:\/\/booking-gaysejour.com\/gb\/guide\/appartement-dhotes-aux-batignoles\/\">Read more  &#10230;<\/a><\/p>\n","protected":false},"featured_media":46231,"template":"","meta":[],"product_brand":[],"product_cat":[1928,741,800],"product_tag":[],"class_list":{"0":"post-63446","1":"product","2":"type-product","3":"status-publish","4":"has-post-thumbnail","6":"product_cat-hebergement-gb","7":"product_cat-france-gb","8":"product_cat-ile-de-france-gb-2","9":"pa_1-type-chambre-hotes-gb","10":"pa_2-chambre-et-salle-de-bain-bathroom-towel","11":"pa_2-chambre-et-salle-de-bain-private-bathroom","12":"pa_2-chambre-et-salle-de-bain-tv-chambre-gb","13":"pa_5-services-wifi-gratuit","14":"pa_6-installations-tv-room","15":"yith_shop_vendor-bb-aux-batignoles-paris-gb","17":"first","18":"instock","19":"virtual","20":"sold-individually","21":"purchasable","22":"product-type-booking"},"_links":{"self":[{"href":"https:\/\/booking-gaysejour.com\/gb\/wp-json\/wp\/v2\/product\/63446","targetHints":{"allow":["GET"]}}],"collection":[{"href":"https:\/\/booking-gaysejour.com\/gb\/wp-json\/wp\/v2\/product"}],"about":[{"href":"https:\/\/booking-gaysejour.com\/gb\/wp-json\/wp\/v2\/types\/product"}],"wp:featuredmedia":[{"embeddable":true,"href":"https:\/\/booking-gaysejour.com\/gb\/wp-json\/wp\/v2\/media\/46231"}],"wp:attachment":[{"href":"https:\/\/booking-gaysejour.com\/gb\/wp-json\/wp\/v2\/media?parent=63446"}],"wp:term":[{"taxonomy":"product_brand","embeddable":true,"href":"https:\/\/booking-gaysejour.com\/gb\/wp-json\/wp\/v2\/product_brand?post=63446"},{"taxonomy":"product_cat","embeddable":true,"href":"https:\/\/booking-gaysejour.com\/gb\/wp-json\/wp\/v2\/product_cat?post=63446"},{"taxonomy":"product_tag","embeddable":true,"href":"https:\/\/booking-gaysejour.com\/gb\/wp-json\/wp\/v2\/product_tag?post=63446"}],"curies":[{"name":"wp","href":"https:\/\/api.w.org\/{rel}","templated":true}]}}