{"id":63448,"date":"2022-04-27T21:31:42","date_gmt":"2022-04-27T19:31:42","guid":{"rendered":"https:\/\/booking-gaysejour.com\/room\/studio-le-clos-des-marronniers\/"},"modified":"2025-03-18T16:36:14","modified_gmt":"2025-03-18T15:36:14","slug":"studio-le-clos-des-marronniers","status":"publish","type":"product","link":"https:\/\/booking-gaysejour.com\/gb\/guide\/studio-le-clos-des-marronniers\/","title":{"rendered":"Studio @ Le Clos des Marronniers &#8211; Saumur"},"content":{"rendered":"<h3>Studio enti\u00e8rement \u00e9quip\u00e9\u00a0 &#8211; 2 pers. max<\/h3>\n<p>A 10 mn de Saumur, au coeur d&#8217;un village typique de l&#8217;Anjou, calme assur\u00e9 pour ce studio 2\/3 personne de bon confort, avec une entr\u00e9e individuelle, \u00e0 quelques m\u00e8tres de la piscine et du jardin.<\/p>\n<p>Pi\u00e8ce \u00e0 vivre avec literie de qualit\u00e9 et couchette\/mezzanine &#8211; cuisine \u00e9quip\u00e9e avec lave-vaisselle et cafeti\u00e8re Sens\u00e9o &#8211; terrasse privative &#8211; acc\u00e8s terrasse\/cuisine avec barbecue\u00a0 &#8211; acc\u00e8s piscine 11h\/21H &#8211; parking en priv\u00e9 &#8211; local v\u00e9lo.<\/p>\n<p>Les clients des 2\u00a0 autres chambres de la maison ont acc\u00e8s \u00e0 la piscine et\u00a0 installation\u00a0 (4 pers max), vous \u00eates susceptibles de les croiser sur les terrasses de la piscine lors des baignades &#8211; et dans le jardin au bronzarium.<\/p>\n<p>Les alentours : Saumur \u00e0 10 km &#8211; ch\u00e2teau et for\u00eat \u00e0 1km. Nombreux parcours balis\u00e9s depuis la maison (vtt et p\u00e9destres). Accueil dans un typique village de l&#8217;Anjou.<\/p>\n<p>Naturisme possible\u00a0 &#8211;\u00a0 A 200m restaurant du village\u00a0en terrasse \u00e0 prix modique tous les midis\u00a0 &#8211; kiosque \u00e0 pizza &#8211;<\/p>\n<p>Autour de la piscine et au jardin ; vous croiserez les occupants des 2\u00a0 locatifs touristiques de la maison et de la chambre partag\u00e9e .<\/p>\n<p>&nbsp;<\/p>\n","protected":false},"excerpt":{"rendered":"<p>Studio enti\u00e8rement \u00e9quip\u00e9\u00a0 &#8211; 2 pers. max A 10 mn de Saumur, au coeur d&#8217;un village typique de l&#8217;Anjou, calme assur\u00e9 pour ce studio 2\/3 personne de bon confort, avec une entr\u00e9e individuelle, \u00e0 quelques m\u00e8tres de la piscine et du jardin. Pi\u00e8ce \u00e0 vivre avec literie de qualit\u00e9 et couchette\/mezzanine &#8211; cuisine \u00e9quip\u00e9e avec<a class=\"more-link\" href=\"https:\/\/booking-gaysejour.com\/gb\/guide\/studio-le-clos-des-marronniers\/\">Read more  &#10230;<\/a><\/p>\n","protected":false},"featured_media":59976,"template":"","meta":[],"product_brand":[],"product_cat":[1928,741,801,1059],"product_tag":[],"class_list":{"0":"post-63448","1":"product","2":"type-product","3":"status-publish","4":"has-post-thumbnail","6":"product_cat-hebergement-gb","7":"product_cat-france-gb","8":"product_cat-the-loire-country","9":"product_cat-vacation-rental","10":"yith_shop_vendor-le-clos-des-marronniers-maine-et-loire","12":"first","13":"instock","14":"virtual","15":"sold-individually","16":"purchasable","17":"product-type-booking"},"_links":{"self":[{"href":"https:\/\/booking-gaysejour.com\/gb\/wp-json\/wp\/v2\/product\/63448","targetHints":{"allow":["GET"]}}],"collection":[{"href":"https:\/\/booking-gaysejour.com\/gb\/wp-json\/wp\/v2\/product"}],"about":[{"href":"https:\/\/booking-gaysejour.com\/gb\/wp-json\/wp\/v2\/types\/product"}],"wp:featuredmedia":[{"embeddable":true,"href":"https:\/\/booking-gaysejour.com\/gb\/wp-json\/wp\/v2\/media\/59976"}],"wp:attachment":[{"href":"https:\/\/booking-gaysejour.com\/gb\/wp-json\/wp\/v2\/media?parent=63448"}],"wp:term":[{"taxonomy":"product_brand","embeddable":true,"href":"https:\/\/booking-gaysejour.com\/gb\/wp-json\/wp\/v2\/product_brand?post=63448"},{"taxonomy":"product_cat","embeddable":true,"href":"https:\/\/booking-gaysejour.com\/gb\/wp-json\/wp\/v2\/product_cat?post=63448"},{"taxonomy":"product_tag","embeddable":true,"href":"https:\/\/booking-gaysejour.com\/gb\/wp-json\/wp\/v2\/product_tag?post=63448"}],"curies":[{"name":"wp","href":"https:\/\/api.w.org\/{rel}","templated":true}]}}