{"id":63449,"date":"2022-04-27T22:03:48","date_gmt":"2022-04-27T20:03:48","guid":{"rendered":"https:\/\/booking-gaysejour.com\/room\/chambre-dhotes-papillon-le-clos-des-marronniers\/"},"modified":"2025-03-18T16:36:14","modified_gmt":"2025-03-18T15:36:14","slug":"chambre-dhotes-papillon-le-clos-des-marronniers","status":"publish","type":"product","link":"https:\/\/booking-gaysejour.com\/gb\/guide\/chambre-dhotes-papillon-le-clos-des-marronniers\/","title":{"rendered":"Chambre Papillon @ Le Clos des Marronniers &#8211; Saumur"},"content":{"rendered":"<h3>Chambre d&#8217;h\u00f4tes &#8211; salle de bains privative &#8211; 2 pers. max<\/h3>\n<p>La chambre Papillon est expos\u00e9e sud-ouest avec vue sur la terrasse et la piscine. Elle est \u00e9quip\u00e9e d&#8217;une douche italienne &#8211; wc ind\u00e9pendant &#8211; acc\u00e8s au salon et \u00e0 la cuisine en partage avec le propri\u00e9taire le soir si besoin.<\/p>\n<p>Vous avez \u00e9galement \u00e0 votre disposition un barbecue et grille-viande sur la terrasse pour une viande grill\u00e9e ou petit repas du soir.<\/p>\n<p>Le parking est en priv\u00e9 et un abri v\u00e9lo est disponible sur le jardin.<\/p>\n<p>Le petit d\u00e9jeuner est pris en terrasse par beau temps (caf\u00e9 &#8211; th\u00e9 &#8211; chocolats &#8211; pains &#8211; viennoiseries)<\/p>\n<p>Les alentours : Saumur \u00e0 10km &#8211; ch\u00e2teau et for\u00eat \u00e0 1km. Nombreux parcours balis\u00e9s depuis la maison (vtt et p\u00e9destres). Accueil dans un typique village de l&#8217;Anjou.<\/p>\n<p>Naturisme possible\u00a0 &#8211;\u00a0 A 200m restaurant du village\u00a0en terrasse \u00e0 prix modique tous les midis\u00a0 &#8211; kiosque \u00e0 pizza &#8211;<\/p>\n<p>Autour de la piscine et au jardin ; vous croiserez les occupants des 2\u00a0 locatifs touristiques de la maison et de la chambre partag\u00e9e .<\/p>\n<p>&nbsp;<\/p>\n","protected":false},"excerpt":{"rendered":"<p>Chambre d&#8217;h\u00f4tes &#8211; salle de bains privative &#8211; 2 pers. max La chambre Papillon est expos\u00e9e sud-ouest avec vue sur la terrasse et la piscine. Elle est \u00e9quip\u00e9e d&#8217;une douche italienne &#8211; wc ind\u00e9pendant &#8211; acc\u00e8s au salon et \u00e0 la cuisine en partage avec le propri\u00e9taire le soir si besoin. Vous avez \u00e9galement \u00e0<a class=\"more-link\" href=\"https:\/\/booking-gaysejour.com\/gb\/guide\/chambre-dhotes-papillon-le-clos-des-marronniers\/\">Read more  &#10230;<\/a><\/p>\n","protected":false},"featured_media":59998,"template":"","meta":[],"product_brand":[],"product_cat":[1928,741,1038,801],"product_tag":[],"class_list":{"0":"post-63449","1":"product","2":"type-product","3":"status-publish","4":"has-post-thumbnail","6":"product_cat-hebergement-gb","7":"product_cat-france-gb","8":"product_cat-guesthouse-bnb","9":"product_cat-the-loire-country","10":"yith_shop_vendor-le-clos-des-marronniers-maine-et-loire","11":"yith_booking_service-petit-dejeuner-inclus-gb","13":"first","14":"instock","15":"virtual","16":"sold-individually","17":"purchasable","18":"product-type-booking"},"_links":{"self":[{"href":"https:\/\/booking-gaysejour.com\/gb\/wp-json\/wp\/v2\/product\/63449","targetHints":{"allow":["GET"]}}],"collection":[{"href":"https:\/\/booking-gaysejour.com\/gb\/wp-json\/wp\/v2\/product"}],"about":[{"href":"https:\/\/booking-gaysejour.com\/gb\/wp-json\/wp\/v2\/types\/product"}],"wp:featuredmedia":[{"embeddable":true,"href":"https:\/\/booking-gaysejour.com\/gb\/wp-json\/wp\/v2\/media\/59998"}],"wp:attachment":[{"href":"https:\/\/booking-gaysejour.com\/gb\/wp-json\/wp\/v2\/media?parent=63449"}],"wp:term":[{"taxonomy":"product_brand","embeddable":true,"href":"https:\/\/booking-gaysejour.com\/gb\/wp-json\/wp\/v2\/product_brand?post=63449"},{"taxonomy":"product_cat","embeddable":true,"href":"https:\/\/booking-gaysejour.com\/gb\/wp-json\/wp\/v2\/product_cat?post=63449"},{"taxonomy":"product_tag","embeddable":true,"href":"https:\/\/booking-gaysejour.com\/gb\/wp-json\/wp\/v2\/product_tag?post=63449"}],"curies":[{"name":"wp","href":"https:\/\/api.w.org\/{rel}","templated":true}]}}