{"id":63450,"date":"2022-04-14T11:14:46","date_gmt":"2022-04-14T09:14:46","guid":{"rendered":"https:\/\/booking-gaysejour.com\/room\/maison-caraibes-saint-francois-guadeloupe\/"},"modified":"2025-03-18T16:39:00","modified_gmt":"2025-03-18T15:39:00","slug":"maison-caraibes-saint-francois-guadeloupe","status":"publish","type":"product","link":"https:\/\/booking-gaysejour.com\/gb\/guide\/maison-caraibes-saint-francois-guadeloupe\/","title":{"rendered":"Maison caraibes @ Saint-Fran\u00e7ois (Guadeloupe)"},"content":{"rendered":"<h3>2 chambres &#8211; 4 pers. max &#8211; 3 nuits minimum<\/h3>\n<p>Maison caraibes dans jardin tropical\u00a0 au milieu d&#8217;avocatier, bananiers,\u00a0 maracudjas<\/p>\n<p>Vous pourrez vous d\u00e9tendre \u00e0 5 minutes de la plage des raisins clairs qui se trouve \u00e0 12KM de celle de TARARE Naturiste, 10MN de Saint Francois et de la Marina.<\/p>\n<p>Parking gratuit sur place<\/p>\n<p>Accueil par Brigitte et Olivier<\/p>\n<p>1er petit d\u00e9jeuner et ap\u00e9ritif de bienvenue offert<\/p>\n","protected":false},"excerpt":{"rendered":"<p>2 chambres &#8211; 4 pers. max &#8211; 3 nuits minimum Maison caraibes dans jardin tropical\u00a0 au milieu d&#8217;avocatier, bananiers,\u00a0 maracudjas Vous pourrez vous d\u00e9tendre \u00e0 5 minutes de la plage des raisins clairs qui se trouve \u00e0 12KM de celle de TARARE Naturiste, 10MN de Saint Francois et de la Marina. Parking gratuit sur place<a class=\"more-link\" href=\"https:\/\/booking-gaysejour.com\/gb\/guide\/maison-caraibes-saint-francois-guadeloupe\/\">Read more  &#10230;<\/a><\/p>\n","protected":false},"featured_media":59768,"template":"","meta":[],"product_brand":[],"product_cat":[1928,884,741,1059],"product_tag":[],"class_list":{"0":"post-63450","1":"product","2":"type-product","3":"status-publish","4":"has-post-thumbnail","6":"product_cat-hebergement-gb","7":"product_cat-dom-tom-gb","8":"product_cat-france-gb","9":"product_cat-vacation-rental","10":"yith_shop_vendor-mister-gilbert-gay-holiday-rental-bandb","12":"first","13":"instock","14":"virtual","15":"sold-individually","16":"purchasable","17":"product-type-booking"},"_links":{"self":[{"href":"https:\/\/booking-gaysejour.com\/gb\/wp-json\/wp\/v2\/product\/63450","targetHints":{"allow":["GET"]}}],"collection":[{"href":"https:\/\/booking-gaysejour.com\/gb\/wp-json\/wp\/v2\/product"}],"about":[{"href":"https:\/\/booking-gaysejour.com\/gb\/wp-json\/wp\/v2\/types\/product"}],"wp:featuredmedia":[{"embeddable":true,"href":"https:\/\/booking-gaysejour.com\/gb\/wp-json\/wp\/v2\/media\/59768"}],"wp:attachment":[{"href":"https:\/\/booking-gaysejour.com\/gb\/wp-json\/wp\/v2\/media?parent=63450"}],"wp:term":[{"taxonomy":"product_brand","embeddable":true,"href":"https:\/\/booking-gaysejour.com\/gb\/wp-json\/wp\/v2\/product_brand?post=63450"},{"taxonomy":"product_cat","embeddable":true,"href":"https:\/\/booking-gaysejour.com\/gb\/wp-json\/wp\/v2\/product_cat?post=63450"},{"taxonomy":"product_tag","embeddable":true,"href":"https:\/\/booking-gaysejour.com\/gb\/wp-json\/wp\/v2\/product_tag?post=63450"}],"curies":[{"name":"wp","href":"https:\/\/api.w.org\/{rel}","templated":true}]}}