{"id":63451,"date":"2022-03-24T18:30:07","date_gmt":"2022-03-24T17:30:07","guid":{"rendered":"https:\/\/booking-gaysejour.com\/room\/chambres-dhote-gay-sur-le-bassin-darcachon\/"},"modified":"2025-03-18T16:36:15","modified_gmt":"2025-03-18T15:36:15","slug":"chambres-dhote-gay-sur-le-bassin-darcachon","status":"publish","type":"product","link":"https:\/\/booking-gaysejour.com\/gb\/guide\/chambres-dhote-gay-sur-le-bassin-darcachon\/","title":{"rendered":"Chambres d&#8217;h\u00f4te gay @ Bassin d&#8217;Arcachon"},"content":{"rendered":"<p><strong>Deux chambres<\/strong>\u00a0dans une maison individuelle, en bordure du \u00a0Bassin d\u2019Arcachon situ\u00e9e dans un quartier r\u00e9sidentielau, calme, proche des pr\u00e9s sal\u00e9s et du sentier du littoral, sur un<strong>\u00a0terrain arbor\u00e9, sans vis \u00e0 vis<\/strong>.<\/p>\n<p>Soyez comme \u00e0 la maison!<\/p>\n<p><strong>Piscine chauff\u00e9e<\/strong>\u00a0avec transats &#8211; sans vis \u00e0 vis &#8211; naturisme possible.<\/p>\n<p>Proximit\u00e9 du port ostr\u00e9icole de La teste, avec restaurants, bars, commerces, cabanes de d\u00e9gustation d&#8217;hu\u00eetres.<\/p>\n<p><strong>Tous commerces \u00e0 proximit\u00e9\u00a0<\/strong>: boulangerie, restaurants, bars, poissonnerie, bouchers, primeurs<\/p>\n<p>Salle de bain \u00a0&#8211; WC ind\u00e9pendant &#8211; Wifi gratuit &#8211; garage voiture &#8211; abri v\u00e9los &#8211; enceintes connect\u00e9es \u00e0 disposition &#8211; Animaux non autoris\u00e9s &#8211; maison non fumeur Jui<\/p>\n","protected":false},"excerpt":{"rendered":"<p>Deux chambres\u00a0dans une maison individuelle, en bordure du \u00a0Bassin d\u2019Arcachon situ\u00e9e dans un quartier r\u00e9sidentielau, calme, proche des pr\u00e9s sal\u00e9s et du sentier du littoral, sur un\u00a0terrain arbor\u00e9, sans vis \u00e0 vis. Soyez comme \u00e0 la maison! Piscine chauff\u00e9e\u00a0avec transats &#8211; sans vis \u00e0 vis &#8211; naturisme possible. Proximit\u00e9 du port ostr\u00e9icole de La teste,<a class=\"more-link\" href=\"https:\/\/booking-gaysejour.com\/gb\/guide\/chambres-dhote-gay-sur-le-bassin-darcachon\/\">Read more  &#10230;<\/a><\/p>\n","protected":false},"featured_media":59360,"template":"","meta":[],"product_brand":[],"product_cat":[1928,799,741,1038],"product_tag":[1064,1324,1306],"class_list":{"0":"post-63451","1":"product","2":"type-product","3":"status-publish","4":"has-post-thumbnail","6":"product_cat-hebergement-gb","7":"product_cat-aquitaine","8":"product_cat-france-gb","9":"product_cat-guesthouse-bnb","10":"product_tag-gay-only-gb","11":"product_tag-naturism","12":"product_tag-naturiste-gb","13":"pa_1-type-gay-men-only","14":"pa_1-type-chambre-hotes-gb","15":"pa_1-type-naturism","16":"pa_2-chambre-et-salle-de-bain-private-bathroom","17":"yith_shop_vendor-chez-frederic-clement-sur-le-bassin-darcachon-gironde","19":"first","20":"instock","21":"virtual","22":"sold-individually","23":"purchasable","24":"product-type-booking"},"_links":{"self":[{"href":"https:\/\/booking-gaysejour.com\/gb\/wp-json\/wp\/v2\/product\/63451","targetHints":{"allow":["GET"]}}],"collection":[{"href":"https:\/\/booking-gaysejour.com\/gb\/wp-json\/wp\/v2\/product"}],"about":[{"href":"https:\/\/booking-gaysejour.com\/gb\/wp-json\/wp\/v2\/types\/product"}],"wp:featuredmedia":[{"embeddable":true,"href":"https:\/\/booking-gaysejour.com\/gb\/wp-json\/wp\/v2\/media\/59360"}],"wp:attachment":[{"href":"https:\/\/booking-gaysejour.com\/gb\/wp-json\/wp\/v2\/media?parent=63451"}],"wp:term":[{"taxonomy":"product_brand","embeddable":true,"href":"https:\/\/booking-gaysejour.com\/gb\/wp-json\/wp\/v2\/product_brand?post=63451"},{"taxonomy":"product_cat","embeddable":true,"href":"https:\/\/booking-gaysejour.com\/gb\/wp-json\/wp\/v2\/product_cat?post=63451"},{"taxonomy":"product_tag","embeddable":true,"href":"https:\/\/booking-gaysejour.com\/gb\/wp-json\/wp\/v2\/product_tag?post=63451"}],"curies":[{"name":"wp","href":"https:\/\/api.w.org\/{rel}","templated":true}]}}