{"id":63452,"date":"2022-04-05T14:34:28","date_gmt":"2022-04-05T12:34:28","guid":{"rendered":"https:\/\/booking-gaysejour.com\/room\/le-clos-des-roches\/"},"modified":"2025-03-18T16:39:00","modified_gmt":"2025-03-18T15:39:00","slug":"le-clos-des-roches","status":"publish","type":"product","link":"https:\/\/booking-gaysejour.com\/gb\/guide\/le-clos-des-roches\/","title":{"rendered":"Le Clos des Roches @ La bouille"},"content":{"rendered":"<h3>Location de vacances &#8211; 4 \u00e0 6 personnes &#8211; Parking &#8211; Piscine Chauff\u00e9e &#8211; 2 nuits minimum toute l&#8217;ann\u00e9e sauf juillet et aout\u00a0 : 7 nuits minimum.<\/h3>\n<p>Besoin de d\u00e9tente et de bien-\u00eatre pour vos prochaines vacances ou Week -end !! \u2764\ufe0f<\/p>\n<p>Envie de cocooning, de relaxation pour recharger vos batteries ??<\/p>\n<p>Pour tout cela, le g\u00eete Le Clos Des Roches est fait pour vous ..<\/p>\n<p>V\u00e9ritable havre de paix , Michael vous accueillera pour des vacances inoubliables en Normandie en plein c\u0153ur de notre charmant village de La Bouille !!<\/p>\n<p>En poussant ses portes, vous ne pourrez qu&#8217;\u00eatre conquis par son int\u00e9rieur convivial et soigneusement d\u00e9cor\u00e9 :<\/p>\n<p>&#8211; une belle pi\u00e8ce de vie lumineuse et sa cuisine am\u00e9nag\u00e9e \u00e9quip\u00e9e sera l&#8217;endroit r\u00eav\u00e9 pour vous retrouver en famille ou entre amis.<\/p>\n<p>Le soir venu, les 2 chambres avec leur salle de bains et WC privatifs vous convient \u00e0 profiter d&#8217;une nuit douce et reposante dans une atmosph\u00e8re \u00e9l\u00e9gante et raffin\u00e9e.<\/p>\n<p>A l\u2019ext\u00e9rieur, sa vaste terrasse ensoleill\u00e9e surplombant la piscine et le jardin arri\u00e8re vous offriront diff\u00e9rents lieux de d\u00e9tente et de partage.<\/p>\n<p>Pour le plaisir de tous, une piscine (12mx5m), enti\u00e8rement privative, chauff\u00e9e \u00e0 27\u00b0 minimum ( ouverte du 1er avril au 6 novembre) et un jaccuzi 5 places ouvert toute l&#8217;ann\u00e9e<\/p>\n<p>Soucieux de vous apporter tout le confort n\u00e9cessaire pour vous garantir de vraies vacances, tout est fourni\u00a0 : Linge de maison \/ de toilette \/ peignoirs de bains \/ serviettes de piscine<\/p>\n<p>Vos lits sont faits \u00e0 votre arriv\u00e9 afin de profiter de l\u2019int\u00e9gralit\u00e9 de votre s\u00e9jour,<\/p>\n<p>\u00c0 tr\u00e8s vite<\/p>\n<p>Micha\u00ebl &amp; \u00c9ric<\/p>\n<p>&nbsp;<\/p>\n","protected":false},"excerpt":{"rendered":"<p>Location de vacances &#8211; 4 \u00e0 6 personnes &#8211; Parking &#8211; Piscine Chauff\u00e9e &#8211; 2 nuits minimum toute l&#8217;ann\u00e9e sauf juillet et aout\u00a0 : 7 nuits minimum. Besoin de d\u00e9tente et de bien-\u00eatre pour vos prochaines vacances ou Week -end !! \u2764\ufe0f Envie de cocooning, de relaxation pour recharger vos batteries ?? Pour tout cela,<a class=\"more-link\" href=\"https:\/\/booking-gaysejour.com\/gb\/guide\/le-clos-des-roches\/\">Read more  &#10230;<\/a><\/p>\n","protected":false},"featured_media":59630,"template":"","meta":[],"product_brand":[],"product_cat":[1928,741,782,1059],"product_tag":[1859,1611],"class_list":{"0":"post-63452","1":"product","2":"type-product","3":"status-publish","4":"has-post-thumbnail","6":"product_cat-hebergement-gb","7":"product_cat-france-gb","8":"product_cat-normandy","9":"product_cat-vacation-rental","10":"product_tag-indoor-heated-swimming-pool","11":"product_tag-jacuzzi-gb","12":"pa_1-type-holiday-rental","13":"pa_2-chambre-et-salle-de-bain-bathroom-towel","14":"pa_2-chambre-et-salle-de-bain-beach-towel","15":"pa_2-chambre-et-salle-de-bain-hair-dryer","16":"pa_2-chambre-et-salle-de-bain-linen","17":"pa_2-chambre-et-salle-de-bain-private-bathroom","18":"pa_2-chambre-et-salle-de-bain-tv-chambre-gb","19":"pa_2-chambre-et-salle-de-bain-terrasse-privative-gb","20":"pa_2-chambre-et-salle-de-bain-placard-penderie-gb","21":"pa_2-chambre-et-salle-de-bain-wc-separes-gb","22":"pa_5-services-bathrobe","23":"pa_5-services-parking-on-premise","24":"pa_5-services-washer","25":"pa_5-services-wifi-gratuit","26":"pa_6-installations-garage-gb","27":"pa_6-installations-heaten-pool","28":"pa_6-installations-piscine-gb","29":"pa_6-installations-spa-gb","30":"pa_6-installations-tv-room","31":"yith_shop_vendor-le-clos-des-roches-seine-maritime","33":"first","34":"instock","35":"virtual","36":"sold-individually","37":"purchasable","38":"product-type-booking"},"_links":{"self":[{"href":"https:\/\/booking-gaysejour.com\/gb\/wp-json\/wp\/v2\/product\/63452","targetHints":{"allow":["GET"]}}],"collection":[{"href":"https:\/\/booking-gaysejour.com\/gb\/wp-json\/wp\/v2\/product"}],"about":[{"href":"https:\/\/booking-gaysejour.com\/gb\/wp-json\/wp\/v2\/types\/product"}],"wp:featuredmedia":[{"embeddable":true,"href":"https:\/\/booking-gaysejour.com\/gb\/wp-json\/wp\/v2\/media\/59630"}],"wp:attachment":[{"href":"https:\/\/booking-gaysejour.com\/gb\/wp-json\/wp\/v2\/media?parent=63452"}],"wp:term":[{"taxonomy":"product_brand","embeddable":true,"href":"https:\/\/booking-gaysejour.com\/gb\/wp-json\/wp\/v2\/product_brand?post=63452"},{"taxonomy":"product_cat","embeddable":true,"href":"https:\/\/booking-gaysejour.com\/gb\/wp-json\/wp\/v2\/product_cat?post=63452"},{"taxonomy":"product_tag","embeddable":true,"href":"https:\/\/booking-gaysejour.com\/gb\/wp-json\/wp\/v2\/product_tag?post=63452"}],"curies":[{"name":"wp","href":"https:\/\/api.w.org\/{rel}","templated":true}]}}