{"id":63454,"date":"2022-03-28T16:15:32","date_gmt":"2022-03-28T14:15:32","guid":{"rendered":"https:\/\/booking-gaysejour.com\/room\/appartement-a-erdeven\/"},"modified":"2022-12-09T15:58:38","modified_gmt":"2022-12-09T14:58:38","slug":"appartement-a-erdeven","status":"publish","type":"product","link":"https:\/\/booking-gaysejour.com\/gb\/guide\/appartement-a-erdeven\/","title":{"rendered":"Appartement @ Erdeven"},"content":{"rendered":"<h3>Location 2-4 pers.<\/h3>\n<p>Nous sommes en Bretagne et nous aurions un appartement \u00e0 mettre en location saisonni\u00e8re en r\u00e9sidence priv\u00e9e avec piscine, une laverie, local v\u00e9lo.<\/p>\n<p>Appartement de 27m2 carr\u00e9 avec coin espace \u00e0 vivre, coin cuisine avec r\u00e9frig\u00e9rateur, plaques \u00e9lectriques, mini-four, micro-onde,et cong\u00e9lateur, une chambre cabine avec deux lits superpos\u00e9s pour adultes et enfants ,\u00a0 salle de bains,une terrasse plein sud avec salon de jardin .<\/p>\n<p>R\u00e9sidence a 500m des plages donc une plage ou le naturisme est tol\u00e9r\u00e9, proche des villages d&#8217;Etel, Erdeven, Belz&#8230;<\/p>\n","protected":false},"excerpt":{"rendered":"<p>Location 2-4 pers. Nous sommes en Bretagne et nous aurions un appartement \u00e0 mettre en location saisonni\u00e8re en r\u00e9sidence priv\u00e9e avec piscine, une laverie, local v\u00e9lo. Appartement de 27m2 carr\u00e9 avec coin espace \u00e0 vivre, coin cuisine avec r\u00e9frig\u00e9rateur, plaques \u00e9lectriques, mini-four, micro-onde,et cong\u00e9lateur, une chambre cabine avec deux lits superpos\u00e9s pour adultes et enfants<a class=\"more-link\" href=\"https:\/\/booking-gaysejour.com\/gb\/guide\/appartement-a-erdeven\/\">Read more  &#10230;<\/a><\/p>\n","protected":false},"featured_media":59416,"template":"","meta":[],"product_brand":[],"product_cat":[1928,773,741,1059],"product_tag":[],"class_list":{"0":"post-63454","1":"product","2":"type-product","3":"status-publish","4":"has-post-thumbnail","6":"product_cat-hebergement-gb","7":"product_cat-brittany","8":"product_cat-france-gb","9":"product_cat-vacation-rental","10":"pa_1-type-holiday-rental","11":"pa_2-chambre-et-salle-de-bain-private-bathroom","12":"pa_6-installations-piscine-gb","13":"yith_shop_vendor-location-saisonniere-en-bretagne-morbihan-gb-2","15":"first","16":"instock","17":"virtual","18":"sold-individually","19":"purchasable","20":"product-type-booking"},"_links":{"self":[{"href":"https:\/\/booking-gaysejour.com\/gb\/wp-json\/wp\/v2\/product\/63454","targetHints":{"allow":["GET"]}}],"collection":[{"href":"https:\/\/booking-gaysejour.com\/gb\/wp-json\/wp\/v2\/product"}],"about":[{"href":"https:\/\/booking-gaysejour.com\/gb\/wp-json\/wp\/v2\/types\/product"}],"wp:featuredmedia":[{"embeddable":true,"href":"https:\/\/booking-gaysejour.com\/gb\/wp-json\/wp\/v2\/media\/59416"}],"wp:attachment":[{"href":"https:\/\/booking-gaysejour.com\/gb\/wp-json\/wp\/v2\/media?parent=63454"}],"wp:term":[{"taxonomy":"product_brand","embeddable":true,"href":"https:\/\/booking-gaysejour.com\/gb\/wp-json\/wp\/v2\/product_brand?post=63454"},{"taxonomy":"product_cat","embeddable":true,"href":"https:\/\/booking-gaysejour.com\/gb\/wp-json\/wp\/v2\/product_cat?post=63454"},{"taxonomy":"product_tag","embeddable":true,"href":"https:\/\/booking-gaysejour.com\/gb\/wp-json\/wp\/v2\/product_tag?post=63454"}],"curies":[{"name":"wp","href":"https:\/\/api.w.org\/{rel}","templated":true}]}}