{"id":63456,"date":"2022-03-14T13:43:08","date_gmt":"2022-03-14T12:43:08","guid":{"rendered":"https:\/\/booking-gaysejour.com\/room\/gite-naturiste-du-chartre-en-quercy\/"},"modified":"2025-03-18T16:39:01","modified_gmt":"2025-03-18T15:39:01","slug":"gite-naturiste-du-chartre-en-quercy","status":"publish","type":"product","link":"https:\/\/booking-gaysejour.com\/gb\/guide\/gite-naturiste-du-chartre-en-quercy\/","title":{"rendered":"G\u00eete Naturiste du Chartre @ Fourmagnac"},"content":{"rendered":"<h3>Gite 60 M2 &#8211; 3 pers. max.<\/h3>\n<p>Le g\u00eete naturiste du Charte est situ\u00e9 dans la commune de Fourmagnac \u00e0 12 km de Figeac et \u00e0 14 km de Lacapelle Marival dans le d\u00e9partement du Lot, la commune fait partie du Grand-Figeac entre Lot et C\u00e9l\u00e9.<\/p>\n<p>C&#8217;est une grange enti\u00e8rement am\u00e9nag\u00e9e de 60 m2 \u00e0 proximit\u00e9 d&#8217;un pigeonner, habit\u00e9 par les propri\u00e9taires. Cet ensemble est situ\u00e9 sur un hectare de terrain arbor\u00e9.<\/p>\n<p>Il se compose d&#8217;une premi\u00e8re pi\u00e8ce avec un coin cuisine, une table de salle \u00e0 manger et d&#8217;un coin d\u00e9tente avec un canap\u00e9 ouvrant permettant le couchage de 2 personnes ; d&#8217;une chambre \u00e0 coucher avec un lit double avec t\u00e9l\u00e9vision et d&#8217;une salle d&#8217;eau avec douche et WC. La lumi\u00e8re est apport\u00e9e par plusieurs v\u00e9lux occultant la lumi\u00e8re pour la nuit. L&#8217;eau et le chauffage sont \u00e9lectriques.<\/p>\n<p>Jardin terrasse pour d\u00e9jeuner en ext\u00e9rieur, acc\u00e8s \u00e0 la piscine des propri\u00e9taires (10X5 m)<\/p>\n<p>Equipement : R\u00e9frig\u00e9ateur\/cong\u00e9lateur, lave vaisselle, four traditionnel, four \u00e0 micro ondes, cafeti\u00e8re \u00e0 filtre et \u00e0 expresso, possible utilisation du lave linge, fer et planche \u00e0 repasser, TV et radio, Table et chaises de jardin, parasol, Parking voiture dans la propri\u00e9t\u00e9.<\/p>\n<p>Le large territoire du Grand Figeac situ\u00e9 \u00e0 l&#8217;Est du Lot puise son caract\u00e8re dans les vall\u00e9es du Lot et du C\u00e9l\u00e9. Proche des grands sites tels que Cahors, Conques ou Rocamadour, il s&#8217;enorgueillit de beaux villages : Cajarc, Faycelles, Capdenac-Le-Haut\u2026 Les paysages sont vari\u00e9s entre causses du Quercy et contreforts du Massif Central. En randonn\u00e9e \u00e0 pied ou \u00e0 v\u00e9lo, le naturel et l\u2019authenticit\u00e9 du Grand Figeac se d\u00e9voilent pleinement. Terre d&#8217;excellents produits du terroir et de gastronomie : la truffe, le foie gras, l\u2019agneau, le melon du Quercy&#8230; Des festivals de renom s&#8217;y d\u00e9roulent : Festival de Th\u00e9\u00e2tre et musique de Figeac et Saint C\u00e9r\u00e9 en \u00e9t\u00e9, Rencontres Musicales, Africajarc&#8230;&#8221; (tourisme-figeac.com)<\/p>\n<p>&nbsp;<\/p>\n","protected":false},"excerpt":{"rendered":"<p>Gite 60 M2 &#8211; 3 pers. max. Le g\u00eete naturiste du Charte est situ\u00e9 dans la commune de Fourmagnac \u00e0 12 km de Figeac et \u00e0 14 km de Lacapelle Marival dans le d\u00e9partement du Lot, la commune fait partie du Grand-Figeac entre Lot et C\u00e9l\u00e9. C&#8217;est une grange enti\u00e8rement am\u00e9nag\u00e9e de 60 m2 \u00e0<a class=\"more-link\" href=\"https:\/\/booking-gaysejour.com\/gb\/guide\/gite-naturiste-du-chartre-en-quercy\/\">Read more  &#10230;<\/a><\/p>\n","protected":false},"featured_media":59077,"template":"","meta":[],"product_brand":[],"product_cat":[1928,741,789,1059],"product_tag":[],"class_list":{"0":"post-63456","1":"product","2":"type-product","3":"status-publish","4":"has-post-thumbnail","6":"product_cat-hebergement-gb","7":"product_cat-france-gb","8":"product_cat-occitania","9":"product_cat-vacation-rental","10":"pa_1-type-holiday-rental","11":"pa_1-type-naturism","12":"pa_2-chambre-et-salle-de-bain-private-bathroom","13":"pa_2-chambre-et-salle-de-bain-tv-chambre-gb","14":"pa_5-services-parking-on-premise","15":"pa_5-services-wifi-gratuit","16":"pa_6-installations-piscine-gb","17":"yith_shop_vendor-holiday-cottage-le-chartre-le-lot","19":"first","20":"instock","21":"virtual","22":"sold-individually","23":"purchasable","24":"product-type-booking"},"_links":{"self":[{"href":"https:\/\/booking-gaysejour.com\/gb\/wp-json\/wp\/v2\/product\/63456","targetHints":{"allow":["GET"]}}],"collection":[{"href":"https:\/\/booking-gaysejour.com\/gb\/wp-json\/wp\/v2\/product"}],"about":[{"href":"https:\/\/booking-gaysejour.com\/gb\/wp-json\/wp\/v2\/types\/product"}],"wp:featuredmedia":[{"embeddable":true,"href":"https:\/\/booking-gaysejour.com\/gb\/wp-json\/wp\/v2\/media\/59077"}],"wp:attachment":[{"href":"https:\/\/booking-gaysejour.com\/gb\/wp-json\/wp\/v2\/media?parent=63456"}],"wp:term":[{"taxonomy":"product_brand","embeddable":true,"href":"https:\/\/booking-gaysejour.com\/gb\/wp-json\/wp\/v2\/product_brand?post=63456"},{"taxonomy":"product_cat","embeddable":true,"href":"https:\/\/booking-gaysejour.com\/gb\/wp-json\/wp\/v2\/product_cat?post=63456"},{"taxonomy":"product_tag","embeddable":true,"href":"https:\/\/booking-gaysejour.com\/gb\/wp-json\/wp\/v2\/product_tag?post=63456"}],"curies":[{"name":"wp","href":"https:\/\/api.w.org\/{rel}","templated":true}]}}