{"id":63457,"date":"2022-03-14T11:44:24","date_gmt":"2022-03-14T10:44:24","guid":{"rendered":"https:\/\/booking-gaysejour.com\/room\/studio-lou-pequelet-a-tarascon\/"},"modified":"2025-03-18T16:39:01","modified_gmt":"2025-03-18T15:39:01","slug":"studio-lou-pequelet-a-tarascon","status":"publish","type":"product","link":"https:\/\/booking-gaysejour.com\/gb\/guide\/studio-lou-pequelet-a-tarascon\/","title":{"rendered":"Studio Lou P\u00e9quelet @ Tarascon"},"content":{"rendered":"<h3>Studio 2 pers. enti\u00e8rement \u00e9quip\u00e9 avec\u00a0 piscine<br \/>\nLocation \u00e0 la semaine en Juillet &amp; Aout uniquement \/ 2 nuits minimum le reste de l&#8217;ann\u00e9e<\/h3>\n<p>Pascal &amp; Olivier vous accueillent dans un vieux mas proven\u00e7al et son studio ind\u00e9pendant climatis\u00e9 avec cuisine \u00e9quip\u00e9e (lave linge, lave vaisselle, frigo, micro onde combin\u00e9, sens\u00e9o, bouilloire, grille pain, barbecue&#8230;) entour\u00e9 d\u2019arbres fruitiers et de fleurs, dans le calme absolu.<\/p>\n<p>Situ\u00e9 entre Avignon, Arles et N\u00eemes, dans le fief de Tartarin.<\/p>\n<p>Vous pourrez farnienter au bord de la piscine (naturisme possible) et profiter du grand jardin de 3000m2, mais \u00e9galement d\u00e9couvrir \u00e0 moins d\u20191h, la r\u00e9gion : du vin, de l\u2019huile d\u2019olive, des flamants roses, des chevaux blancs et taureaux de Camargue, et vous arriverez les pieds dans l\u2019eau aux Saintes Marie de la Mer, ou un peu plus loin sur la plage naturiste de l\u2019Espiguette.<\/p>\n<p>Dans les alentours proches vous vous laisserez guider et contemplerez le village typique de Boulbon, les abbayes de St Michel de Frigolet, St Roman, Montmajour, le moulin de Daudet, le village des Baux et les Carri\u00e8res de Lumieres<\/p>\n","protected":false},"excerpt":{"rendered":"<p>Studio 2 pers. enti\u00e8rement \u00e9quip\u00e9 avec\u00a0 piscine Location \u00e0 la semaine en Juillet &amp; Aout uniquement \/ 2 nuits minimum le reste de l&#8217;ann\u00e9e Pascal &amp; Olivier vous accueillent dans un vieux mas proven\u00e7al et son studio ind\u00e9pendant climatis\u00e9 avec cuisine \u00e9quip\u00e9e (lave linge, lave vaisselle, frigo, micro onde combin\u00e9, sens\u00e9o, bouilloire, grille pain, barbecue&#8230;)<a class=\"more-link\" href=\"https:\/\/booking-gaysejour.com\/gb\/guide\/studio-lou-pequelet-a-tarascon\/\">Read more  &#10230;<\/a><\/p>\n","protected":false},"featured_media":58971,"template":"","meta":[],"product_brand":[],"product_cat":[1928,741,834,1059],"product_tag":[1064,1324,1223],"class_list":{"0":"post-63457","1":"product","2":"type-product","3":"status-publish","4":"has-post-thumbnail","6":"product_cat-hebergement-gb","7":"product_cat-france-gb","8":"product_cat-provence-alpes-cote-dazur-gb","9":"product_cat-vacation-rental","10":"product_tag-gay-only-gb","11":"product_tag-naturism","12":"product_tag-piscine-gb","13":"pa_1-type-holiday-rental","14":"pa_2-chambre-et-salle-de-bain-air-conditioning","15":"pa_2-chambre-et-salle-de-bain-hair-dryer","16":"pa_2-chambre-et-salle-de-bain-private-bathroom","17":"pa_2-chambre-et-salle-de-bain-tv-chambre-gb","18":"pa_5-services-parking-on-premise","19":"pa_6-installations-piscine-gb","20":"yith_shop_vendor-mas-de-la-salinette-bouches-du-rhone","22":"first","23":"instock","24":"virtual","25":"sold-individually","26":"purchasable","27":"product-type-booking"},"_links":{"self":[{"href":"https:\/\/booking-gaysejour.com\/gb\/wp-json\/wp\/v2\/product\/63457","targetHints":{"allow":["GET"]}}],"collection":[{"href":"https:\/\/booking-gaysejour.com\/gb\/wp-json\/wp\/v2\/product"}],"about":[{"href":"https:\/\/booking-gaysejour.com\/gb\/wp-json\/wp\/v2\/types\/product"}],"wp:featuredmedia":[{"embeddable":true,"href":"https:\/\/booking-gaysejour.com\/gb\/wp-json\/wp\/v2\/media\/58971"}],"wp:attachment":[{"href":"https:\/\/booking-gaysejour.com\/gb\/wp-json\/wp\/v2\/media?parent=63457"}],"wp:term":[{"taxonomy":"product_brand","embeddable":true,"href":"https:\/\/booking-gaysejour.com\/gb\/wp-json\/wp\/v2\/product_brand?post=63457"},{"taxonomy":"product_cat","embeddable":true,"href":"https:\/\/booking-gaysejour.com\/gb\/wp-json\/wp\/v2\/product_cat?post=63457"},{"taxonomy":"product_tag","embeddable":true,"href":"https:\/\/booking-gaysejour.com\/gb\/wp-json\/wp\/v2\/product_tag?post=63457"}],"curies":[{"name":"wp","href":"https:\/\/api.w.org\/{rel}","templated":true}]}}