{"id":63458,"date":"2022-03-16T11:55:34","date_gmt":"2022-03-16T10:55:34","guid":{"rendered":"https:\/\/booking-gaysejour.com\/room\/studio-au-coeur-de-la-campagne-bretonne-a-2-kms-des-plages\/"},"modified":"2025-03-18T16:39:01","modified_gmt":"2025-03-18T15:39:01","slug":"studio-au-coeur-de-la-campagne-bretonne-a-2-kms-des-plages","status":"publish","type":"product","link":"https:\/\/booking-gaysejour.com\/gb\/guide\/studio-au-coeur-de-la-campagne-bretonne-a-2-kms-des-plages\/","title":{"rendered":"Studio au c\u0153ur de la campagne bretonne, \u00e0 2 kms des plages @ Saint-Alban"},"content":{"rendered":"<h3>Studio &#8211; Lit double + canap\u00e9 lit &#8211; 3 pers. max.<\/h3>\n<p>Petite ferme situ\u00e9e \u00e0 5 kms des trois stations baln\u00e9aires de Val Andr\u00e9, Erquy et Sables d&#8217;Or les Pins et \u00e0 5 km de la plage naturiste de Nantois (Pl\u00e9neuf-Val-Andr\u00e9). On y trouve tous les services utiles comme supermarch\u00e9s, casinos, piscine, golf, cin\u00e9ma, pressings.<\/p>\n<p>Nous mettons \u00e0 disposition 2 VTT et un kayak gonflable. Tout autour, possibilit\u00e9 de promenades \u00e0 pied ou \u00e0 v\u00e9lo. Nous pouvons vous apporter des infos afin que vous profitiez au maximum de votre s\u00e9jour.<\/p>\n<p>La gare SNCF se trouve \u00e0 12 km et nous pouvons r\u00e9cup\u00e9rer et ramener les personnes qui prennent le train.<\/p>\n<p>Le studio a \u00e9t\u00e9 construit en 2021 et pr\u00e9sente tout le confort pour des vacances tranquilles. La chambre poss\u00e8de un lit \u00e0 2 places. La salle de bain est s\u00e9par\u00e9e de la chambre et poss\u00e8de une douche, lavabo et WC.<\/p>\n<p>Le coin cuisine permet de pr\u00e9parer les repas, on y trouve un petit r\u00e9frig\u00e9rateur, un micro-ondes, une plaque \u00e9lectrique deux feux, grille-pain, cafeti\u00e8re \u00e9lectrique et aussi sur demande, plancha, grill et n\u00e9cessaire \u00e0 raclette ou fondue.<\/p>\n<p>Dans le salon, vous trouverez la t\u00e9l\u00e9, une armoire de rangement , une table basse et un canap\u00e9 qui pourrait, \u00e0 la rigueur, et en d\u00e9pannage, accueillir une autre personne.<\/p>\n<p>Vous pourrez profiter du patio semi ombrag\u00e9 pour d\u00e9jeuner. Il y a une table et des fauteuils.<\/p>\n<p>Nous aimons les animaux, nous avons des chats, des tortues, poules, oiseaux et poissons. C&#8217;est pourquoi, nous sommes gay-friendly mais aussi pet-friendly. Le seul souci que nous pourrions avoir serait la pr\u00e9sence d&#8217;un chien agressif qui pertuberait la vie tranquille de nos animaux en libert\u00e9.<\/p>\n","protected":false},"excerpt":{"rendered":"<p>Studio &#8211; Lit double + canap\u00e9 lit &#8211; 3 pers. max. Petite ferme situ\u00e9e \u00e0 5 kms des trois stations baln\u00e9aires de Val Andr\u00e9, Erquy et Sables d&#8217;Or les Pins et \u00e0 5 km de la plage naturiste de Nantois (Pl\u00e9neuf-Val-Andr\u00e9). On y trouve tous les services utiles comme supermarch\u00e9s, casinos, piscine, golf, cin\u00e9ma, pressings.<a class=\"more-link\" href=\"https:\/\/booking-gaysejour.com\/gb\/guide\/studio-au-coeur-de-la-campagne-bretonne-a-2-kms-des-plages\/\">Read more  &#10230;<\/a><\/p>\n","protected":false},"featured_media":59124,"template":"","meta":[],"product_brand":[],"product_cat":[1928,773,741,1059],"product_tag":[],"class_list":{"0":"post-63458","1":"product","2":"type-product","3":"status-publish","4":"has-post-thumbnail","6":"product_cat-hebergement-gb","7":"product_cat-brittany","8":"product_cat-france-gb","9":"product_cat-vacation-rental","10":"pa_1-type-holiday-rental","11":"pa_2-chambre-et-salle-de-bain-private-bathroom","12":"yith_shop_vendor-location-studio-saint-alban-cote-darmor-gb","14":"first","15":"instock","16":"virtual","17":"sold-individually","18":"purchasable","19":"product-type-booking"},"_links":{"self":[{"href":"https:\/\/booking-gaysejour.com\/gb\/wp-json\/wp\/v2\/product\/63458","targetHints":{"allow":["GET"]}}],"collection":[{"href":"https:\/\/booking-gaysejour.com\/gb\/wp-json\/wp\/v2\/product"}],"about":[{"href":"https:\/\/booking-gaysejour.com\/gb\/wp-json\/wp\/v2\/types\/product"}],"wp:featuredmedia":[{"embeddable":true,"href":"https:\/\/booking-gaysejour.com\/gb\/wp-json\/wp\/v2\/media\/59124"}],"wp:attachment":[{"href":"https:\/\/booking-gaysejour.com\/gb\/wp-json\/wp\/v2\/media?parent=63458"}],"wp:term":[{"taxonomy":"product_brand","embeddable":true,"href":"https:\/\/booking-gaysejour.com\/gb\/wp-json\/wp\/v2\/product_brand?post=63458"},{"taxonomy":"product_cat","embeddable":true,"href":"https:\/\/booking-gaysejour.com\/gb\/wp-json\/wp\/v2\/product_cat?post=63458"},{"taxonomy":"product_tag","embeddable":true,"href":"https:\/\/booking-gaysejour.com\/gb\/wp-json\/wp\/v2\/product_tag?post=63458"}],"curies":[{"name":"wp","href":"https:\/\/api.w.org\/{rel}","templated":true}]}}