{"id":63459,"date":"2022-02-23T11:13:13","date_gmt":"2022-02-23T10:13:13","guid":{"rendered":"https:\/\/booking-gaysejour.com\/room\/sitges-rooftop-studio\/"},"modified":"2025-03-18T16:39:01","modified_gmt":"2025-03-18T15:39:01","slug":"sitges-rooftop-studio","status":"publish","type":"product","link":"https:\/\/booking-gaysejour.com\/gb\/guide\/sitges-rooftop-studio\/","title":{"rendered":"Rooftop Studio @ Sitges"},"content":{"rendered":"<h3>Studio 13 m2\u00a0 + terrasse de 35 m2 &#8211; 2 pers.<\/h3>\n<p><strong>Bienvenue \u00e0 Sitges sur la C\u00f4sta Dorada \u00e0 deux pas de Barcelone, Tarragone, Port Aventura et avec un acc\u00e9s direct depuis l&#8217;a\u00e9roport de Barcelone par autobus ou train.<\/strong><\/p>\n<p><em><strong>La Casita<\/strong>\u00a0<\/em>&#8230;Studette de 13 m2 avec grande terrasse exclusive de 35 m2 en dernier \u00e9tage (Atico).<\/p>\n<p>En plein centre de Sitges et \u00e0 une minute \u00e0 pied de la plage de San Sebasti\u00e1n, pour aller d\u00e9guster d\u00e8s le matin un bon petit caf\u00e9 face \u00e0 la mer les pieds dans l&#8217;eau.<\/p>\n<p>Au pied de l&#8217;immeuble, tous les commerces de proximit\u00e9, \u00e9picerie, boucher charcutier, boulangerie, primeur et le fameux bar &#8220;el cable&#8221; avec les meilleures tapas de Sitges. Salle de sport \u00e0 200 m\u00e8tres.<\/p>\n<p><strong>Id\u00e9alement situ\u00e9e pour les Gays \u00e0 mi chemin de la plage PIC NIC\u00a0 et de la plage de BALMINS (naturiste et bears)&#8230;<\/strong><\/p>\n<p>L<strong>es bars sont \u00e0 cinq minutes<\/strong>\u00a0.. et vous \u00eates \u00e0 1 minute de la place Cap de la Villa .. centre de Sitges.<\/p>\n<p>En rentrant chez vous, vous appr\u00e9cierez le calme pour prendre vos repas, ap\u00e9ros ou se reposer sur la grande terrasse en toute intimit\u00e9 et le soir pour dormir&#8230;\u00a0 laissant le bruit dans les rues anim\u00e9es des bars.<\/p>\n<p>La studette est tout \u00e9quip\u00e9e pour cuisiner (cafeti\u00e8re SENSEO, grille-pain, bouilloire, micro-onde)&#8230;.<\/p>\n<p>Pour bien dormir 2 lits de 90 cm vous accueillent pour un confort optimum.. ou un grand lit de 180 cm.<\/p>\n<p>Une belle douche \u00e9quipe le coin salle d&#8217;eau.<\/p>\n<p><strong>LE LINGE DE MAISON ET LES DRAPS SONT FOURNIS<\/strong><\/p>\n<p>T\u00e9l\u00e9vision fran\u00e7aise et espagnole, Wifi.\u00a0<strong>Parasol pour la plage&#8230;<\/strong><\/p>\n<p>Le parking Retiro est \u00e0 200 m\u00e8tres pour stationner votre v\u00e9hicule. Stationnement gratuit dans les rues voisines.<\/p>\n<p><strong>La gare est \u00e0 5 minutes \u00e0 pied.\u00a0<\/strong><\/p>\n<p><strong>Non fumeur \u00e0 l&#8217;int\u00e9rieur<\/strong>.<\/p>\n<p><strong>Animaux accept\u00e9s suivant la taille.<\/strong><\/p>\n<p>Pas de bruit apr\u00e8s 22 h.<\/p>\n<p>Respect du voisinage, pour profiter au mieux de vos vacances.<\/p>\n<p>Licence touristique HUTB 016087<\/p>\n","protected":false},"excerpt":{"rendered":"<p>Studio 13 m2\u00a0 + terrasse de 35 m2 &#8211; 2 pers. Bienvenue \u00e0 Sitges sur la C\u00f4sta Dorada \u00e0 deux pas de Barcelone, Tarragone, Port Aventura et avec un acc\u00e9s direct depuis l&#8217;a\u00e9roport de Barcelone par autobus ou train. La Casita\u00a0&#8230;Studette de 13 m2 avec grande terrasse exclusive de 35 m2 en dernier \u00e9tage (Atico).<a class=\"more-link\" href=\"https:\/\/booking-gaysejour.com\/gb\/guide\/sitges-rooftop-studio\/\">Read more  &#10230;<\/a><\/p>\n","protected":false},"featured_media":58852,"template":"","meta":[],"product_brand":[],"product_cat":[1928,758,1059],"product_tag":[1064,1659],"class_list":{"0":"post-63459","1":"product","2":"type-product","3":"status-publish","4":"has-post-thumbnail","6":"product_cat-hebergement-gb","7":"product_cat-spain","8":"product_cat-vacation-rental","9":"product_tag-gay-only-gb","10":"product_tag-seaside","11":"pa_1-type-holiday-rental","12":"pa_2-chambre-et-salle-de-bain-air-conditioning","13":"pa_2-chambre-et-salle-de-bain-linen","14":"pa_2-chambre-et-salle-de-bain-private-bathroom","15":"pa_2-chambre-et-salle-de-bain-tv-chambre-gb","16":"pa_2-chambre-et-salle-de-bain-terrasse-privative-gb","17":"pa_2-chambre-et-salle-de-bain-wc-privatif-gb","18":"pa_5-services-wifi-gratuit","19":"yith_shop_vendor-sitges-rooftop-studio-costa-dorada-gb","21":"first","22":"instock","23":"virtual","24":"sold-individually","25":"purchasable","26":"product-type-booking"},"_links":{"self":[{"href":"https:\/\/booking-gaysejour.com\/gb\/wp-json\/wp\/v2\/product\/63459","targetHints":{"allow":["GET"]}}],"collection":[{"href":"https:\/\/booking-gaysejour.com\/gb\/wp-json\/wp\/v2\/product"}],"about":[{"href":"https:\/\/booking-gaysejour.com\/gb\/wp-json\/wp\/v2\/types\/product"}],"wp:featuredmedia":[{"embeddable":true,"href":"https:\/\/booking-gaysejour.com\/gb\/wp-json\/wp\/v2\/media\/58852"}],"wp:attachment":[{"href":"https:\/\/booking-gaysejour.com\/gb\/wp-json\/wp\/v2\/media?parent=63459"}],"wp:term":[{"taxonomy":"product_brand","embeddable":true,"href":"https:\/\/booking-gaysejour.com\/gb\/wp-json\/wp\/v2\/product_brand?post=63459"},{"taxonomy":"product_cat","embeddable":true,"href":"https:\/\/booking-gaysejour.com\/gb\/wp-json\/wp\/v2\/product_cat?post=63459"},{"taxonomy":"product_tag","embeddable":true,"href":"https:\/\/booking-gaysejour.com\/gb\/wp-json\/wp\/v2\/product_tag?post=63459"}],"curies":[{"name":"wp","href":"https:\/\/api.w.org\/{rel}","templated":true}]}}