{"id":63460,"date":"2022-02-23T10:47:14","date_gmt":"2022-02-23T09:47:14","guid":{"rendered":"https:\/\/booking-gaysejour.com\/room\/chambre-des-pages-manoir-de-la-barre-copie\/"},"modified":"2025-03-18T16:39:01","modified_gmt":"2025-03-18T15:39:01","slug":"chambre-des-pages-manoir-de-la-barre-copie","status":"publish","type":"product","link":"https:\/\/booking-gaysejour.com\/gb\/guide\/chambre-des-pages-manoir-de-la-barre-copie\/","title":{"rendered":"Chambre des Pages @ Manoir de la Barre &#8211; Mesnil-en-Ouche"},"content":{"rendered":"<h3>Chambres d&#8217;h\u00f4tes &#8211; 12 m\u00b2 &#8211; Parking\u00a0 &#8211; 1 nuit minimum<\/h3>\n<p>Pour un week-end ou plus profitez de la d\u00e9licieuse campagne du Perche en r\u00e9sidant dans un manoir du XVI\u00e8me si\u00e8cle con\u00e7u autour de sa tour escalier en pierre.<br \/>\n\u00c0 proximit\u00e9: Commerces de bouche, pharmacie, banque mais aussi promenades dans la campagne percheronne ,un superbe plan d&#8217;eau, un tennis et une piscine accessibles \u00e0 pied dans le village.<\/p>\n<p>Plusieurs guides de parcours et de nombreuses randonn\u00e9es p\u00e9destres aux environs vous seront indiqu\u00e9s.<\/p>\n<p>Si Vous \u00eates en voiture et amateur de brocantes elles sont fort nombreuses dans un rayon de 10\/15 km.<\/p>\n","protected":false},"excerpt":{"rendered":"<p>Chambres d&#8217;h\u00f4tes &#8211; 12 m\u00b2 &#8211; Parking\u00a0 &#8211; 1 nuit minimum Pour un week-end ou plus profitez de la d\u00e9licieuse campagne du Perche en r\u00e9sidant dans un manoir du XVI\u00e8me si\u00e8cle con\u00e7u autour de sa tour escalier en pierre. \u00c0 proximit\u00e9: Commerces de bouche, pharmacie, banque mais aussi promenades dans la campagne percheronne ,un superbe<a class=\"more-link\" href=\"https:\/\/booking-gaysejour.com\/gb\/guide\/chambre-des-pages-manoir-de-la-barre-copie\/\">Read more  &#10230;<\/a><\/p>\n","protected":false},"featured_media":58788,"template":"","meta":[],"product_brand":[],"product_cat":[1928,741,1038,782],"product_tag":[],"class_list":{"0":"post-63460","1":"product","2":"type-product","3":"status-publish","4":"has-post-thumbnail","6":"product_cat-hebergement-gb","7":"product_cat-france-gb","8":"product_cat-guesthouse-bnb","9":"product_cat-normandy","10":"pa_1-type-chambre-hotes-gb","11":"pa_2-chambre-et-salle-de-bain-bathroom-towel","12":"pa_2-chambre-et-salle-de-bain-beach-towel","13":"pa_2-chambre-et-salle-de-bain-hair-dryer","14":"pa_2-chambre-et-salle-de-bain-linen","15":"pa_2-chambre-et-salle-de-bain-minibar-gb","16":"pa_2-chambre-et-salle-de-bain-private-bathroom","17":"pa_2-chambre-et-salle-de-bain-placard-penderie-gb","18":"pa_2-chambre-et-salle-de-bain-wc-privatif-gb","19":"pa_5-services-bathrobe","20":"pa_5-services-bikes-on-premise","21":"pa_5-services-parking-on-premise","22":"pa_5-services-petite-restauration","23":"pa_5-services-table-dhotes-gb-2","24":"pa_5-services-washer","25":"pa_5-services-wifi-gratuit","26":"pa_6-installations-fireplace","27":"pa_6-installations-garage-gb","28":"pa_6-installations-ping-pong","29":"pa_6-installations-shared-kitchen","30":"pa_6-installations-tv-room-gb","31":"yith_shop_vendor-devenez-les-seigneurs-du-manoir-de-la-barre-orne-gb","33":"first","34":"instock","35":"virtual","36":"sold-individually","37":"purchasable","38":"product-type-booking"},"_links":{"self":[{"href":"https:\/\/booking-gaysejour.com\/gb\/wp-json\/wp\/v2\/product\/63460","targetHints":{"allow":["GET"]}}],"collection":[{"href":"https:\/\/booking-gaysejour.com\/gb\/wp-json\/wp\/v2\/product"}],"about":[{"href":"https:\/\/booking-gaysejour.com\/gb\/wp-json\/wp\/v2\/types\/product"}],"wp:featuredmedia":[{"embeddable":true,"href":"https:\/\/booking-gaysejour.com\/gb\/wp-json\/wp\/v2\/media\/58788"}],"wp:attachment":[{"href":"https:\/\/booking-gaysejour.com\/gb\/wp-json\/wp\/v2\/media?parent=63460"}],"wp:term":[{"taxonomy":"product_brand","embeddable":true,"href":"https:\/\/booking-gaysejour.com\/gb\/wp-json\/wp\/v2\/product_brand?post=63460"},{"taxonomy":"product_cat","embeddable":true,"href":"https:\/\/booking-gaysejour.com\/gb\/wp-json\/wp\/v2\/product_cat?post=63460"},{"taxonomy":"product_tag","embeddable":true,"href":"https:\/\/booking-gaysejour.com\/gb\/wp-json\/wp\/v2\/product_tag?post=63460"}],"curies":[{"name":"wp","href":"https:\/\/api.w.org\/{rel}","templated":true}]}}