{"id":63461,"date":"2022-01-17T17:01:51","date_gmt":"2022-01-17T16:01:51","guid":{"rendered":"https:\/\/booking-gaysejour.com\/room\/57992\/"},"modified":"2025-03-18T16:39:02","modified_gmt":"2025-03-18T15:39:02","slug":"57992","status":"publish","type":"product","link":"https:\/\/booking-gaysejour.com\/gb\/guide\/57992\/","title":{"rendered":"\u00d4 31 @ Evreux"},"content":{"rendered":"<h3>Location de vacances &#8211; 1 chambre &#8211; 2 personnes &#8211; climatisation &#8211; animaux accept\u00e9s<\/h3>\n<p>Studio meubl\u00e9 sous les combles (second \u00e9tage, sans ascenseur).<\/p>\n<p>Maison du 18e si\u00e8cle r\u00e9nov\u00e9e en 2020. Draps et linge de maison fournis. Pi\u00e8ce principale mini salon en alc\u00f4ve, coin bureau, lit double (140x190cm), kitchenette \u00e9quip\u00e9e, salle d&#8217;eau, wc s\u00e9par\u00e9, placard. Wifi, t\u00e9l\u00e9viseur intelligent (smart TV), et poste de radio FM. La maison est bien chauff\u00e9e et bien isol\u00e9e. Climatisateur \u00e0 disposition en cas de grosses chaleurs.<\/p>\n<p>Pour les Parisiens et touristes s\u00e9journant \u00e0 Paris, sachez qu&#8217;\u00c9vreux est bien situ\u00e9e pour les escapades hors de la capitale. De la gare Paris-St-Lazare le trajet \u00e0 la gare d&#8217;\u00c9vreux-Normandie dure environ 70 minutes. Dur demande, vous serez gracieusement pris en charge et reconduits \u00e0 la gare ferroviaire, mais vous pouvez faire le chemin \u00e0 pied en 15 minutes.<\/p>\n<p>\u00c0 votre arriv\u00e9e, un verre de bienvenue vous sera servi dans la cour, dans votre studio, ou au salon du rez-de-chauss\u00e9e.<\/p>\n<p>Garage individuel priv\u00e9 et ferm\u00e9 \u00e0 cl\u00e9 sur demande en suppl\u00e9ment.<\/p>\n<p>Transport aller-retour possible pour differents lieux gay et touristique.<\/p>\n<p>Visites guid\u00e9s par votre h\u00f4te sur demande : Giverny, divers ch\u00e2teaux de la r\u00e9gion, Honfleur, pistes de randonn\u00e9e.<\/p>\n","protected":false},"excerpt":{"rendered":"<p>Location de vacances &#8211; 1 chambre &#8211; 2 personnes &#8211; climatisation &#8211; animaux accept\u00e9s Studio meubl\u00e9 sous les combles (second \u00e9tage, sans ascenseur). Maison du 18e si\u00e8cle r\u00e9nov\u00e9e en 2020. Draps et linge de maison fournis. Pi\u00e8ce principale mini salon en alc\u00f4ve, coin bureau, lit double (140x190cm), kitchenette \u00e9quip\u00e9e, salle d&#8217;eau, wc s\u00e9par\u00e9, placard. Wifi,<a class=\"more-link\" href=\"https:\/\/booking-gaysejour.com\/gb\/guide\/57992\/\">Read more  &#10230;<\/a><\/p>\n","protected":false},"featured_media":58030,"template":"","meta":[],"product_brand":[],"product_cat":[1928,741,782,1059],"product_tag":[1063,1306,1821],"class_list":{"0":"post-63461","1":"product","2":"type-product","3":"status-publish","4":"has-post-thumbnail","6":"product_cat-hebergement-gb","7":"product_cat-france-gb","8":"product_cat-normandy","9":"product_cat-vacation-rental","10":"product_tag-campagne-gb","11":"product_tag-naturiste-gb","12":"product_tag-quiet-place","13":"pa_1-type-holiday-rental","14":"pa_2-chambre-et-salle-de-bain-air-conditioning","15":"pa_2-chambre-et-salle-de-bain-bathroom-towel","16":"pa_2-chambre-et-salle-de-bain-beach-towel","17":"pa_2-chambre-et-salle-de-bain-linen","18":"pa_2-chambre-et-salle-de-bain-private-bathroom","19":"pa_2-chambre-et-salle-de-bain-tv-chambre-gb","20":"pa_2-chambre-et-salle-de-bain-placard-penderie-gb","21":"pa_2-chambre-et-salle-de-bain-wc-privatif-gb","22":"pa_5-services-climatisation-gb-2","23":"pa_5-services-free-parking-nearby","24":"pa_5-services-wifi-gratuit","25":"pa_6-installations-climatisation-gb","26":"yith_shop_vendor-o-31-eure-france","28":"first","29":"instock","30":"virtual","31":"sold-individually","32":"purchasable","33":"product-type-booking"},"_links":{"self":[{"href":"https:\/\/booking-gaysejour.com\/gb\/wp-json\/wp\/v2\/product\/63461","targetHints":{"allow":["GET"]}}],"collection":[{"href":"https:\/\/booking-gaysejour.com\/gb\/wp-json\/wp\/v2\/product"}],"about":[{"href":"https:\/\/booking-gaysejour.com\/gb\/wp-json\/wp\/v2\/types\/product"}],"wp:featuredmedia":[{"embeddable":true,"href":"https:\/\/booking-gaysejour.com\/gb\/wp-json\/wp\/v2\/media\/58030"}],"wp:attachment":[{"href":"https:\/\/booking-gaysejour.com\/gb\/wp-json\/wp\/v2\/media?parent=63461"}],"wp:term":[{"taxonomy":"product_brand","embeddable":true,"href":"https:\/\/booking-gaysejour.com\/gb\/wp-json\/wp\/v2\/product_brand?post=63461"},{"taxonomy":"product_cat","embeddable":true,"href":"https:\/\/booking-gaysejour.com\/gb\/wp-json\/wp\/v2\/product_cat?post=63461"},{"taxonomy":"product_tag","embeddable":true,"href":"https:\/\/booking-gaysejour.com\/gb\/wp-json\/wp\/v2\/product_tag?post=63461"}],"curies":[{"name":"wp","href":"https:\/\/api.w.org\/{rel}","templated":true}]}}