{"id":63470,"date":"2021-12-15T14:20:59","date_gmt":"2021-12-15T13:20:59","guid":{"rendered":"https:\/\/booking-gaysejour.com\/room\/appartement-274-teguisol\/"},"modified":"2025-03-18T16:36:16","modified_gmt":"2025-03-18T15:36:16","slug":"appartement-274-teguisol","status":"publish","type":"product","link":"https:\/\/booking-gaysejour.com\/gb\/guide\/appartement-274-teguisol\/","title":{"rendered":"Friendly room @ Lanzarote"},"content":{"rendered":"<h3>Location de vacances &#8211; 1 chambre &#8211; 2 personnes &#8211; 2 nuits minimum<\/h3>\n<p>Vous souhaitez s\u00e9journer \u00e0 Lanzarote chez l&#8217;habitant ? Notre chambre est donc le choix id\u00e9al ! Naturistes bienvenus<\/p>\n<p>La maison est situ\u00e9e dans un complexe touristique del la Costa Teguise, un point de d\u00e9part parfait pour visiter cette belle \u00eele ou se d\u00e9tendre sur les plages de Las Cucharas en bas.<\/p>\n<p>Vous trouverez dans la chambre tout ce dont vous avez besoin pour vos vacances : draps et serviettes de toilette, s\u00e8che-cheveux, serviette de plage, WIFI, TV et r\u00e9frig\u00e9rateur dans la chambre<\/p>\n<p>Possibilit\u00e9 de transfert depuis\/vers l&#8217;a\u00e9roport.<\/p>\n<p>L&#8217;appartement est situ\u00e9 dans un complexe en constante am\u00e9lioration, avec une petite piscine, mais \u00e0 seulement 500 m de la plage et \u00e0 1000 m du centre de Costa Teguise.<\/p>\n<p>Les parties communes de l&#8217;appartement sont partag\u00e9es avec les invit\u00e9s.<\/p>\n<p>Nous fournissons \u00e0 nos h\u00f4tes des serviettes de plage et de toilette.<\/p>\n<p>Possibilit\u00e9 de faire du naturisme dans toute la maison.<\/p>\n<p>Nous sommes des gens tr\u00e8s gentils et extravertis, nous serons donc des conseils pour vous aider \u00e0 vous aider ou vous donner, et nous pouvons vous accompagner et montrer la beaut\u00e9 de l&#8217;\u00eele ou vous montrer les endroits les plus int\u00e9ressants pour la population gay.<\/p>\n<p>Le respect et les bonnes mani\u00e8res sont, \u00e0 notre avis, les plus importants pour garder un bon environnement dans la maison.<\/p>\n<p>Il est interdit de fumer dans la chambre mais vous pouvez le faire sur la terrasse o\u00f9 vous pourrez \u00e9galement prendre votre petit-d\u00e9jeuner ou d\u00e9jeuner<\/p>\n","protected":false},"excerpt":{"rendered":"<p>Location de vacances &#8211; 1 chambre &#8211; 2 personnes &#8211; 2 nuits minimum Vous souhaitez s\u00e9journer \u00e0 Lanzarote chez l&#8217;habitant ? Notre chambre est donc le choix id\u00e9al ! Naturistes bienvenus La maison est situ\u00e9e dans un complexe touristique del la Costa Teguise, un point de d\u00e9part parfait pour visiter cette belle \u00eele ou se<a class=\"more-link\" href=\"https:\/\/booking-gaysejour.com\/gb\/guide\/appartement-274-teguisol\/\">Read more  &#10230;<\/a><\/p>\n","protected":false},"featured_media":57575,"template":"","meta":[],"product_brand":[],"product_cat":[1928,758,1059],"product_tag":[1306,1659],"class_list":{"0":"post-63470","1":"product","2":"type-product","3":"status-publish","4":"has-post-thumbnail","6":"product_cat-hebergement-gb","7":"product_cat-spain","8":"product_cat-vacation-rental","9":"product_tag-naturiste-gb","10":"product_tag-seaside","11":"pa_1-type-holiday-rental","12":"pa_2-chambre-et-salle-de-bain-bathroom-towel","13":"pa_2-chambre-et-salle-de-bain-beach-towel","14":"pa_2-chambre-et-salle-de-bain-hair-dryer","15":"pa_2-chambre-et-salle-de-bain-linen","16":"pa_2-chambre-et-salle-de-bain-private-bathroom","17":"pa_2-chambre-et-salle-de-bain-tv-chambre-gb","18":"pa_2-chambre-et-salle-de-bain-terrasse-privative-gb","19":"pa_2-chambre-et-salle-de-bain-placard-penderie-gb","20":"pa_2-chambre-et-salle-de-bain-wc-privatif-gb","21":"pa_5-services-free-parking-nearby","22":"pa_5-services-petite-restauration","23":"pa_5-services-washer","24":"pa_5-services-wifi-gratuit","25":"pa_6-installations-piscine-gb","26":"pa_6-installations-shared-kitchen","27":"pa_6-installations-tv-room","28":"yith_shop_vendor-appartement-274-canaria-spain","30":"first","31":"instock","32":"virtual","33":"sold-individually","34":"purchasable","35":"product-type-booking"},"_links":{"self":[{"href":"https:\/\/booking-gaysejour.com\/gb\/wp-json\/wp\/v2\/product\/63470","targetHints":{"allow":["GET"]}}],"collection":[{"href":"https:\/\/booking-gaysejour.com\/gb\/wp-json\/wp\/v2\/product"}],"about":[{"href":"https:\/\/booking-gaysejour.com\/gb\/wp-json\/wp\/v2\/types\/product"}],"wp:featuredmedia":[{"embeddable":true,"href":"https:\/\/booking-gaysejour.com\/gb\/wp-json\/wp\/v2\/media\/57575"}],"wp:attachment":[{"href":"https:\/\/booking-gaysejour.com\/gb\/wp-json\/wp\/v2\/media?parent=63470"}],"wp:term":[{"taxonomy":"product_brand","embeddable":true,"href":"https:\/\/booking-gaysejour.com\/gb\/wp-json\/wp\/v2\/product_brand?post=63470"},{"taxonomy":"product_cat","embeddable":true,"href":"https:\/\/booking-gaysejour.com\/gb\/wp-json\/wp\/v2\/product_cat?post=63470"},{"taxonomy":"product_tag","embeddable":true,"href":"https:\/\/booking-gaysejour.com\/gb\/wp-json\/wp\/v2\/product_tag?post=63470"}],"curies":[{"name":"wp","href":"https:\/\/api.w.org\/{rel}","templated":true}]}}