{"id":63471,"date":"2021-12-13T11:21:01","date_gmt":"2021-12-13T10:21:01","guid":{"rendered":"https:\/\/booking-gaysejour.com\/room\/bienvenue-chez-nous-clouange-chambre-double\/"},"modified":"2022-12-09T15:58:39","modified_gmt":"2022-12-09T14:58:39","slug":"bienvenue-chez-nous-clouange-chambre-double","status":"publish","type":"product","link":"https:\/\/booking-gaysejour.com\/gb\/guide\/bienvenue-chez-nous-clouange-chambre-double\/","title":{"rendered":"Bienvenue chez Nous @ Clouange"},"content":{"rendered":"<h2>Chambre d&#8217;h\u00f4tes &#8211; salle de bains partag\u00e9e &#8211; 1 \u00e0 4 pers.<\/h2>\n<p>Nous sommes \u00e0 4km du site thermal d&#8217;Amn\u00e9ville (Zoo, Casino, piste de ski indoor, Aquarium, Cin\u00e9mas, Parc aventures, salle de concert Le Galaxie), 15km de Thionville, 24km de Metz et 25 km du Luxembourg.<\/p>\n<p>La chambre de 27m2 comporte un lit confortable de 160 cm et un coin salon avec un clic-clac pour un couchage suppl\u00e9mentaire.<\/p>\n<p>La chambre donnant sur une cour est calme. TV, lecteur DVD, connection internet, caf\u00e9 \u00e0 votre disposition dans la chambre.<\/p>\n<p>La salle de bains et les toilettes sont partag\u00e9s avec les propri\u00e9taires.<\/p>\n<p>Le petit d\u00e9jeuner est compris et pr\u00e9par\u00e9 selon vos envies.<\/p>\n<p>Possibilit\u00e9 de repas pour 30 \u20ac tout compris et toujours selon vos envies ! Panier pic-nic possible pour 15 euros.<\/p>\n<p>Nous serons ravis de partager notre salon, notre balcon ou notre jardin.<\/p>\n","protected":false},"excerpt":{"rendered":"<p>Chambre d&#8217;h\u00f4tes &#8211; salle de bains partag\u00e9e &#8211; 1 \u00e0 4 pers. Nous sommes \u00e0 4km du site thermal d&#8217;Amn\u00e9ville (Zoo, Casino, piste de ski indoor, Aquarium, Cin\u00e9mas, Parc aventures, salle de concert Le Galaxie), 15km de Thionville, 24km de Metz et 25 km du Luxembourg. La chambre de 27m2 comporte un lit confortable de<a class=\"more-link\" href=\"https:\/\/booking-gaysejour.com\/gb\/guide\/bienvenue-chez-nous-clouange-chambre-double\/\">Read more  &#10230;<\/a><\/p>\n","protected":false},"featured_media":57473,"template":"","meta":[],"product_brand":[],"product_cat":[1928,741,802],"product_tag":[],"class_list":{"0":"post-63471","1":"product","2":"type-product","3":"status-publish","4":"has-post-thumbnail","6":"product_cat-hebergement-gb","7":"product_cat-france-gb","8":"product_cat-grand-est-gb","9":"yith_shop_vendor-bienvenue-chez-nous-mosellle-gb","10":"yith_booking_service-petit-dejeuner-inclus-gb","12":"first","13":"instock","14":"virtual","15":"sold-individually","16":"purchasable","17":"product-type-booking"},"_links":{"self":[{"href":"https:\/\/booking-gaysejour.com\/gb\/wp-json\/wp\/v2\/product\/63471","targetHints":{"allow":["GET"]}}],"collection":[{"href":"https:\/\/booking-gaysejour.com\/gb\/wp-json\/wp\/v2\/product"}],"about":[{"href":"https:\/\/booking-gaysejour.com\/gb\/wp-json\/wp\/v2\/types\/product"}],"wp:featuredmedia":[{"embeddable":true,"href":"https:\/\/booking-gaysejour.com\/gb\/wp-json\/wp\/v2\/media\/57473"}],"wp:attachment":[{"href":"https:\/\/booking-gaysejour.com\/gb\/wp-json\/wp\/v2\/media?parent=63471"}],"wp:term":[{"taxonomy":"product_brand","embeddable":true,"href":"https:\/\/booking-gaysejour.com\/gb\/wp-json\/wp\/v2\/product_brand?post=63471"},{"taxonomy":"product_cat","embeddable":true,"href":"https:\/\/booking-gaysejour.com\/gb\/wp-json\/wp\/v2\/product_cat?post=63471"},{"taxonomy":"product_tag","embeddable":true,"href":"https:\/\/booking-gaysejour.com\/gb\/wp-json\/wp\/v2\/product_tag?post=63471"}],"curies":[{"name":"wp","href":"https:\/\/api.w.org\/{rel}","templated":true}]}}