{"id":63472,"date":"2021-11-30T18:05:38","date_gmt":"2021-11-30T17:05:38","guid":{"rendered":"https:\/\/booking-gaysejour.com\/room\/les-anes-de-vassiviere-peyrat-le-chateau-haute-vienne-la-yourte-cocoon\/"},"modified":"2025-03-18T16:39:02","modified_gmt":"2025-03-18T15:39:02","slug":"les-anes-de-vassiviere-peyrat-le-chateau-haute-vienne-la-yourte-cocoon","status":"publish","type":"product","link":"https:\/\/booking-gaysejour.com\/gb\/guide\/les-anes-de-vassiviere-peyrat-le-chateau-haute-vienne-la-yourte-cocoon\/","title":{"rendered":"La Yourte Cocoon @ Les Anes de Vassivi\u00e8re &#8211; Peyrat-le-Ch\u00e2teau"},"content":{"rendered":"<h2><b class=\"titre-srubrique\">Yourte \u00e0 la ferme des \u00c2nes (2 personnes) &#8211; 2 nuits minimum en juillet-ao\u00fbt + Ascension et Pentec\u00f4te.<\/b><\/h2>\n<p>For\u00eats immenses, grands lacs, landes et tourbi\u00e8res \u2026 Bienvenue en Limousin\u00a0!<\/p>\n<p>Dans le creux d&#8217;une vall\u00e9e apparaissent la ferme et le pointill\u00e9 du campement de yourtes. C&#8217;est dans cet environnement pr\u00e9serv\u00e9 que les\u00a0 yourtes, venues tout droit de Mongolie, ont naturellement trouv\u00e9 leur place : une grande prairie fleurie, des bois de h\u00eatres alentour, la rivi\u00e8re en contrebas \u2026 Une nature douce et paisible pour prendre soin de soi.<\/p>\n<p>Sur ce beau domaine de 25 hectares p\u00e2turent nos \u00e2nes. Ils sont l&#8217;\u00e2me du lieu. Braves et c\u00e2lins \u00e0 la fois, ils sauront se faire adopter par toute la famille.<\/p>\n<p><strong>La yourte Cocoon***<\/strong>\u00a0est pr\u00e9vue pour un couple. Son mobilier design, son grand lit king-size (180 cm) et sa petite terrasse intimiste ont tout pour s\u00e9duire et vous assurent un grand confort. Sont inclus dans votre r\u00e9servation : le petit-d\u00e9jeuner, le linge de lit, l&#8217;acc\u00e8s au sauna.<em>\u00a0<\/em><\/p>\n<p>Pour le petit d\u00e9jeuner, pour avoir un bon conseil de rando ou de resto, pour vous offrir un moment de d\u00e9tente avec un bon livre ou un grand verre de jus de pommes, venez nous voir dans l&#8217;ancienne grange. Nous vous y accueillons avec plaisir pour partager avec vous le meilleur de notre r\u00e9gion.<\/p>\n","protected":false},"excerpt":{"rendered":"<p>Yourte \u00e0 la ferme des \u00c2nes (2 personnes) &#8211; 2 nuits minimum en juillet-ao\u00fbt + Ascension et Pentec\u00f4te. For\u00eats immenses, grands lacs, landes et tourbi\u00e8res \u2026 Bienvenue en Limousin\u00a0! Dans le creux d&#8217;une vall\u00e9e apparaissent la ferme et le pointill\u00e9 du campement de yourtes. C&#8217;est dans cet environnement pr\u00e9serv\u00e9 que les\u00a0 yourtes, venues tout droit<a class=\"more-link\" href=\"https:\/\/booking-gaysejour.com\/gb\/guide\/les-anes-de-vassiviere-peyrat-le-chateau-haute-vienne-la-yourte-cocoon\/\">Read more  &#10230;<\/a><\/p>\n","protected":false},"featured_media":57296,"template":"","meta":[],"product_brand":[],"product_cat":[1928,799,741,1038],"product_tag":[1311,1063,1834,1874,1318,1316,1873],"class_list":{"0":"post-63472","1":"product","2":"type-product","3":"status-publish","4":"has-post-thumbnail","6":"product_cat-hebergement-gb","7":"product_cat-aquitaine","8":"product_cat-france-gb","9":"product_cat-guesthouse-bnb","10":"product_tag-at-the-farm","11":"product_tag-campagne-gb","12":"product_tag-campsite","13":"product_tag-gipsy-caravan","14":"product_tag-hiking","15":"product_tag-sauna-gb","16":"product_tag-yurt","17":"pa_1-type-chambre-hotes-gb","18":"pa_6-installations-shared-kitchen","19":"yith_shop_vendor-la-ferme-de-anes-haute-vienne-gb","20":"yith_booking_service-petit-dejeuner-inclus-gb","22":"first","23":"instock","24":"virtual","25":"sold-individually","26":"purchasable","27":"product-type-booking"},"_links":{"self":[{"href":"https:\/\/booking-gaysejour.com\/gb\/wp-json\/wp\/v2\/product\/63472","targetHints":{"allow":["GET"]}}],"collection":[{"href":"https:\/\/booking-gaysejour.com\/gb\/wp-json\/wp\/v2\/product"}],"about":[{"href":"https:\/\/booking-gaysejour.com\/gb\/wp-json\/wp\/v2\/types\/product"}],"wp:featuredmedia":[{"embeddable":true,"href":"https:\/\/booking-gaysejour.com\/gb\/wp-json\/wp\/v2\/media\/57296"}],"wp:attachment":[{"href":"https:\/\/booking-gaysejour.com\/gb\/wp-json\/wp\/v2\/media?parent=63472"}],"wp:term":[{"taxonomy":"product_brand","embeddable":true,"href":"https:\/\/booking-gaysejour.com\/gb\/wp-json\/wp\/v2\/product_brand?post=63472"},{"taxonomy":"product_cat","embeddable":true,"href":"https:\/\/booking-gaysejour.com\/gb\/wp-json\/wp\/v2\/product_cat?post=63472"},{"taxonomy":"product_tag","embeddable":true,"href":"https:\/\/booking-gaysejour.com\/gb\/wp-json\/wp\/v2\/product_tag?post=63472"}],"curies":[{"name":"wp","href":"https:\/\/api.w.org\/{rel}","templated":true}]}}