{"id":63473,"date":"2021-11-12T15:49:42","date_gmt":"2021-11-12T14:49:42","guid":{"rendered":"https:\/\/booking-gaysejour.com\/room\/apartment-rental-strasbourg\/"},"modified":"2025-03-18T16:39:02","modified_gmt":"2025-03-18T15:39:02","slug":"apartment-rental-strasbourg","status":"publish","type":"product","link":"https:\/\/booking-gaysejour.com\/gb\/guide\/apartment-rental-strasbourg\/","title":{"rendered":"Apartment rental @ Strasbourg"},"content":{"rendered":"<h3>Location de vacance &#8211; 2 pers &#8211; 1 Chambre &#8211; 2 nuits minimum<\/h3>\n<p>Vous serez accueillis par Jean-Fran\u00e7ois et Herv\u00e9 dans une tr\u00e8s belle maison \u00e0 colombages , datant du XIX\u00e8me si\u00e8cle , situ\u00e9e dans un quartier r\u00e9sidentiel calme, mais proche du centre commercial &#8220;Rive Etoile&#8221;.<\/p>\n<p>La propri\u00e9t\u00e9 est \u00e0 15 minutes \u00e0 pieds de la cath\u00e9drale et des march\u00e9s de No\u00ebl. Les trois lignes de tramway d\u00e9sservent directement la gare centrale , le Parlement Europ\u00e9en, le Palais de la Musique et des Congr\u00e8s et l&#8217;Op\u00e9ra.<\/p>\n<p>L&#8217;appartement enti\u00e8rement ind\u00e9pendant est situ\u00e9 au 2\u00e8me \u00e9tage (sans ascenseur).<\/p>\n","protected":false},"excerpt":{"rendered":"<p>Location de vacance &#8211; 2 pers &#8211; 1 Chambre &#8211; 2 nuits minimum Vous serez accueillis par Jean-Fran\u00e7ois et Herv\u00e9 dans une tr\u00e8s belle maison \u00e0 colombages , datant du XIX\u00e8me si\u00e8cle , situ\u00e9e dans un quartier r\u00e9sidentiel calme, mais proche du centre commercial &#8220;Rive Etoile&#8221;. La propri\u00e9t\u00e9 est \u00e0 15 minutes \u00e0 pieds de<a class=\"more-link\" href=\"https:\/\/booking-gaysejour.com\/gb\/guide\/apartment-rental-strasbourg\/\">Read more  &#10230;<\/a><\/p>\n","protected":false},"featured_media":68960,"template":"","meta":[],"product_brand":[],"product_cat":[1928,741,802,1059],"product_tag":[],"class_list":{"0":"post-63473","1":"product","2":"type-product","3":"status-publish","4":"has-post-thumbnail","6":"product_cat-hebergement-gb","7":"product_cat-france-gb","8":"product_cat-grand-est-gb","9":"product_cat-vacation-rental","10":"pa_1-type-holiday-rental","11":"pa_2-chambre-et-salle-de-bain-air-conditioning","12":"pa_2-chambre-et-salle-de-bain-bathroom-towel","13":"pa_2-chambre-et-salle-de-bain-hair-dryer","14":"pa_2-chambre-et-salle-de-bain-linen","15":"pa_2-chambre-et-salle-de-bain-private-bathroom","16":"pa_2-chambre-et-salle-de-bain-tv-chambre-gb","17":"pa_2-chambre-et-salle-de-bain-placard-penderie-gb","18":"pa_2-chambre-et-salle-de-bain-wc-privatif-gb","19":"pa_5-services-climatisation-gb-2","20":"pa_5-services-wifi-gratuit","21":"pa_6-installations-climatisation-gb","22":"pa_6-installations-tv-room","23":"yith_shop_vendor-charming-apartment-in-strasburg-bas-rhin","25":"first","26":"instock","27":"virtual","28":"sold-individually","29":"purchasable","30":"product-type-booking"},"_links":{"self":[{"href":"https:\/\/booking-gaysejour.com\/gb\/wp-json\/wp\/v2\/product\/63473","targetHints":{"allow":["GET"]}}],"collection":[{"href":"https:\/\/booking-gaysejour.com\/gb\/wp-json\/wp\/v2\/product"}],"about":[{"href":"https:\/\/booking-gaysejour.com\/gb\/wp-json\/wp\/v2\/types\/product"}],"wp:featuredmedia":[{"embeddable":true,"href":"https:\/\/booking-gaysejour.com\/gb\/wp-json\/wp\/v2\/media\/68960"}],"wp:attachment":[{"href":"https:\/\/booking-gaysejour.com\/gb\/wp-json\/wp\/v2\/media?parent=63473"}],"wp:term":[{"taxonomy":"product_brand","embeddable":true,"href":"https:\/\/booking-gaysejour.com\/gb\/wp-json\/wp\/v2\/product_brand?post=63473"},{"taxonomy":"product_cat","embeddable":true,"href":"https:\/\/booking-gaysejour.com\/gb\/wp-json\/wp\/v2\/product_cat?post=63473"},{"taxonomy":"product_tag","embeddable":true,"href":"https:\/\/booking-gaysejour.com\/gb\/wp-json\/wp\/v2\/product_tag?post=63473"}],"curies":[{"name":"wp","href":"https:\/\/api.w.org\/{rel}","templated":true}]}}