{"id":63474,"date":"2021-07-19T15:54:21","date_gmt":"2021-07-19T13:54:21","guid":{"rendered":"https:\/\/booking-gaysejour.com\/room\/chriss-villa-la-reunion\/"},"modified":"2025-03-18T16:39:03","modified_gmt":"2025-03-18T15:39:03","slug":"chriss-villa-la-reunion","status":"publish","type":"product","link":"https:\/\/booking-gaysejour.com\/gb\/guide\/chriss-villa-la-reunion\/","title":{"rendered":"Chriss&#8217;s Villa @ La R\u00e9union"},"content":{"rendered":"<h3>Location de vacances &#8211; 2 pers. max. &#8211; 1 chambre &#8211; 4 nuit\u00e9es minimum<\/h3>\n<p style=\"font-weight: 400 !important;\">Dominant la station baln\u00e9aire de Saint Gilles les Bains, cette magnifique demeure toise l&#8217;<strong>Oc\u00e9an Indien<\/strong>. A 100 m de la plage ,\u00a0<b><strong>piscine et jacuzzi<\/strong><\/b> sont au rendez-vous dans ce<b><strong> parc de 2000 m\u00b2<\/strong><\/b>\u00a0arbor\u00e9 de cocotiers.<\/p>\n<p style=\"font-weight: 400 !important;\">Au sein de la propri\u00e9t\u00e9, nous vous proposons ce T2 ind\u00e9pendant.<\/p>\n<p style=\"font-weight: 400 !important;\">Il est \u00e9quip\u00e9 d\u2019une kitchenette, frigo, lave-linge, climatisation dans cuisine et chambre, t\u00e9l\u00e9vision avec canal+, acc\u00e8s internet wifi partout dans la propri\u00e9t\u00e9, machine \u00e0 caf\u00e9 etc\u2026 salle d\u2019eau, wc s\u00e9par\u00e9s et une chambre.<\/p>\n<p style=\"font-weight: 400 !important;\">Une terrasse avec un salon ext\u00e9rieur, le tout donnant sur le jardin tropical.<\/p>\n<p style=\"font-weight: 400 !important;\">Plage \u00e0 5 minutes en voiture \u2013 15 minutes \u00e0 pieds \u2013 calme<\/p>\n<p style=\"font-weight: 400 !important;\"><b><strong>Grande piscine tourn\u00e9e vers la mer,<\/strong><\/b>\u00a0 Jacuzzi chauff\u00e9 attenant \u00e0 la piscine avec une vue panoramique. Pool house avec barbecue \u00e0 votre disposition. Acc\u00e8s baignade piscine de 8h \u00e0 20 h.<\/p>\n<p style=\"font-weight: 400 !important;\">Id\u00e9al pour des vacances tropicales dans un endroit privil\u00e9gi\u00e9.<b><strong><br \/>\n<\/strong><\/b><\/p>\n<p style=\"font-weight: 400 !important;\">Possibilit\u00e9 de brunch sur commande et en option. R\u00e9sidence priv\u00e9e et s\u00e9curis\u00e9e au calme<\/p>\n<p style=\"font-weight: 400;\"><b><strong>Lieu gay, lesbien et friendly. <\/strong><\/b>Les Chriss, un peu artistes, vous accueillent au milieu de leurs toiles, accompagn\u00e9es de leurs 4 \u00a0toutous et de leurs 2 chats.<\/p>\n","protected":false},"excerpt":{"rendered":"<p>Location de vacances &#8211; 2 pers. max. &#8211; 1 chambre &#8211; 4 nuit\u00e9es minimum Dominant la station baln\u00e9aire de Saint Gilles les Bains, cette magnifique demeure toise l&#8217;Oc\u00e9an Indien. A 100 m de la plage ,\u00a0piscine et jacuzzi sont au rendez-vous dans ce parc de 2000 m\u00b2\u00a0arbor\u00e9 de cocotiers. Au sein de la propri\u00e9t\u00e9, nous<a class=\"more-link\" href=\"https:\/\/booking-gaysejour.com\/gb\/guide\/chriss-villa-la-reunion\/\">Read more  &#10230;<\/a><\/p>\n","protected":false},"featured_media":55061,"template":"","meta":[],"product_brand":[],"product_cat":[1928,884,741,1059],"product_tag":[1611,1317,1659,1223],"class_list":{"0":"post-63474","1":"product","2":"type-product","3":"status-publish","4":"has-post-thumbnail","6":"product_cat-hebergement-gb","7":"product_cat-dom-tom-gb","8":"product_cat-france-gb","9":"product_cat-vacation-rental","10":"product_tag-jacuzzi-gb","11":"product_tag-romantic","12":"product_tag-seaside","13":"product_tag-piscine-gb","14":"pa_1-type-holiday-rental","15":"pa_2-chambre-et-salle-de-bain-air-conditioning","16":"pa_2-chambre-et-salle-de-bain-bathroom-towel","17":"pa_2-chambre-et-salle-de-bain-beach-towel","18":"pa_2-chambre-et-salle-de-bain-linen","19":"pa_2-chambre-et-salle-de-bain-private-bathroom","20":"pa_2-chambre-et-salle-de-bain-tv-chambre-gb","21":"pa_2-chambre-et-salle-de-bain-wc-privatif-gb","22":"pa_5-services-climatisation-gb-2","23":"pa_5-services-parking-on-premise","24":"pa_5-services-washer","25":"pa_5-services-wifi-gratuit","26":"pa_6-installations-jacuzzi-gb","27":"pa_6-installations-piscine-gb","28":"yith_shop_vendor-la-villa-de-chriss-la-reunion-island","30":"first","31":"instock","32":"virtual","33":"sold-individually","34":"purchasable","35":"product-type-booking"},"_links":{"self":[{"href":"https:\/\/booking-gaysejour.com\/gb\/wp-json\/wp\/v2\/product\/63474","targetHints":{"allow":["GET"]}}],"collection":[{"href":"https:\/\/booking-gaysejour.com\/gb\/wp-json\/wp\/v2\/product"}],"about":[{"href":"https:\/\/booking-gaysejour.com\/gb\/wp-json\/wp\/v2\/types\/product"}],"wp:featuredmedia":[{"embeddable":true,"href":"https:\/\/booking-gaysejour.com\/gb\/wp-json\/wp\/v2\/media\/55061"}],"wp:attachment":[{"href":"https:\/\/booking-gaysejour.com\/gb\/wp-json\/wp\/v2\/media?parent=63474"}],"wp:term":[{"taxonomy":"product_brand","embeddable":true,"href":"https:\/\/booking-gaysejour.com\/gb\/wp-json\/wp\/v2\/product_brand?post=63474"},{"taxonomy":"product_cat","embeddable":true,"href":"https:\/\/booking-gaysejour.com\/gb\/wp-json\/wp\/v2\/product_cat?post=63474"},{"taxonomy":"product_tag","embeddable":true,"href":"https:\/\/booking-gaysejour.com\/gb\/wp-json\/wp\/v2\/product_tag?post=63474"}],"curies":[{"name":"wp","href":"https:\/\/api.w.org\/{rel}","templated":true}]}}