{"id":63475,"date":"2021-07-12T14:30:51","date_gmt":"2021-07-12T12:30:51","guid":{"rendered":"https:\/\/booking-gaysejour.com\/room\/leucalyptus-aix-en-provence\/"},"modified":"2025-03-18T16:39:03","modified_gmt":"2025-03-18T15:39:03","slug":"leucalyptus-aix-en-provence","status":"publish","type":"product","link":"https:\/\/booking-gaysejour.com\/gb\/guide\/leucalyptus-aix-en-provence\/","title":{"rendered":"L&#8217;Eucalyptus @ Aix-en-Provence"},"content":{"rendered":"<h3>Chambres d&#8217;h\u00f4tes &#8211; 2 pers. max &#8211; 1 chambre &#8211; 2 nuit\u00e9es minimum<\/h3>\n<p><strong>La maison d&#8217;h\u00f4tes<\/strong><\/p>\n<p>Laurent et Ludovic vous proposent une chambre d&#8217;h\u00f4tes dans leur maison \u00e0 moins de 10 minutes en voiture du centre d\u2019<strong>Aix en Provence<\/strong>.<\/p>\n<p>Vous disposerez d\u2019un <strong>espace privatif<\/strong> comprenant une entr\u00e9e avec un coin bureau, une chambre avec une<strong> salle de bain\u00a0<\/strong><b>privative<\/b> et des WC ind\u00e9pendants.<\/p>\n<p>Vous pourrez utiliser la <strong>piscine<\/strong> \u00e0 votre guise et profiter du<strong> jardin et des bains de soleils<\/strong> pour vous reposer.<\/p>\n<p>Un petit d\u00e9jeuner vous sera propos\u00e9 chaque matin.<\/p>\n<p><strong>Les alentours<\/strong><\/p>\n<p>Nous serons ravis de vous conseiller selon vos envies de visites et activit\u00e9s, qu\u2019elles soient culturelles, sportives, culinaires, etc.<\/p>\n<p>Notre maison d&#8217;h\u00f4tes est \u00e0 quelques kilom\u00e8tres de la c\u00e9l\u00e8bre <strong>montagne Sainte Victoire<\/strong>, des randonn\u00e9es du Barrage Zola et de Bimont, et du centre historique et culturel d&#8217;Aix en Provence.<\/p>\n","protected":false},"excerpt":{"rendered":"<p>Chambres d&#8217;h\u00f4tes &#8211; 2 pers. max &#8211; 1 chambre &#8211; 2 nuit\u00e9es minimum La maison d&#8217;h\u00f4tes Laurent et Ludovic vous proposent une chambre d&#8217;h\u00f4tes dans leur maison \u00e0 moins de 10 minutes en voiture du centre d\u2019Aix en Provence. Vous disposerez d\u2019un espace privatif comprenant une entr\u00e9e avec un coin bureau, une chambre avec une<a class=\"more-link\" href=\"https:\/\/booking-gaysejour.com\/gb\/guide\/leucalyptus-aix-en-provence\/\">Read more  &#10230;<\/a><\/p>\n","protected":false},"featured_media":54724,"template":"","meta":[],"product_brand":[],"product_cat":[1928,741,1038,834],"product_tag":[1223],"class_list":{"0":"post-63475","1":"product","2":"type-product","3":"status-publish","4":"has-post-thumbnail","6":"product_cat-hebergement-gb","7":"product_cat-france-gb","8":"product_cat-guesthouse-bnb","9":"product_cat-provence-alpes-cote-dazur-gb","10":"product_tag-piscine-gb","11":"pa_1-type-chambre-hotes-gb","12":"pa_2-chambre-et-salle-de-bain-air-conditioning","13":"pa_2-chambre-et-salle-de-bain-bathroom-towel","14":"pa_2-chambre-et-salle-de-bain-beach-towel","15":"pa_2-chambre-et-salle-de-bain-hair-dryer","16":"pa_2-chambre-et-salle-de-bain-linen","17":"pa_2-chambre-et-salle-de-bain-private-bathroom","18":"pa_2-chambre-et-salle-de-bain-terrasse-privative-gb","19":"pa_2-chambre-et-salle-de-bain-wc-privatif-gb","20":"pa_5-services-climatisation-gb-2","21":"pa_5-services-parking-on-premise","22":"pa_5-services-wifi-gratuit","23":"pa_6-installations-piscine-gb","24":"yith_shop_vendor-bb-leucalyptus-bouches-du-rhone","25":"yith_booking_service-petit-dejeuner-inclus-gb","27":"first","28":"instock","29":"virtual","30":"sold-individually","31":"purchasable","32":"product-type-booking"},"_links":{"self":[{"href":"https:\/\/booking-gaysejour.com\/gb\/wp-json\/wp\/v2\/product\/63475","targetHints":{"allow":["GET"]}}],"collection":[{"href":"https:\/\/booking-gaysejour.com\/gb\/wp-json\/wp\/v2\/product"}],"about":[{"href":"https:\/\/booking-gaysejour.com\/gb\/wp-json\/wp\/v2\/types\/product"}],"wp:featuredmedia":[{"embeddable":true,"href":"https:\/\/booking-gaysejour.com\/gb\/wp-json\/wp\/v2\/media\/54724"}],"wp:attachment":[{"href":"https:\/\/booking-gaysejour.com\/gb\/wp-json\/wp\/v2\/media?parent=63475"}],"wp:term":[{"taxonomy":"product_brand","embeddable":true,"href":"https:\/\/booking-gaysejour.com\/gb\/wp-json\/wp\/v2\/product_brand?post=63475"},{"taxonomy":"product_cat","embeddable":true,"href":"https:\/\/booking-gaysejour.com\/gb\/wp-json\/wp\/v2\/product_cat?post=63475"},{"taxonomy":"product_tag","embeddable":true,"href":"https:\/\/booking-gaysejour.com\/gb\/wp-json\/wp\/v2\/product_tag?post=63475"}],"curies":[{"name":"wp","href":"https:\/\/api.w.org\/{rel}","templated":true}]}}