{"id":63477,"date":"2021-11-30T18:07:07","date_gmt":"2021-11-30T17:07:07","guid":{"rendered":"https:\/\/booking-gaysejour.com\/room\/les-anes-de-vassiviere-peyrat-le-chateau-haute-vienne-la-roulotte\/"},"modified":"2025-03-18T16:39:02","modified_gmt":"2025-03-18T15:39:02","slug":"les-anes-de-vassiviere-peyrat-le-chateau-haute-vienne-la-roulotte","status":"publish","type":"product","link":"https:\/\/booking-gaysejour.com\/gb\/guide\/les-anes-de-vassiviere-peyrat-le-chateau-haute-vienne-la-roulotte\/","title":{"rendered":"La Roulotte @ Les Anes de Vassivi\u00e8re &#8211; Peyrat-le-Ch\u00e2teau"},"content":{"rendered":"<h2><b class=\"titre-srubrique\">Roulotte \u00e0 la ferme des \u00c2nes (2 personnes)<\/b><\/h2>\n<p>For\u00eats immenses, grands lacs, landes et tourbi\u00e8res \u2026 Bienvenue en Limousin\u00a0!<\/p>\n<p>Toute pimpante avec ses couleurs vives, la Roulotte des \u00c2nes de Vassivi\u00e8re inspire la joie de vivre !<\/p>\n<p>A l&#8217;ombre d&#8217;un grand ch\u00eane, elle surplombe la prairie o\u00f9 p\u00e2turent paisiblement les \u00e2nes. Vue d&#8217;ici, la montagne Limousine est bucolique \u00e0 souhait&#8230; Sit\u00f4t les quelques marches franchies, vous voici dans votre douillette petite maison de bois : un vrai petit nid pour une escapade en amoureux ! L&#8217;alc\u00f4ve o\u00f9 dormir est une invitation \u00e0 une soir\u00e9e romantique. Mais avant cela,\u00a0pr\u00e9parez la veill\u00e9e\u00a0 : la\u00a0lueur d&#8217;une bougie, un b\u00e2tonnet d&#8217;encens, quelques notes \u00e0 la guitare, une belle histoire d&#8217;inspiration tzigane&#8230; Les \u00e2nes aux longues oreilles viendront s\u00fbrement pour \u00e9couter.<\/p>\n<p><strong>La roulotte<\/strong>\u00a0est\u00a0install\u00e9e sur une\u00a0terrasse tranquille et ensoleill\u00e9e, en surplomb d&#8217;une prairie o\u00f9 p\u00e2turent les \u00e2nes.<br \/>\nElle est meubl\u00e9e avec 1 grand lit en alc\u00f4ve + table et chaises. A votre disposition pour chaque lit : couette, couverture et oreillers (vous pouvez apporter draps, duvets, housse de couette et taies \/ possibilit\u00e9 de louer des duvets sur place).<br \/>\nElle est \u00e9clair\u00e9e et chauff\u00e9e. Un petit r\u00e9frig\u00e9rateur et un micro-ondes sont \u00e0 disposition.<\/p>\n<p>Pour le petit d\u00e9jeuner, pour avoir un bon conseil de rando ou de resto, pour vous offrir un moment de d\u00e9tente avec un bon livre ou un grand verre de jus de pommes, venez nous voir dans l&#8217;ancienne grange. Nous vous y accueillons avec plaisir pour partager avec vous le meilleur de notre r\u00e9gion.<\/p>\n","protected":false},"excerpt":{"rendered":"<p>Roulotte \u00e0 la ferme des \u00c2nes (2 personnes) For\u00eats immenses, grands lacs, landes et tourbi\u00e8res \u2026 Bienvenue en Limousin\u00a0! Toute pimpante avec ses couleurs vives, la Roulotte des \u00c2nes de Vassivi\u00e8re inspire la joie de vivre ! A l&#8217;ombre d&#8217;un grand ch\u00eane, elle surplombe la prairie o\u00f9 p\u00e2turent paisiblement les \u00e2nes. Vue d&#8217;ici, la montagne<a class=\"more-link\" href=\"https:\/\/booking-gaysejour.com\/gb\/guide\/les-anes-de-vassiviere-peyrat-le-chateau-haute-vienne-la-roulotte\/\">Read more  &#10230;<\/a><\/p>\n","protected":false},"featured_media":57286,"template":"","meta":[],"product_brand":[],"product_cat":[1928,799,741,1038],"product_tag":[1311,1063,1834,1874,1318,1316,1873],"class_list":{"0":"post-63477","1":"product","2":"type-product","3":"status-publish","4":"has-post-thumbnail","6":"product_cat-hebergement-gb","7":"product_cat-aquitaine","8":"product_cat-france-gb","9":"product_cat-guesthouse-bnb","10":"product_tag-at-the-farm","11":"product_tag-campagne-gb","12":"product_tag-campsite","13":"product_tag-gipsy-caravan","14":"product_tag-hiking","15":"product_tag-sauna-gb","16":"product_tag-yurt","17":"pa_1-type-chambre-hotes-gb","18":"pa_6-installations-shared-kitchen","19":"yith_shop_vendor-la-ferme-de-anes-haute-vienne-gb","20":"yith_booking_service-petit-dejeuner-inclus-gb","22":"first","23":"instock","24":"virtual","25":"sold-individually","26":"purchasable","27":"product-type-booking"},"_links":{"self":[{"href":"https:\/\/booking-gaysejour.com\/gb\/wp-json\/wp\/v2\/product\/63477","targetHints":{"allow":["GET"]}}],"collection":[{"href":"https:\/\/booking-gaysejour.com\/gb\/wp-json\/wp\/v2\/product"}],"about":[{"href":"https:\/\/booking-gaysejour.com\/gb\/wp-json\/wp\/v2\/types\/product"}],"wp:featuredmedia":[{"embeddable":true,"href":"https:\/\/booking-gaysejour.com\/gb\/wp-json\/wp\/v2\/media\/57286"}],"wp:attachment":[{"href":"https:\/\/booking-gaysejour.com\/gb\/wp-json\/wp\/v2\/media?parent=63477"}],"wp:term":[{"taxonomy":"product_brand","embeddable":true,"href":"https:\/\/booking-gaysejour.com\/gb\/wp-json\/wp\/v2\/product_brand?post=63477"},{"taxonomy":"product_cat","embeddable":true,"href":"https:\/\/booking-gaysejour.com\/gb\/wp-json\/wp\/v2\/product_cat?post=63477"},{"taxonomy":"product_tag","embeddable":true,"href":"https:\/\/booking-gaysejour.com\/gb\/wp-json\/wp\/v2\/product_tag?post=63477"}],"curies":[{"name":"wp","href":"https:\/\/api.w.org\/{rel}","templated":true}]}}