{"id":63478,"date":"2021-10-20T10:44:16","date_gmt":"2021-10-20T08:44:16","guid":{"rendered":"https:\/\/booking-gaysejour.com\/room\/roulotte-camarguaise\/"},"modified":"2025-03-18T16:39:02","modified_gmt":"2025-03-18T15:39:02","slug":"roulotte-camarguaise","status":"publish","type":"product","link":"https:\/\/booking-gaysejour.com\/gb\/guide\/roulotte-camarguaise\/","title":{"rendered":"Roulotte Camarguaise @ Marsillargues"},"content":{"rendered":"<h3>Location de vacances &#8211; 2 personnes &#8211; Spa et Piscine<\/h3>\n<p>Venez d\u00e9couvrir notre roulotte camarguaise qui se trouve au c\u0153ur d&#8217;un potager. Il n&#8217;y a pas d&#8217;autre logement, vous \u00eates donc seul sans aucun vis \u00e0 vis. Vous trouverez le calme et la s\u00e9r\u00e9nit\u00e9 au milieu de la nature.<\/p>\n<p>Sur place vous pourrez d\u00e9guster une cuisine fait maison. Tous nos l\u00e9gumes sont r\u00e9colt\u00e9s sur place dans notre potager en permaculture. Notre carte change aux gr\u00e8s des saisons.<\/p>\n<p>Vous pouvez \u00e9galement louer notre roulotte pour une nuit &#8221; sp\u00e9cial amoureux&#8221;. Vous trouverez une d\u00e9coration romantique et vous aurez la possibilit\u00e9 de choisir des options comme : \u00a0massage et soins avec une esth\u00e9ticienne \/ \u00a0bouquet de fleurs \/ \u00a0vin ou champagne \/ \u00a0livraison de repas<\/p>\n","protected":false},"excerpt":{"rendered":"<p>Location de vacances &#8211; 2 personnes &#8211; Spa et Piscine Venez d\u00e9couvrir notre roulotte camarguaise qui se trouve au c\u0153ur d&#8217;un potager. Il n&#8217;y a pas d&#8217;autre logement, vous \u00eates donc seul sans aucun vis \u00e0 vis. Vous trouverez le calme et la s\u00e9r\u00e9nit\u00e9 au milieu de la nature. Sur place vous pourrez d\u00e9guster une<a class=\"more-link\" href=\"https:\/\/booking-gaysejour.com\/gb\/guide\/roulotte-camarguaise\/\">Read more  &#10230;<\/a><\/p>\n","protected":false},"featured_media":56999,"template":"","meta":[],"product_brand":[],"product_cat":[1928,741,1038,789,1059],"product_tag":[],"class_list":{"0":"post-63478","1":"product","2":"type-product","3":"status-publish","4":"has-post-thumbnail","6":"product_cat-hebergement-gb","7":"product_cat-france-gb","8":"product_cat-guesthouse-bnb","9":"product_cat-occitania","10":"product_cat-vacation-rental","11":"pa_1-type-chambre-hotes-gb","12":"pa_1-type-holiday-rental","13":"pa_2-chambre-et-salle-de-bain-air-conditioning","14":"pa_2-chambre-et-salle-de-bain-beach-towel","15":"pa_2-chambre-et-salle-de-bain-linen","16":"pa_2-chambre-et-salle-de-bain-private-bathroom","17":"pa_2-chambre-et-salle-de-bain-tv-chambre-gb","18":"pa_2-chambre-et-salle-de-bain-terrasse-privative-gb","19":"pa_2-chambre-et-salle-de-bain-placard-penderie-gb","20":"pa_2-chambre-et-salle-de-bain-wc-privatif-gb","21":"pa_5-services-parking-on-premise","22":"pa_5-services-petite-restauration","23":"pa_5-services-table-dhotes-gb-2","24":"pa_6-installations-climatisation-gb","25":"pa_6-installations-jacuzzi-gb","26":"pa_6-installations-piscine-gb","27":"yith_shop_vendor-roulotte-camarguaise-herault","29":"first","30":"instock","31":"virtual","32":"sold-individually","33":"purchasable","34":"product-type-booking"},"_links":{"self":[{"href":"https:\/\/booking-gaysejour.com\/gb\/wp-json\/wp\/v2\/product\/63478","targetHints":{"allow":["GET"]}}],"collection":[{"href":"https:\/\/booking-gaysejour.com\/gb\/wp-json\/wp\/v2\/product"}],"about":[{"href":"https:\/\/booking-gaysejour.com\/gb\/wp-json\/wp\/v2\/types\/product"}],"wp:featuredmedia":[{"embeddable":true,"href":"https:\/\/booking-gaysejour.com\/gb\/wp-json\/wp\/v2\/media\/56999"}],"wp:attachment":[{"href":"https:\/\/booking-gaysejour.com\/gb\/wp-json\/wp\/v2\/media?parent=63478"}],"wp:term":[{"taxonomy":"product_brand","embeddable":true,"href":"https:\/\/booking-gaysejour.com\/gb\/wp-json\/wp\/v2\/product_brand?post=63478"},{"taxonomy":"product_cat","embeddable":true,"href":"https:\/\/booking-gaysejour.com\/gb\/wp-json\/wp\/v2\/product_cat?post=63478"},{"taxonomy":"product_tag","embeddable":true,"href":"https:\/\/booking-gaysejour.com\/gb\/wp-json\/wp\/v2\/product_tag?post=63478"}],"curies":[{"name":"wp","href":"https:\/\/api.w.org\/{rel}","templated":true}]}}