{"id":63479,"date":"2021-08-26T15:38:25","date_gmt":"2021-08-26T13:38:25","guid":{"rendered":"https:\/\/booking-gaysejour.com\/room\/gay-guestoom-altea-alicante\/"},"modified":"2025-03-18T16:36:16","modified_gmt":"2025-03-18T15:36:16","slug":"gay-guestoom-altea-alicante","status":"publish","type":"product","link":"https:\/\/booking-gaysejour.com\/gb\/guide\/gay-guestoom-altea-alicante\/","title":{"rendered":"Gay guestoom @ Altea (Alicante)"},"content":{"rendered":"<h3>Chambre d&#8217;h\u00f4tes &#8211; 2 pers. max &#8211; 1 chambre &#8211; salle de bain privative &#8211; 7 nuit\u00e9es minimum<\/h3>\n<p>La villa est situ\u00e9e \u00e0 Altea, vous y appr\u00e9cierez le confort, le calme et l&#8217;emplacement. Un petit havre de paix avec vue mer, vue montagne et vue sur le golf. Vous profiterez de la piscine 10 x 4 m chauff\u00e9e de mars a fin novembre. Naturisme possible.<\/p>\n<p>L&#8217;endroit est id\u00e9al pour visiter le magnifique village d&#8217;Alt\u00e9a, le village m\u00e9di\u00e9val de Guadalest, les promenades dans la montagne Bernia, les plages de calpe, les bars et discotheques de Benidorm.<\/p>\n<p>Chaque jour \u00e0 la mi journ\u00e9e, vous appr\u00e9cierez un verre offert par les propri\u00e9taires vin de la r\u00e9gion, bi\u00e8re ou autre&#8230;.<\/p>\n<p>Nous vous proposons une chambre avec entr\u00e9e s\u00e9par\u00e9e de la maison, donnant sur une grande terrasse privative avec vue mer.<\/p>\n<p>La chambre dispose d&#8217;un lit de 160 cm, d&#8217;armoires murales, tv satellite, petit frigo, climatisation r\u00e9versible et d&#8217;une grande salle de bain.<\/p>\n<p>Le petit d\u00e9jeuner en option 100 euros pour 2 personnes pour la semaine.<\/p>\n<p>Les petits chiens et chats sont accept\u00e9s.<\/p>\n","protected":false},"excerpt":{"rendered":"<p>Chambre d&#8217;h\u00f4tes &#8211; 2 pers. max &#8211; 1 chambre &#8211; salle de bain privative &#8211; 7 nuit\u00e9es minimum La villa est situ\u00e9e \u00e0 Altea, vous y appr\u00e9cierez le confort, le calme et l&#8217;emplacement. Un petit havre de paix avec vue mer, vue montagne et vue sur le golf. Vous profiterez de la piscine 10 x<a class=\"more-link\" href=\"https:\/\/booking-gaysejour.com\/gb\/guide\/gay-guestoom-altea-alicante\/\">Read more  &#10230;<\/a><\/p>\n","protected":false},"featured_media":56353,"template":"","meta":[],"product_brand":[],"product_cat":[1928,741],"product_tag":[],"class_list":{"0":"post-63479","1":"product","2":"type-product","3":"status-publish","4":"has-post-thumbnail","6":"product_cat-hebergement-gb","7":"product_cat-france-gb","8":"pa_1-type-gay-men-only","9":"pa_1-type-chambre-hotes-gb","10":"pa_1-type-naturism","11":"pa_2-chambre-et-salle-de-bain-air-conditioning","12":"pa_2-chambre-et-salle-de-bain-linen","13":"pa_2-chambre-et-salle-de-bain-minibar-gb","14":"pa_2-chambre-et-salle-de-bain-private-bathroom","15":"pa_2-chambre-et-salle-de-bain-tv-chambre-gb","16":"pa_2-chambre-et-salle-de-bain-terrasse-privative-gb","17":"pa_2-chambre-et-salle-de-bain-placard-penderie-gb","18":"pa_2-chambre-et-salle-de-bain-wc-privatif-gb","19":"pa_2-chambre-et-salle-de-bain-wc-separes-gb","20":"pa_5-services-climatisation-gb-2","21":"pa_5-services-parking-on-premise","22":"pa_5-services-wifi-gratuit","23":"pa_6-installations-climatisation-gb","24":"pa_6-installations-heaten-pool","25":"yith_shop_vendor-gay-bnb-in-altea-spain","26":"yith_booking_service-option-petit-dejeuner-100-e-semaine","28":"first","29":"instock","30":"virtual","31":"sold-individually","32":"purchasable","33":"product-type-booking"},"_links":{"self":[{"href":"https:\/\/booking-gaysejour.com\/gb\/wp-json\/wp\/v2\/product\/63479","targetHints":{"allow":["GET"]}}],"collection":[{"href":"https:\/\/booking-gaysejour.com\/gb\/wp-json\/wp\/v2\/product"}],"about":[{"href":"https:\/\/booking-gaysejour.com\/gb\/wp-json\/wp\/v2\/types\/product"}],"wp:featuredmedia":[{"embeddable":true,"href":"https:\/\/booking-gaysejour.com\/gb\/wp-json\/wp\/v2\/media\/56353"}],"wp:attachment":[{"href":"https:\/\/booking-gaysejour.com\/gb\/wp-json\/wp\/v2\/media?parent=63479"}],"wp:term":[{"taxonomy":"product_brand","embeddable":true,"href":"https:\/\/booking-gaysejour.com\/gb\/wp-json\/wp\/v2\/product_brand?post=63479"},{"taxonomy":"product_cat","embeddable":true,"href":"https:\/\/booking-gaysejour.com\/gb\/wp-json\/wp\/v2\/product_cat?post=63479"},{"taxonomy":"product_tag","embeddable":true,"href":"https:\/\/booking-gaysejour.com\/gb\/wp-json\/wp\/v2\/product_tag?post=63479"}],"curies":[{"name":"wp","href":"https:\/\/api.w.org\/{rel}","templated":true}]}}