{"id":63481,"date":"2021-10-07T12:33:06","date_gmt":"2021-10-07T10:33:06","guid":{"rendered":"https:\/\/booking-gaysejour.com\/room\/villa-edensun-villa-saint-saturnin-les-apt\/"},"modified":"2022-12-09T16:23:51","modified_gmt":"2022-12-09T15:23:51","slug":"villa-edensun-villa-saint-saturnin-les-apt","status":"publish","type":"product","link":"https:\/\/booking-gaysejour.com\/gb\/guide\/villa-edensun-villa-saint-saturnin-les-apt\/","title":{"rendered":"Villa Edensun villa @ Saint Saturnin Les Apt"},"content":{"rendered":"<h3>Location de vacances \u2013 9\u00a0 pers. max \u2013 4 chambres \u2013 7 nuits minimum<\/h3>\n<p>La villa EDENSUN est id\u00e9alement situ\u00e9e dans le village de Saint Saturnin les apt.<\/p>\n<p>Celle ci se trouve \u00e0 10MM \u00e0 pied du centre du village (ou se trouvent toutes les commodit\u00e9s, boulangeries, petit super march\u00e9, pharmacie etc) et un tr\u00e8s charmant march\u00e9 provencal les mardis.<\/p>\n<p>La villa n&#8217;est pas isol\u00e9e mais vous n&#8217;avez aucun vis \u00e0 vis. le terrain fait environ 2000M2 et il est clos. la vue sur les montagnes du Luberon est tr\u00e8s belle et vous avez souvent un beau coucher de soleil<\/p>\n<p>La photo de pr\u00e9sentation repr\u00e9sente l int\u00e9gralit\u00e9 de la villa qui est tr\u00e8s longue.<\/p>\n<p>vous pouvez apercevoir un escalier ext\u00e9rieur qui m\u00e8ne \u00e0 la cuisine et des chambres (dont 1 avec un balcon et l&#8217;autre avec un acc\u00e9s \u00e0 l&#8217;ext\u00e9rieur)<\/p>\n<p>L&#8217;environnement est tr\u00e8s serein, vous \u00eates au calme et b\u00e9n\u00e9ficiez d&#8217;une superbe vue sur le Luberon.<\/p>\n<p>La piscine est assez grande (9X5) , s\u00e9curis\u00e9e . non chauff\u00e9e mais de juin \u00e0 mi octobre, ce n&#8217;est pas utile<\/p>\n<p>La villa EDENSUN b\u00e9n\u00e9ficie d&#8217;une superficie totale de 260M2 environ. une grande entr\u00e9e ou se trouve un bar. une grande buanderie avec de nombreux placards (une machine \u00e0 laver et une \u00e0 secher). table et fer \u00e0 repasser<\/p>\n<p>Salon et salle de s\u00e9jour sont tr\u00e8s conviviaux. Il s&#8217;y trouve la TV, des bibliotheques, un grand canap\u00e9, une chemin\u00e9e et la wifi<\/p>\n<p>une grande cuisine contemporaire , am\u00e9nag\u00e9e et \u00e9quip\u00e9e vous accueille (avec sa grande terrasse qui s&#8217;ouvre sur l&#8217;ext\u00e9rieur)<\/p>\n<p>vous pouvez y d\u00e9jeuner, diner et descendre dans le jardin vers la piscine.<\/p>\n<p>3 chambres (avec climatisation) sont \u00e0 votre disposition dans la villa . elles sont toutes en suite parentale. la quatri\u00e8me chambre est ind\u00e9pendante (en suite parentale \u00e9galement<\/p>\n<p>1 grand bureau , un canap\u00e9 lit \u00e0 l&#8217;\u00e9tage avec une vue magnifique sur les ocres de roussillon<\/p>\n<p>Tout est pr\u00e9vu dans la villa. le linge de maison, les draps, les serviettes de bain et de piscine<\/p>\n<p>un pisciniste d&#8217;ailleurs passe 1 \u00e0 2 fois par semaine selon les besoins. le jardin est entretenu \u00e9galement<\/p>\n<p>A partir de la villa, vous pouvez, \u00e0 pied ou en v\u00e9lo, faire de jolies ballades&#8230;ou tout simplement vous rendre au village..<\/p>\n<p>Bienvenue dans cette belle r\u00e9gion o\u00f9 je serais \u00e0 votre \u00e9coute pour tout besoin<\/p>\n","protected":false},"excerpt":{"rendered":"<p>Location de vacances \u2013 9\u00a0 pers. max \u2013 4 chambres \u2013 7 nuits minimum La villa EDENSUN est id\u00e9alement situ\u00e9e dans le village de Saint Saturnin les apt. Celle ci se trouve \u00e0 10MM \u00e0 pied du centre du village (ou se trouvent toutes les commodit\u00e9s, boulangeries, petit super march\u00e9, pharmacie etc) et un tr\u00e8s<a class=\"more-link\" href=\"https:\/\/booking-gaysejour.com\/gb\/guide\/villa-edensun-villa-saint-saturnin-les-apt\/\">Read more  &#10230;<\/a><\/p>\n","protected":false},"featured_media":56889,"template":"","meta":[],"product_brand":[],"product_cat":[1928,741,834,1059],"product_tag":[],"class_list":{"0":"post-63481","1":"product","2":"type-product","3":"status-publish","4":"has-post-thumbnail","6":"product_cat-hebergement-gb","7":"product_cat-france-gb","8":"product_cat-provence-alpes-cote-dazur-gb","9":"product_cat-vacation-rental","10":"pa_1-type-holiday-rental","11":"pa_2-chambre-et-salle-de-bain-air-conditioning","12":"pa_2-chambre-et-salle-de-bain-bathroom-towel","13":"pa_2-chambre-et-salle-de-bain-beach-towel","14":"pa_2-chambre-et-salle-de-bain-hair-dryer","15":"pa_2-chambre-et-salle-de-bain-linen","16":"pa_2-chambre-et-salle-de-bain-private-bathroom","17":"pa_2-chambre-et-salle-de-bain-tv-chambre-gb","18":"pa_2-chambre-et-salle-de-bain-terrasse-privative-gb","19":"pa_2-chambre-et-salle-de-bain-placard-penderie-gb","20":"pa_5-services-climatisation-gb-2","21":"pa_5-services-washer","22":"pa_5-services-wifi-gratuit","23":"pa_6-installations-climatisation-gb","24":"pa_6-installations-fireplace","25":"pa_6-installations-piscine-gb","26":"pa_6-installations-tv-room","27":"yith_shop_vendor-villa-edensun-vaucluse-france","29":"first","30":"instock","31":"virtual","32":"sold-individually","33":"purchasable","34":"product-type-booking"},"_links":{"self":[{"href":"https:\/\/booking-gaysejour.com\/gb\/wp-json\/wp\/v2\/product\/63481","targetHints":{"allow":["GET"]}}],"collection":[{"href":"https:\/\/booking-gaysejour.com\/gb\/wp-json\/wp\/v2\/product"}],"about":[{"href":"https:\/\/booking-gaysejour.com\/gb\/wp-json\/wp\/v2\/types\/product"}],"wp:featuredmedia":[{"embeddable":true,"href":"https:\/\/booking-gaysejour.com\/gb\/wp-json\/wp\/v2\/media\/56889"}],"wp:attachment":[{"href":"https:\/\/booking-gaysejour.com\/gb\/wp-json\/wp\/v2\/media?parent=63481"}],"wp:term":[{"taxonomy":"product_brand","embeddable":true,"href":"https:\/\/booking-gaysejour.com\/gb\/wp-json\/wp\/v2\/product_brand?post=63481"},{"taxonomy":"product_cat","embeddable":true,"href":"https:\/\/booking-gaysejour.com\/gb\/wp-json\/wp\/v2\/product_cat?post=63481"},{"taxonomy":"product_tag","embeddable":true,"href":"https:\/\/booking-gaysejour.com\/gb\/wp-json\/wp\/v2\/product_tag?post=63481"}],"curies":[{"name":"wp","href":"https:\/\/api.w.org\/{rel}","templated":true}]}}