{"id":63482,"date":"2021-10-20T11:30:15","date_gmt":"2021-10-20T09:30:15","guid":{"rendered":"https:\/\/booking-gaysejour.com\/room\/les-glycines-guesthouse-in-the-heart-of-beauce-bonneval\/"},"modified":"2025-03-18T16:36:16","modified_gmt":"2025-03-18T15:36:16","slug":"les-glycines-guesthouse-in-the-heart-of-beauce-bonneval","status":"publish","type":"product","link":"https:\/\/booking-gaysejour.com\/gb\/guide\/les-glycines-guesthouse-in-the-heart-of-beauce-bonneval\/","title":{"rendered":"Les Glycines, guesthouse in the heart of Beauce @ Bonneval"},"content":{"rendered":"<h3>Guesthouse &#8211; 2 rooms &#8211; accommodate up to 4 people<\/h3>\n<p>Maison bourgeoise situ\u00e9e en centre ville de bonneval, petite venise de beauce, entr\u00e9e par porche, donnant acc\u00e8s \u00e0 la maison et au jardin.<\/p>\n<p>Notre maison est un ancien relais diligence. Au bout de notre jardin, vous aurez acc\u00e8s \u00e0 une grande terrasse donnant sur le loir.<\/p>\n<p>Vous pourrez venir vous reposer chez nous, un ou plusieurs jours, nous confectionnons les repas en fonction des saisons et vous aurez la possibilit\u00e9 de faire votre menu vous m\u00eame. Nous avons h\u00e2te de vous accueillir.<\/p>\n<p>&nbsp;<\/p>\n","protected":false},"excerpt":{"rendered":"<p>Guesthouse &#8211; 2 rooms &#8211; accommodate up to 4 people Maison bourgeoise situ\u00e9e en centre ville de bonneval, petite venise de beauce, entr\u00e9e par porche, donnant acc\u00e8s \u00e0 la maison et au jardin. Notre maison est un ancien relais diligence. Au bout de notre jardin, vous aurez acc\u00e8s \u00e0 une grande terrasse donnant sur le<a class=\"more-link\" href=\"https:\/\/booking-gaysejour.com\/gb\/guide\/les-glycines-guesthouse-in-the-heart-of-beauce-bonneval\/\">Read more  &#10230;<\/a><\/p>\n","protected":false},"featured_media":57006,"template":"","meta":[],"product_brand":[],"product_cat":[1928,741,1038,803],"product_tag":[1063,1323],"class_list":{"0":"post-63482","1":"product","2":"type-product","3":"status-publish","4":"has-post-thumbnail","6":"product_cat-hebergement-gb","7":"product_cat-france-gb","8":"product_cat-guesthouse-bnb","9":"product_cat-the-loire-valley","10":"product_tag-campagne-gb","11":"product_tag-meal-service","12":"pa_1-type-chambre-hotes-gb","13":"pa_2-chambre-et-salle-de-bain-linen","14":"pa_2-chambre-et-salle-de-bain-shared-bathroom","15":"pa_2-chambre-et-salle-de-bain-tv-chambre-gb","16":"pa_2-chambre-et-salle-de-bain-placard-penderie-gb","17":"pa_2-chambre-et-salle-de-bain-wc-separes-gb","18":"pa_5-services-parking-on-premise","19":"pa_5-services-table-dhotes-gb-2","20":"pa_5-services-washer","21":"pa_5-services-wifi-gratuit","22":"pa_6-installations-tv-room-gb","23":"yith_shop_vendor-les-glycines-bonneval-eure-et-loir","25":"first","26":"instock","27":"virtual","28":"sold-individually","29":"purchasable","30":"product-type-booking"},"_links":{"self":[{"href":"https:\/\/booking-gaysejour.com\/gb\/wp-json\/wp\/v2\/product\/63482","targetHints":{"allow":["GET"]}}],"collection":[{"href":"https:\/\/booking-gaysejour.com\/gb\/wp-json\/wp\/v2\/product"}],"about":[{"href":"https:\/\/booking-gaysejour.com\/gb\/wp-json\/wp\/v2\/types\/product"}],"wp:featuredmedia":[{"embeddable":true,"href":"https:\/\/booking-gaysejour.com\/gb\/wp-json\/wp\/v2\/media\/57006"}],"wp:attachment":[{"href":"https:\/\/booking-gaysejour.com\/gb\/wp-json\/wp\/v2\/media?parent=63482"}],"wp:term":[{"taxonomy":"product_brand","embeddable":true,"href":"https:\/\/booking-gaysejour.com\/gb\/wp-json\/wp\/v2\/product_brand?post=63482"},{"taxonomy":"product_cat","embeddable":true,"href":"https:\/\/booking-gaysejour.com\/gb\/wp-json\/wp\/v2\/product_cat?post=63482"},{"taxonomy":"product_tag","embeddable":true,"href":"https:\/\/booking-gaysejour.com\/gb\/wp-json\/wp\/v2\/product_tag?post=63482"}],"curies":[{"name":"wp","href":"https:\/\/api.w.org\/{rel}","templated":true}]}}