{"id":63486,"date":"2021-05-11T14:16:27","date_gmt":"2021-05-11T12:16:27","guid":{"rendered":"https:\/\/booking-gaysejour.com\/room\/at-the-heart-of-the-party-sitges\/"},"modified":"2025-03-18T16:39:05","modified_gmt":"2025-03-18T15:39:05","slug":"at-the-heart-of-the-party-sitges","status":"publish","type":"product","link":"https:\/\/booking-gaysejour.com\/gb\/guide\/at-the-heart-of-the-party-sitges\/","title":{"rendered":"At the heart of the party @ Sitges"},"content":{"rendered":"<h3>Location de vacances 2 pers &#8211; 1 chambre &#8211; 5 nuits minimum<\/h3>\n<p>Notre appartement se situe en plein <strong>centre-ville<\/strong>\u00a0 de Sitges en Espagne, dans une rue anim\u00e9e (commerces, bars et bo\u00eetes de nuit), mais \u00e9galement \u00e0 90 m des <strong>plages<\/strong> (et \u00e0 10 min de la plage naturiste Balmins).<\/p>\n<p>R\u00e9cemment r\u00e9nov\u00e9, il se compose d&#8217;une chambre double, d&#8217;une salle \u00e0 manger avec cuisine am\u00e9ricaine, d&#8217;une salle de bain avec douche \u00e0 l&#8217;italienne et d&#8217;un <strong>balcon<\/strong> avec table et chaises (le seul endroit o\u00f9 l&#8217;on peut fumer)<br \/>\nIl est \u00e9quip\u00e9 d&#8217;un t\u00e9l\u00e9viseur (cha\u00eenes fran\u00e7aises et espagnoles), poste radio\/CD, WIFI, climatisation et chauffage, lave linge.<\/p>\n<p>Il se situe au 2\u00e8me \u00e9tage (ascenseur).<\/p>\n<h3>Localisation et int\u00e9r\u00eats touristiques<\/h3>\n<p>Sitges est une ville c\u00f4ti\u00e8re de la r\u00e9gion Catalogne, en Espagne, \u00e0 40km au sud de <strong>Barcelone<\/strong>. Elle a pour toile de fond le <strong>parc naturel montagneux del Garraf<\/strong>. La ville est connue pour ses <strong>plages m\u00e9diterran\u00e9ennes<\/strong> mais aussi pour sa promenade en front de mer, bord\u00e9e par d\u2019imposantes demeures. La vieille ville compacte et les rues environnantes regorgent de boutiques, de restaurants et \u00e9galement de nombreux <strong>bars et bo\u00eetes de nuit gay<\/strong>. Le mus\u00e9e Maricel et le mus\u00e9e Cau Ferrat exposent de l\u2019art catalan et espagnol.<\/p>\n<h3>Entr\u00e9e \/ sortie<\/h3>\n<p>Si nous ne pouvons pas vous accueillir personnellement sur place, nous donnons tout pouvoir de repr\u00e9sentation \u00e0 M. Carles Sanchez Gonzalez, agent immobilier de l&#8217;agence Novallar, 21 carrer San Josep \u00e0 Sitges (0034 93 810 24 29). Son intervention est comprise dans le prix de la location.<\/p>\n<p>Les entr\u00e9es et sorties peuvent se faire <strong>tous les jours sauf le dimanche<\/strong>. L&#8217;arriv\u00e9e peut se faire de 16h \u00e0 20h (voire plus tard, en accord avec l&#8217;agent immobilier).<\/p>\n<p>&nbsp;<\/p>\n","protected":false},"excerpt":{"rendered":"<p>Location de vacances 2 pers &#8211; 1 chambre &#8211; 5 nuits minimum Notre appartement se situe en plein centre-ville\u00a0 de Sitges en Espagne, dans une rue anim\u00e9e (commerces, bars et bo\u00eetes de nuit), mais \u00e9galement \u00e0 90 m des plages (et \u00e0 10 min de la plage naturiste Balmins). R\u00e9cemment r\u00e9nov\u00e9, il se compose d&#8217;une<a class=\"more-link\" href=\"https:\/\/booking-gaysejour.com\/gb\/guide\/at-the-heart-of-the-party-sitges\/\">Read more  &#10230;<\/a><\/p>\n","protected":false},"featured_media":51460,"template":"","meta":[],"product_brand":[],"product_cat":[1928,924,758],"product_tag":[1064,1659],"class_list":{"0":"post-63486","1":"product","2":"type-product","3":"status-publish","4":"has-post-thumbnail","6":"product_cat-hebergement-gb","7":"product_cat-barcelona","8":"product_cat-spain","9":"product_tag-gay-only-gb","10":"product_tag-seaside","11":"pa_1-type-gay-men-only","12":"pa_1-type-holiday-rental","13":"pa_2-chambre-et-salle-de-bain-air-conditioning","14":"pa_2-chambre-et-salle-de-bain-bathroom-towel","15":"pa_2-chambre-et-salle-de-bain-hair-dryer","16":"pa_2-chambre-et-salle-de-bain-linen","17":"pa_2-chambre-et-salle-de-bain-private-bathroom","18":"pa_2-chambre-et-salle-de-bain-placard-penderie-gb","19":"pa_2-chambre-et-salle-de-bain-wc-privatif-gb","20":"pa_5-services-climatisation-gb-2","21":"pa_5-services-washer","22":"pa_5-services-wifi-gratuit","23":"pa_6-installations-elevator","24":"pa_6-installations-tv-room","25":"yith_shop_vendor-maison-dhotes-fred-jules-correze-gb","26":"yith_booking_service-linen-included","28":"first","29":"instock","30":"virtual","31":"sold-individually","32":"purchasable","33":"product-type-booking"},"_links":{"self":[{"href":"https:\/\/booking-gaysejour.com\/gb\/wp-json\/wp\/v2\/product\/63486","targetHints":{"allow":["GET"]}}],"collection":[{"href":"https:\/\/booking-gaysejour.com\/gb\/wp-json\/wp\/v2\/product"}],"about":[{"href":"https:\/\/booking-gaysejour.com\/gb\/wp-json\/wp\/v2\/types\/product"}],"wp:featuredmedia":[{"embeddable":true,"href":"https:\/\/booking-gaysejour.com\/gb\/wp-json\/wp\/v2\/media\/51460"}],"wp:attachment":[{"href":"https:\/\/booking-gaysejour.com\/gb\/wp-json\/wp\/v2\/media?parent=63486"}],"wp:term":[{"taxonomy":"product_brand","embeddable":true,"href":"https:\/\/booking-gaysejour.com\/gb\/wp-json\/wp\/v2\/product_brand?post=63486"},{"taxonomy":"product_cat","embeddable":true,"href":"https:\/\/booking-gaysejour.com\/gb\/wp-json\/wp\/v2\/product_cat?post=63486"},{"taxonomy":"product_tag","embeddable":true,"href":"https:\/\/booking-gaysejour.com\/gb\/wp-json\/wp\/v2\/product_tag?post=63486"}],"curies":[{"name":"wp","href":"https:\/\/api.w.org\/{rel}","templated":true}]}}