{"id":63487,"date":"2021-02-15T15:23:37","date_gmt":"2021-02-15T14:23:37","guid":{"rendered":"https:\/\/booking-gaysejour.com\/room\/house-with-pool-2-7-personnes-les-termes-sarlat\/"},"modified":"2025-03-18T16:39:08","modified_gmt":"2025-03-18T15:39:08","slug":"house-with-pool-2-7-personnes-les-termes-sarlat","status":"publish","type":"product","link":"https:\/\/booking-gaysejour.com\/gb\/guide\/house-with-pool-2-7-personnes-les-termes-sarlat\/","title":{"rendered":"House rental with pool 2\/7 personnes @ Les Termes  &#8211; Sarlat"},"content":{"rendered":"<h3>Location de vacances &#8211; 7 personnes max &#8211; 3 chambres lit double<\/h3>\n<p align=\"justify\">La maison, isol\u00e9e, est situ\u00e9e au milieu d&#8217;un parc arbor\u00e9 d&#8217;un hectare en situation dominante, sans vis-avis, prot\u00e9g\u00e9e par des haies, \u00e0 l&#8217;abri des regards.<\/p>\n<p align=\"justify\"><strong>Le naturisme est\u00a0possible sur toute la propri\u00e9t\u00e9<\/strong> (maison, parc, piscine..)<\/p>\n<p align=\"justify\">Belle piscine priv\u00e9e\u00a0et de transats ainsi qu&#8217;un barbecue.<\/p>\n<p>Capacit\u00e9 7 personnes sur 200 m\u00b2 habitable<\/p>\n<p>Tout confort \u2013 4 \u00e9toiles par agr\u00e9ment pr\u00e9fectoral<\/p>\n<p><strong>LOCATION A LA SEMAINE (samedi au samedi)<\/strong><\/p>\n<p>&nbsp;<\/p>\n","protected":false},"excerpt":{"rendered":"<p>Location de vacances &#8211; 7 personnes max &#8211; 3 chambres lit double La maison, isol\u00e9e, est situ\u00e9e au milieu d&#8217;un parc arbor\u00e9 d&#8217;un hectare en situation dominante, sans vis-avis, prot\u00e9g\u00e9e par des haies, \u00e0 l&#8217;abri des regards. Le naturisme est\u00a0possible sur toute la propri\u00e9t\u00e9 (maison, parc, piscine..) Belle piscine priv\u00e9e\u00a0et de transats ainsi qu&#8217;un barbecue.<a class=\"more-link\" href=\"https:\/\/booking-gaysejour.com\/gb\/guide\/house-with-pool-2-7-personnes-les-termes-sarlat\/\">Read more  &#10230;<\/a><\/p>\n","protected":false},"featured_media":48957,"template":"","meta":[],"product_brand":[],"product_cat":[799,741],"product_tag":[1306,1223],"class_list":{"0":"post-63487","1":"product","2":"type-product","3":"status-publish","4":"has-post-thumbnail","6":"product_cat-aquitaine","7":"product_cat-france-gb","8":"product_tag-naturiste-gb","9":"product_tag-piscine-gb","10":"pa_1-type-holiday-rental","11":"pa_5-services-wifi-gratuit","12":"pa_6-installations-piscine-gb","13":"pa_6-installations-tv-room","14":"yith_shop_vendor-les-termes-lot-et-garonne","16":"first","17":"instock","18":"virtual","19":"sold-individually","20":"purchasable","21":"product-type-booking"},"_links":{"self":[{"href":"https:\/\/booking-gaysejour.com\/gb\/wp-json\/wp\/v2\/product\/63487","targetHints":{"allow":["GET"]}}],"collection":[{"href":"https:\/\/booking-gaysejour.com\/gb\/wp-json\/wp\/v2\/product"}],"about":[{"href":"https:\/\/booking-gaysejour.com\/gb\/wp-json\/wp\/v2\/types\/product"}],"wp:featuredmedia":[{"embeddable":true,"href":"https:\/\/booking-gaysejour.com\/gb\/wp-json\/wp\/v2\/media\/48957"}],"wp:attachment":[{"href":"https:\/\/booking-gaysejour.com\/gb\/wp-json\/wp\/v2\/media?parent=63487"}],"wp:term":[{"taxonomy":"product_brand","embeddable":true,"href":"https:\/\/booking-gaysejour.com\/gb\/wp-json\/wp\/v2\/product_brand?post=63487"},{"taxonomy":"product_cat","embeddable":true,"href":"https:\/\/booking-gaysejour.com\/gb\/wp-json\/wp\/v2\/product_cat?post=63487"},{"taxonomy":"product_tag","embeddable":true,"href":"https:\/\/booking-gaysejour.com\/gb\/wp-json\/wp\/v2\/product_tag?post=63487"}],"curies":[{"name":"wp","href":"https:\/\/api.w.org\/{rel}","templated":true}]}}