{"id":63488,"date":"2021-01-25T17:26:12","date_gmt":"2021-01-25T16:26:12","guid":{"rendered":"https:\/\/booking-gaysejour.com\/room\/standard-room-ferme-de-laupiliere-sarrazac\/"},"modified":"2022-12-09T15:58:25","modified_gmt":"2022-12-09T14:58:25","slug":"standard-room-ferme-de-laupiliere-sarrazac","status":"publish","type":"product","link":"https:\/\/booking-gaysejour.com\/gb\/guide\/standard-room-ferme-de-laupiliere-sarrazac\/","title":{"rendered":"Standard room  @ Ferme de Laupili\u00e8re &#8211; Sarrazac"},"content":{"rendered":"<h3>Chambre d&#8217;h\u00f4tes double lit 140 cm &#8211; salle de bains privative<\/h3>\n<p>Notre maison d\u2019h\u00f4tes \u00e0 Sarrazac est une maison restaur\u00e9e et typiquement p\u00e9rigourdine offrant 2 chambres standards \u00e9quip\u00e9es d&#8217;une salle d&#8217;eau et wc priv\u00e9s, TV \u00e0 \u00e9cran plat.<\/p>\n<p>Une salle commune avec coin cuisine est \u00e0 disposition, biblioth\u00e8que, chemin\u00e9e, r\u00e9frig\u00e9rateur<\/p>\n<p>Terrasse avec salon de jardin<\/p>\n","protected":false},"excerpt":{"rendered":"<p>Chambre d&#8217;h\u00f4tes double lit 140 cm &#8211; salle de bains privative Notre maison d\u2019h\u00f4tes \u00e0 Sarrazac est une maison restaur\u00e9e et typiquement p\u00e9rigourdine offrant 2 chambres standards \u00e9quip\u00e9es d&#8217;une salle d&#8217;eau et wc priv\u00e9s, TV \u00e0 \u00e9cran plat. Une salle commune avec coin cuisine est \u00e0 disposition, biblioth\u00e8que, chemin\u00e9e, r\u00e9frig\u00e9rateur Terrasse avec salon de jardin<\/p>\n","protected":false},"featured_media":46459,"template":"","meta":[],"product_brand":[],"product_cat":[1928,799,741],"product_tag":[1311,1063,1611,1223],"class_list":{"0":"post-63488","1":"product","2":"type-product","3":"status-publish","4":"has-post-thumbnail","6":"product_cat-hebergement-gb","7":"product_cat-aquitaine","8":"product_cat-france-gb","9":"product_tag-at-the-farm","10":"product_tag-campagne-gb","11":"product_tag-jacuzzi-gb","12":"product_tag-piscine-gb","13":"pa_1-type-chambre-hotes-gb","14":"pa_2-chambre-et-salle-de-bain-linen","15":"pa_2-chambre-et-salle-de-bain-private-bathroom","16":"pa_2-chambre-et-salle-de-bain-tv-chambre-gb","17":"pa_5-services-handicap-gb","18":"pa_5-services-parking-on-premise","19":"pa_5-services-wifi-gratuit","20":"pa_6-installations-fireplace","21":"pa_6-installations-jacuzzi-gb","22":"pa_6-installations-piscine-gb","23":"yith_shop_vendor-la-ferme-de-laupiliere-dordogne-france","24":"yith_booking_service-petit-dejeuner-inclus-gb","26":"first","27":"instock","28":"virtual","29":"sold-individually","30":"purchasable","31":"product-type-booking"},"_links":{"self":[{"href":"https:\/\/booking-gaysejour.com\/gb\/wp-json\/wp\/v2\/product\/63488","targetHints":{"allow":["GET"]}}],"collection":[{"href":"https:\/\/booking-gaysejour.com\/gb\/wp-json\/wp\/v2\/product"}],"about":[{"href":"https:\/\/booking-gaysejour.com\/gb\/wp-json\/wp\/v2\/types\/product"}],"wp:featuredmedia":[{"embeddable":true,"href":"https:\/\/booking-gaysejour.com\/gb\/wp-json\/wp\/v2\/media\/46459"}],"wp:attachment":[{"href":"https:\/\/booking-gaysejour.com\/gb\/wp-json\/wp\/v2\/media?parent=63488"}],"wp:term":[{"taxonomy":"product_brand","embeddable":true,"href":"https:\/\/booking-gaysejour.com\/gb\/wp-json\/wp\/v2\/product_brand?post=63488"},{"taxonomy":"product_cat","embeddable":true,"href":"https:\/\/booking-gaysejour.com\/gb\/wp-json\/wp\/v2\/product_cat?post=63488"},{"taxonomy":"product_tag","embeddable":true,"href":"https:\/\/booking-gaysejour.com\/gb\/wp-json\/wp\/v2\/product_tag?post=63488"}],"curies":[{"name":"wp","href":"https:\/\/api.w.org\/{rel}","templated":true}]}}