{"id":63489,"date":"2021-06-24T15:29:59","date_gmt":"2021-06-24T13:29:59","guid":{"rendered":"https:\/\/booking-gaysejour.com\/room\/le-mazet-gite-de-charme-avec-piscine\/"},"modified":"2025-03-18T16:39:03","modified_gmt":"2025-03-18T15:39:03","slug":"le-mazet-gite-de-charme-avec-piscine","status":"publish","type":"product","link":"https:\/\/booking-gaysejour.com\/gb\/guide\/le-mazet-gite-de-charme-avec-piscine\/","title":{"rendered":"Le Mazet &#8211; G\u00eete de charme avec piscine @ Ports sur Vienne"},"content":{"rendered":"<h3>Location de vacances &#8211; 2 pers. max &#8211; 1 chambre &#8211; 2 nuit\u00e9es minimum<\/h3>\n<p>Pr\u00e8s de Descartes, Sach\u00e9, \u00e0 40 minutes du Futuroscope et d&#8217;Azay-le-Rideau, \u00e0 30 minutes de La Roche-Posay, ce g\u00eete vous s\u00e9duira par son originalit\u00e9, sa situation g\u00e9ographique et par le calme environnant.<\/p>\n<p>Situ\u00e9 en haut d&#8217;une colline dominant la <strong>vall\u00e9e de la Vienne<\/strong>, vous serez log\u00e9s dans une petite maison en <strong>pierre de tuffeaux<\/strong> de 25 m\u00b2 dot\u00e9 d\u2019un salon, d\u2019un coin nuit, d\u2019une <strong>cuisine \u00e9quip\u00e9e<\/strong>, d\u2019 une salle d\u2019eau avec douche et WC. Vous disposerez d\u2019un petit <strong>jardin privatif<\/strong> avec salon de jardin.<\/p>\n<p>Une <strong>piscine<\/strong> privative toute entour\u00e9e de bois vous attend pour vous rafra\u00eechir. Son usage peut \u00eatre partag\u00e9 avec Marie et R\u00e9gine.<\/p>\n<p>Les propri\u00e9taires habitant sur place vous accueilleront et pr\u00e9serveront votre intimit\u00e9. Il y a des chiens, chats et poules sur la propri\u00e9t\u00e9, il est donc pr\u00e9f\u00e9rable d&#8217;<strong>aimer les animaux<\/strong>.<\/p>\n<p>Le boulanger passe 6 jours sur 7 devant le portail de la maison et les commerces sont \u00e0 10 minutes \u00e0 pied.<\/p>\n<p>Nombreux <strong>sentiers de randonn\u00e9es<\/strong>. Des <strong>v\u00e9los<\/strong> sont \u00e0 disposition<\/p>\n<p>Possibilit\u00e9 de venir vous chercher \u00e0 la gare de Port de Pilles.<\/p>\n","protected":false},"excerpt":{"rendered":"<p>Location de vacances &#8211; 2 pers. max &#8211; 1 chambre &#8211; 2 nuit\u00e9es minimum Pr\u00e8s de Descartes, Sach\u00e9, \u00e0 40 minutes du Futuroscope et d&#8217;Azay-le-Rideau, \u00e0 30 minutes de La Roche-Posay, ce g\u00eete vous s\u00e9duira par son originalit\u00e9, sa situation g\u00e9ographique et par le calme environnant. Situ\u00e9 en haut d&#8217;une colline dominant la vall\u00e9e de<a class=\"more-link\" href=\"https:\/\/booking-gaysejour.com\/gb\/guide\/le-mazet-gite-de-charme-avec-piscine\/\">Read more  &#10230;<\/a><\/p>\n","protected":false},"featured_media":54019,"template":"","meta":[],"product_brand":[],"product_cat":[1928,741,803,1059],"product_tag":[1063,1312,1223],"class_list":{"0":"post-63489","1":"product","2":"type-product","3":"status-publish","4":"has-post-thumbnail","6":"product_cat-hebergement-gb","7":"product_cat-france-gb","8":"product_cat-the-loire-valley","9":"product_cat-vacation-rental","10":"product_tag-campagne-gb","11":"product_tag-futuroscope-gb","12":"product_tag-piscine-gb","13":"pa_1-type-holiday-rental","14":"pa_2-chambre-et-salle-de-bain-bathroom-towel","15":"pa_2-chambre-et-salle-de-bain-beach-towel","16":"pa_2-chambre-et-salle-de-bain-linen","17":"pa_2-chambre-et-salle-de-bain-private-bathroom","18":"pa_2-chambre-et-salle-de-bain-placard-penderie-gb","19":"pa_2-chambre-et-salle-de-bain-wc-privatif-gb","20":"pa_5-services-bikes-on-premise","21":"pa_5-services-free-parking-nearby","22":"pa_5-services-wifi-gratuit","23":"pa_6-installations-piscine-gb","24":"pa_6-installations-tv-room","25":"yith_shop_vendor-le-mazet-indre-et-loire-valley","26":"yith_booking_service-linen-included","28":"first","29":"instock","30":"virtual","31":"sold-individually","32":"purchasable","33":"product-type-booking"},"_links":{"self":[{"href":"https:\/\/booking-gaysejour.com\/gb\/wp-json\/wp\/v2\/product\/63489","targetHints":{"allow":["GET"]}}],"collection":[{"href":"https:\/\/booking-gaysejour.com\/gb\/wp-json\/wp\/v2\/product"}],"about":[{"href":"https:\/\/booking-gaysejour.com\/gb\/wp-json\/wp\/v2\/types\/product"}],"wp:featuredmedia":[{"embeddable":true,"href":"https:\/\/booking-gaysejour.com\/gb\/wp-json\/wp\/v2\/media\/54019"}],"wp:attachment":[{"href":"https:\/\/booking-gaysejour.com\/gb\/wp-json\/wp\/v2\/media?parent=63489"}],"wp:term":[{"taxonomy":"product_brand","embeddable":true,"href":"https:\/\/booking-gaysejour.com\/gb\/wp-json\/wp\/v2\/product_brand?post=63489"},{"taxonomy":"product_cat","embeddable":true,"href":"https:\/\/booking-gaysejour.com\/gb\/wp-json\/wp\/v2\/product_cat?post=63489"},{"taxonomy":"product_tag","embeddable":true,"href":"https:\/\/booking-gaysejour.com\/gb\/wp-json\/wp\/v2\/product_tag?post=63489"}],"curies":[{"name":"wp","href":"https:\/\/api.w.org\/{rel}","templated":true}]}}