{"id":63490,"date":"2021-06-25T11:42:49","date_gmt":"2021-06-25T09:42:49","guid":{"rendered":"https:\/\/booking-gaysejour.com\/room\/chateau-de-vallagon-art-chambre-8-20m%c2%b2\/"},"modified":"2025-03-18T16:39:03","modified_gmt":"2025-03-18T15:39:03","slug":"chateau-de-vallagon-art-chambre-8-20m%c2%b2","status":"publish","type":"product","link":"https:\/\/booking-gaysejour.com\/gb\/guide\/chateau-de-vallagon-art-chambre-8-20m%c2%b2\/","title":{"rendered":"Chambre 8 (20m\u00b2)  @ Ch\u00e2teau de Vallagon Art Montrichard Val de Cher"},"content":{"rendered":"<h3>Chambre d&#8217;h\u00f4tes &#8211; 2 pers. max &#8211; 1 lit king size &#8211; salle de bain privative &#8211; 2 nuit\u00e9es minimum<\/h3>\n<p><strong>La chambre<\/strong><\/p>\n<p>La chambre 8 de 20 m\u00b2 au deuxi\u00e8me \u00e9tage, pour 2 personnes, poss\u00e8de un lit king size ainsi qu&#8217;une salle de bain et WC privatifs.<\/p>\n<p><strong>Le ch\u00e2teau<\/strong><\/p>\n<p>En plein c\u0153ur de la vall\u00e9e du Cher, \u00e0 1h45 de Paris, le Ch\u00e2teau de Vallagon Art vous accueille pour un s\u00e9jour convivial dans un havre de paix.<\/p>\n<p>Vous serez re\u00e7us par une \u00e9quipe sympathique qui vous proposera de nombreuses activit\u00e9s aux alentours (Cave champignonni\u00e8re, Ville souterraine, Balades \u00e0 v\u00e9lo, Tours de montgolfi\u00e8re, Zoo de Beauval&#8230;) et partagera avec plaisir de nombreuses anecdotes sur ce chateau du XVIII\u00e8me si\u00e8cle et sur la ville m\u00e9di\u00e9vale de Montrichard.<\/p>\n<p>Vous \u00eates plus nombreux ? N&#8217;h\u00e9sitez pas \u00e0 r\u00e9server nos autres chambres ci-dessous.<\/p>\n","protected":false},"excerpt":{"rendered":"<p>Chambre d&#8217;h\u00f4tes &#8211; 2 pers. max &#8211; 1 lit king size &#8211; salle de bain privative &#8211; 2 nuit\u00e9es minimum La chambre La chambre 8 de 20 m\u00b2 au deuxi\u00e8me \u00e9tage, pour 2 personnes, poss\u00e8de un lit king size ainsi qu&#8217;une salle de bain et WC privatifs. Le ch\u00e2teau En plein c\u0153ur de la vall\u00e9e<a class=\"more-link\" href=\"https:\/\/booking-gaysejour.com\/gb\/guide\/chateau-de-vallagon-art-chambre-8-20m%c2%b2\/\">Read more  &#10230;<\/a><\/p>\n","protected":false},"featured_media":58566,"template":"","meta":[],"product_brand":[],"product_cat":[1928,741,1038,803],"product_tag":[1310,1309,1323,1317,1223,1315],"class_list":{"0":"post-63490","1":"product","2":"type-product","3":"status-publish","4":"has-post-thumbnail","6":"product_cat-hebergement-gb","7":"product_cat-france-gb","8":"product_cat-guesthouse-bnb","9":"product_cat-the-loire-valley","10":"product_tag-castle","11":"product_tag-disabled-accessility","12":"product_tag-meal-service","13":"product_tag-romantic","14":"product_tag-piscine-gb","15":"product_tag-unusual-accommdation","16":"pa_1-type-chambre-hotes-gb","17":"pa_2-chambre-et-salle-de-bain-bathroom-towel","18":"pa_2-chambre-et-salle-de-bain-beach-towel","19":"pa_2-chambre-et-salle-de-bain-disabled-access","20":"pa_2-chambre-et-salle-de-bain-linen","21":"pa_2-chambre-et-salle-de-bain-private-bathroom","22":"pa_2-chambre-et-salle-de-bain-wc-privatif-gb","23":"pa_5-services-bikes-on-premise","24":"pa_5-services-handicap-gb","25":"pa_5-services-parking-on-premise","26":"pa_5-services-petite-restauration","27":"pa_5-services-wifi-gratuit","28":"pa_6-installations-heaten-pool","29":"pa_6-installations-tv-room-gb","30":"yith_shop_vendor-chateau-de-vallagon-art-loir-et-cher","31":"yith_booking_service-petit-dejeuner-inclus-gb","32":"yith_booking_service-linen-included","34":"first","35":"instock","36":"virtual","37":"sold-individually","38":"purchasable","39":"product-type-booking"},"_links":{"self":[{"href":"https:\/\/booking-gaysejour.com\/gb\/wp-json\/wp\/v2\/product\/63490","targetHints":{"allow":["GET"]}}],"collection":[{"href":"https:\/\/booking-gaysejour.com\/gb\/wp-json\/wp\/v2\/product"}],"about":[{"href":"https:\/\/booking-gaysejour.com\/gb\/wp-json\/wp\/v2\/types\/product"}],"wp:featuredmedia":[{"embeddable":true,"href":"https:\/\/booking-gaysejour.com\/gb\/wp-json\/wp\/v2\/media\/58566"}],"wp:attachment":[{"href":"https:\/\/booking-gaysejour.com\/gb\/wp-json\/wp\/v2\/media?parent=63490"}],"wp:term":[{"taxonomy":"product_brand","embeddable":true,"href":"https:\/\/booking-gaysejour.com\/gb\/wp-json\/wp\/v2\/product_brand?post=63490"},{"taxonomy":"product_cat","embeddable":true,"href":"https:\/\/booking-gaysejour.com\/gb\/wp-json\/wp\/v2\/product_cat?post=63490"},{"taxonomy":"product_tag","embeddable":true,"href":"https:\/\/booking-gaysejour.com\/gb\/wp-json\/wp\/v2\/product_tag?post=63490"}],"curies":[{"name":"wp","href":"https:\/\/api.w.org\/{rel}","templated":true}]}}