{"id":63494,"date":"2021-06-24T15:29:23","date_gmt":"2021-06-24T13:29:23","guid":{"rendered":"https:\/\/booking-gaysejour.com\/room\/bel-appartement-atypique-centre-ville-de-tours\/"},"modified":"2025-03-18T16:39:03","modified_gmt":"2025-03-18T15:39:03","slug":"bel-appartement-atypique-centre-ville-de-tours","status":"publish","type":"product","link":"https:\/\/booking-gaysejour.com\/gb\/guide\/bel-appartement-atypique-centre-ville-de-tours\/","title":{"rendered":"Bel appartement dans le centre-ville @ Tours"},"content":{"rendered":"<h3>Location de vacances &#8211; 3 pers. max &#8211; 1 chambre &#8211; 2 nuit\u00e9es minimum<\/h3>\n<p>En plein centre de Tours, \u00e0 deux pas de la Cath\u00e9drale et du th\u00e9\u00e2tre, cet appartement atypique (ancienne boutique transform\u00e9e) cosy de 35 m\u00b2 et situ\u00e9 dans un immeuble ancien au rez-de-chauss\u00e9e (isolation phonique et thermique irr\u00e9prochable), vous s\u00e9duira par sa d\u00e9coration soign\u00e9e, son charme, sa propret\u00e9, son \u00e9quipement et sa situation exceptionnelle. L&#8217;entr\u00e9e est totalement privative et ind\u00e9pendante, acc\u00e8s wifi illimit\u00e9 gratuit et cha\u00eenes TV c\u00e2ble.<\/p>\n<p><strong>Le logement<\/strong><br \/>\nSitu\u00e9 au rez-de-chauss\u00e9e avec son entr\u00e9e ind\u00e9pendante, cette ancienne boutique transform\u00e9e en appartement vous s\u00e9duira par son originalit\u00e9. Il se situe au c\u0153ur du centre d&#8217;un quartier historique, mais est tr\u00e8s bien isol\u00e9 phoniquement, dans une rue pleine de charme.<\/p>\n<p><strong>Acc\u00e8s des voyageurs<\/strong><br \/>\nAu pied de toutes les commodit\u00e9s, rue semi-pi\u00e9tonne, Carrefour market, restaurants, bars, boutiques, mus\u00e9es, pharmacie, m\u00e9decin, th\u00e9\u00e2tre, cin\u00e9mas, cath\u00e9drale.<br \/>\n10 minutes \u00e0 pied de la gare.<\/p>\n<p><strong>Autres remarques<\/strong><br \/>\nLes serviettes, draps et torchon sont inclus dans la location<\/p>\n<p><strong>Propri\u00e9taire\u00a0<\/strong><br \/>\nMarie :<br \/>\n&#8220;J&#8217;ai 61 ans et j\u2019habite au-dessus de l\u2019appartement dans le m\u00eame immeuble, ce qui permet de r\u00e9pondre \u00e0 toutes demandes et d&#8217;\u00eatre tr\u00e8s disponible. Je peux vous aider dans vos recherches touristiques, et je suis disponible facilement pour tous probl\u00e8mes. Des d\u00e9pliants touristiques sont \u00e0 disposition dans l&#8217;appartement.&#8221;<\/p>\n","protected":false},"excerpt":{"rendered":"<p>Location de vacances &#8211; 3 pers. max &#8211; 1 chambre &#8211; 2 nuit\u00e9es minimum En plein centre de Tours, \u00e0 deux pas de la Cath\u00e9drale et du th\u00e9\u00e2tre, cet appartement atypique (ancienne boutique transform\u00e9e) cosy de 35 m\u00b2 et situ\u00e9 dans un immeuble ancien au rez-de-chauss\u00e9e (isolation phonique et thermique irr\u00e9prochable), vous s\u00e9duira par sa<a class=\"more-link\" href=\"https:\/\/booking-gaysejour.com\/gb\/guide\/bel-appartement-atypique-centre-ville-de-tours\/\">Read more  &#10230;<\/a><\/p>\n","protected":false},"featured_media":53537,"template":"","meta":[],"product_brand":[],"product_cat":[1928,741,803,1059],"product_tag":[],"class_list":{"0":"post-63494","1":"product","2":"type-product","3":"status-publish","4":"has-post-thumbnail","6":"product_cat-hebergement-gb","7":"product_cat-france-gb","8":"product_cat-the-loire-valley","9":"product_cat-vacation-rental","10":"pa_1-type-holiday-rental","11":"pa_2-chambre-et-salle-de-bain-bathroom-towel","12":"pa_2-chambre-et-salle-de-bain-beach-towel","13":"pa_2-chambre-et-salle-de-bain-linen","14":"pa_2-chambre-et-salle-de-bain-private-bathroom","15":"pa_2-chambre-et-salle-de-bain-wc-privatif-gb","16":"pa_5-services-wifi-gratuit","17":"pa_6-installations-tv-room","18":"yith_shop_vendor-le-mazet-indre-et-loire-valley","19":"yith_booking_service-linen-included","21":"first","22":"instock","23":"virtual","24":"sold-individually","25":"purchasable","26":"product-type-booking"},"_links":{"self":[{"href":"https:\/\/booking-gaysejour.com\/gb\/wp-json\/wp\/v2\/product\/63494","targetHints":{"allow":["GET"]}}],"collection":[{"href":"https:\/\/booking-gaysejour.com\/gb\/wp-json\/wp\/v2\/product"}],"about":[{"href":"https:\/\/booking-gaysejour.com\/gb\/wp-json\/wp\/v2\/types\/product"}],"wp:featuredmedia":[{"embeddable":true,"href":"https:\/\/booking-gaysejour.com\/gb\/wp-json\/wp\/v2\/media\/53537"}],"wp:attachment":[{"href":"https:\/\/booking-gaysejour.com\/gb\/wp-json\/wp\/v2\/media?parent=63494"}],"wp:term":[{"taxonomy":"product_brand","embeddable":true,"href":"https:\/\/booking-gaysejour.com\/gb\/wp-json\/wp\/v2\/product_brand?post=63494"},{"taxonomy":"product_cat","embeddable":true,"href":"https:\/\/booking-gaysejour.com\/gb\/wp-json\/wp\/v2\/product_cat?post=63494"},{"taxonomy":"product_tag","embeddable":true,"href":"https:\/\/booking-gaysejour.com\/gb\/wp-json\/wp\/v2\/product_tag?post=63494"}],"curies":[{"name":"wp","href":"https:\/\/api.w.org\/{rel}","templated":true}]}}