{"id":63495,"date":"2021-06-18T11:40:13","date_gmt":"2021-06-18T09:40:13","guid":{"rendered":"https:\/\/booking-gaysejour.com\/room\/montbartier-guesthouse\/"},"modified":"2025-03-18T16:39:03","modified_gmt":"2025-03-18T15:39:03","slug":"montbartier-guesthouse","status":"publish","type":"product","link":"https:\/\/booking-gaysejour.com\/gb\/guide\/montbartier-guesthouse\/","title":{"rendered":"Guesthouse de 50m\u00b2 avec piscine @ Montbartier"},"content":{"rendered":"<h3>Location de vacances &#8211; 4 personnes &#8211; 1 chambre &#8211; 1 lit double &#8211; 2 nuit\u00e9es minimum<\/h3>\n<p>Petite d\u00e9pendance, <strong>enti\u00e8rement \u00e9quip\u00e9e<\/strong> pour un week-end ou de courts s\u00e9jours. Parfait pour une halte en bord de <strong>Canal du Midi<\/strong>, lors de votre voyage en v\u00e9lo ou \u00e0 pied. Id\u00e9al pour visiter la pente d\u2019eau de <strong>Montech<\/strong>, le centre ville de <strong>Montauban<\/strong>, le clo\u00eetre de Moissac&#8230;<\/p>\n<p>Location \u00e0 la nuit et d\u00e9gressif \u00e0 la semaine.<\/p>\n<p><strong>Le logement :<\/strong><\/p>\n<p>Nous serons heureux de vous accueillir dans notre chaleureuse d\u00e9pendance au calme \u00e0 Montbartier.<\/p>\n<p>Elle est compos\u00e9e :<br \/>\n&#8211; d\u2019un salon\/cuisine, \u00e9quip\u00e9 d\u2019une plaque de gaz, frigo\/cong\u00e9lateur, cafeti\u00e8re<\/p>\n<p>&#8211; d\u2019une chambre avec lit King Size (180&#215;200) et placard avec penderie.<\/p>\n<p>&#8211; d\u2019une salle de bain avec douche, WC et lavabo int\u00e9gr\u00e9s<\/p>\n<p>&#8211; Possibilit\u00e9 de garer sa voiture \u00e0 l\u2019ext\u00e9rieur devant la maison (parking ferm\u00e9)<\/p>\n<p>&#8211; Acc\u00e8s \u00e0 notre jardin de 2300m\u00b2 et notre piscine hors-sol<\/p>\n<p><strong>\u00c9quipement :<\/strong><\/p>\n<p>&#8211; Internet via WIFI gratuit<br \/>\n&#8211; Climatisation<br \/>\n&#8211; Draps, couvertures et serviettes sont fournis<br \/>\n&#8211; TV (cha\u00eenes de la TNT)<br \/>\n&#8211; Play Station 3 (avec de nombreux jeux)<br \/>\n&#8211; S\u00e8che cheveux<br \/>\n&#8211; Cafeti\u00e8re (Nespresso)<br \/>\n&#8211; Fer \u00e0 repasser<br \/>\n&#8211; Four micro onde<\/p>\n<p>Vous pouvez vous balader au gr\u00e8s du vent dans notre grand jardin calme et arbor\u00e9, cueillir quelques fruits ou bien quelques tomates.<\/p>\n<p>Notre piscine hors-sol est \u00e9galement a votre disposition de d\u00e9but juin \u00e0 fin septembre.<\/p>\n","protected":false},"excerpt":{"rendered":"<p>Location de vacances &#8211; 4 personnes &#8211; 1 chambre &#8211; 1 lit double &#8211; 2 nuit\u00e9es minimum Petite d\u00e9pendance, enti\u00e8rement \u00e9quip\u00e9e pour un week-end ou de courts s\u00e9jours. Parfait pour une halte en bord de Canal du Midi, lors de votre voyage en v\u00e9lo ou \u00e0 pied. Id\u00e9al pour visiter la pente d\u2019eau de Montech,<a class=\"more-link\" href=\"https:\/\/booking-gaysejour.com\/gb\/guide\/montbartier-guesthouse\/\">Read more  &#10230;<\/a><\/p>\n","protected":false},"featured_media":53164,"template":"","meta":[],"product_brand":[],"product_cat":[1928,741,789,1059],"product_tag":[1610,1821,1223],"class_list":{"0":"post-63495","1":"product","2":"type-product","3":"status-publish","4":"has-post-thumbnail","6":"product_cat-hebergement-gb","7":"product_cat-france-gb","8":"product_cat-occitania","9":"product_cat-vacation-rental","10":"product_tag-instant-booking","11":"product_tag-quiet-place","12":"product_tag-piscine-gb","13":"pa_1-type-holiday-rental","14":"pa_2-chambre-et-salle-de-bain-air-conditioning","15":"pa_2-chambre-et-salle-de-bain-bathroom-towel","16":"pa_2-chambre-et-salle-de-bain-beach-towel","17":"pa_2-chambre-et-salle-de-bain-hair-dryer","18":"pa_2-chambre-et-salle-de-bain-linen","19":"pa_2-chambre-et-salle-de-bain-private-bathroom","20":"pa_2-chambre-et-salle-de-bain-tv-chambre-gb","21":"pa_2-chambre-et-salle-de-bain-terrasse-privative-gb","22":"pa_2-chambre-et-salle-de-bain-placard-penderie-gb","23":"pa_2-chambre-et-salle-de-bain-wc-privatif-gb","24":"pa_5-services-climatisation-gb-2","25":"pa_5-services-parking-on-premise","26":"pa_5-services-washer","27":"pa_5-services-wifi-gratuit","28":"pa_6-installations-piscine-gb","29":"pa_6-installations-tv-room","30":"yith_shop_vendor-montbartier-guesthouse-tarn-et-garonne-gb","32":"first","33":"instock","34":"virtual","35":"sold-individually","36":"purchasable","37":"product-type-booking"},"_links":{"self":[{"href":"https:\/\/booking-gaysejour.com\/gb\/wp-json\/wp\/v2\/product\/63495","targetHints":{"allow":["GET"]}}],"collection":[{"href":"https:\/\/booking-gaysejour.com\/gb\/wp-json\/wp\/v2\/product"}],"about":[{"href":"https:\/\/booking-gaysejour.com\/gb\/wp-json\/wp\/v2\/types\/product"}],"wp:featuredmedia":[{"embeddable":true,"href":"https:\/\/booking-gaysejour.com\/gb\/wp-json\/wp\/v2\/media\/53164"}],"wp:attachment":[{"href":"https:\/\/booking-gaysejour.com\/gb\/wp-json\/wp\/v2\/media?parent=63495"}],"wp:term":[{"taxonomy":"product_brand","embeddable":true,"href":"https:\/\/booking-gaysejour.com\/gb\/wp-json\/wp\/v2\/product_brand?post=63495"},{"taxonomy":"product_cat","embeddable":true,"href":"https:\/\/booking-gaysejour.com\/gb\/wp-json\/wp\/v2\/product_cat?post=63495"},{"taxonomy":"product_tag","embeddable":true,"href":"https:\/\/booking-gaysejour.com\/gb\/wp-json\/wp\/v2\/product_tag?post=63495"}],"curies":[{"name":"wp","href":"https:\/\/api.w.org\/{rel}","templated":true}]}}