{"id":63496,"date":"2021-06-08T11:59:26","date_gmt":"2021-06-08T09:59:26","guid":{"rendered":"https:\/\/booking-gaysejour.com\/room\/guestrooms-manoir-des-bertinieres-cravant-les-coteaux\/"},"modified":"2025-03-18T16:39:04","modified_gmt":"2025-03-18T15:39:04","slug":"guestrooms-manoir-des-bertinieres-cravant-les-coteaux","status":"publish","type":"product","link":"https:\/\/booking-gaysejour.com\/gb\/guide\/guestrooms-manoir-des-bertinieres-cravant-les-coteaux\/","title":{"rendered":"guestrooms @ Manoir des Bertini\u00e8res -Cravant-les-C\u00f4teaux"},"content":{"rendered":"<h3>Chambres d&#8217;h\u00f4tes &#8211; 4 pers. max par chambre &#8211; 5 chambres &#8211; 2 nuit\u00e9es minimum<\/h3>\n<p>Le Manoir des Bertini\u00e8res, datant du <strong>XIX\u00e8me si\u00e8cle<\/strong>, est situ\u00e9 sur Cravant-les-Coteaux,<strong> haut lieu viticole<\/strong> de l&#8217;appellation de Chinon.<\/p>\n<p>Il met \u00e0 votre dispositions<strong> 5 chambres<\/strong> tout confort avec leur salle de bain attenante et<strong> toilettes privatives<\/strong>.<br \/>\nLes chambres poss\u00e8dent<strong> 1 lit double<\/strong>, mais avec la possibilit\u00e9 d&#8217;ajouter des <strong>lit d&#8217;appoint (suppl\u00e9ment)<\/strong>, jusqu&#8217;\u00e0 4 personnes.<br \/>\nChaque chambre a une superficie d&#8217;environ 20 &#8211; 25 m\u00b2. Une chambre se situe au rez-de-chauss\u00e9e.<\/p>\n<p><strong>Piscine chauff\u00e9e<\/strong> et <strong>jacuzzi<\/strong> sont \u00e0 votre disposition<\/p>\n<p>Nous proposons \u00e9galement un <strong>table d&#8217;h\u00f4tes<\/strong> (\u00e0 r\u00e9server 24 heures avant).<\/p>\n<p>Vous trouverez \u00e9galement \u00e0 votre disposition un location de <strong>v\u00e9lo<\/strong>, <strong>golf<\/strong> 18 trous \u00e0 30 km, organisation de visites de cave et <strong>d\u00e9gustations de vins de Chinon<\/strong>, journ\u00e9e <strong>d\u00e9couverte des vignes<\/strong> et <strong>d\u00e9jeuner sur la Loire<\/strong> (avec une promenade en gabare).<\/p>\n<p>Profitez de la douceur de vivre de la r\u00e9gion tourangelle !<\/p>\n","protected":false},"excerpt":{"rendered":"<p>Chambres d&#8217;h\u00f4tes &#8211; 4 pers. max par chambre &#8211; 5 chambres &#8211; 2 nuit\u00e9es minimum Le Manoir des Bertini\u00e8res, datant du XIX\u00e8me si\u00e8cle, est situ\u00e9 sur Cravant-les-Coteaux, haut lieu viticole de l&#8217;appellation de Chinon. Il met \u00e0 votre dispositions 5 chambres tout confort avec leur salle de bain attenante et toilettes privatives. Les chambres poss\u00e8dent<a class=\"more-link\" href=\"https:\/\/booking-gaysejour.com\/gb\/guide\/guestrooms-manoir-des-bertinieres-cravant-les-coteaux\/\">Read more  &#10230;<\/a><\/p>\n","protected":false},"featured_media":52810,"template":"","meta":[],"product_brand":[],"product_cat":[1928,741,1038,803],"product_tag":[1063,1310,1320,1611,1323,1314,1317],"class_list":{"0":"post-63496","1":"product","2":"type-product","3":"status-publish","4":"has-post-thumbnail","6":"product_cat-hebergement-gb","7":"product_cat-france-gb","8":"product_cat-guesthouse-bnb","9":"product_cat-the-loire-valley","10":"product_tag-campagne-gb","11":"product_tag-castle","12":"product_tag-heated-pool","13":"product_tag-jacuzzi-gb","14":"product_tag-meal-service","15":"product_tag-pets-welcome","16":"product_tag-romantic","17":"pa_1-type-chambre-hotes-gb","18":"pa_2-chambre-et-salle-de-bain-bathroom-towel","19":"pa_2-chambre-et-salle-de-bain-beach-towel","20":"pa_2-chambre-et-salle-de-bain-fan","21":"pa_2-chambre-et-salle-de-bain-hair-dryer","22":"pa_2-chambre-et-salle-de-bain-linen","23":"pa_2-chambre-et-salle-de-bain-private-bathroom","24":"pa_2-chambre-et-salle-de-bain-safe","25":"pa_2-chambre-et-salle-de-bain-tv-chambre-gb","26":"pa_2-chambre-et-salle-de-bain-wc-privatif-gb","27":"pa_5-services-bikes-on-premise","28":"pa_5-services-parking-on-premise","29":"pa_5-services-table-dhotes-gb-2","30":"pa_5-services-wifi-gratuit","31":"pa_6-installations-heaten-pool","32":"pa_6-installations-jacuzzi-gb","33":"yith_shop_vendor-manoir-des-bertinieres-indre-et-loire","34":"yith_booking_service-petit-dejeuner-inclus-gb","36":"first","37":"instock","38":"virtual","39":"sold-individually","40":"purchasable","41":"product-type-booking"},"_links":{"self":[{"href":"https:\/\/booking-gaysejour.com\/gb\/wp-json\/wp\/v2\/product\/63496","targetHints":{"allow":["GET"]}}],"collection":[{"href":"https:\/\/booking-gaysejour.com\/gb\/wp-json\/wp\/v2\/product"}],"about":[{"href":"https:\/\/booking-gaysejour.com\/gb\/wp-json\/wp\/v2\/types\/product"}],"wp:featuredmedia":[{"embeddable":true,"href":"https:\/\/booking-gaysejour.com\/gb\/wp-json\/wp\/v2\/media\/52810"}],"wp:attachment":[{"href":"https:\/\/booking-gaysejour.com\/gb\/wp-json\/wp\/v2\/media?parent=63496"}],"wp:term":[{"taxonomy":"product_brand","embeddable":true,"href":"https:\/\/booking-gaysejour.com\/gb\/wp-json\/wp\/v2\/product_brand?post=63496"},{"taxonomy":"product_cat","embeddable":true,"href":"https:\/\/booking-gaysejour.com\/gb\/wp-json\/wp\/v2\/product_cat?post=63496"},{"taxonomy":"product_tag","embeddable":true,"href":"https:\/\/booking-gaysejour.com\/gb\/wp-json\/wp\/v2\/product_tag?post=63496"}],"curies":[{"name":"wp","href":"https:\/\/api.w.org\/{rel}","templated":true}]}}