{"id":63498,"date":"2021-06-07T22:43:02","date_gmt":"2021-06-07T20:43:02","guid":{"rendered":"https:\/\/booking-gaysejour.com\/room\/suite-verte-le-relais-dauvergne-lavoute-chilhac\/"},"modified":"2025-03-18T16:39:04","modified_gmt":"2025-03-18T15:39:04","slug":"suite-verte-le-relais-dauvergne-lavoute-chilhac","status":"publish","type":"product","link":"https:\/\/booking-gaysejour.com\/gb\/guide\/suite-verte-le-relais-dauvergne-lavoute-chilhac\/","title":{"rendered":"Suite Verte @ Le Relais d&#8217;Auvergne &#8211; Lavoute Chilhac"},"content":{"rendered":"<h3>Chambre d&#8217;h\u00f4tes\u00a0 &#8211; 5 per. max &#8211; 1 lit double + canap\u00e9-lit &#8211; 50 m\u00b2 &#8211; 2 nuit\u00e9es minimum<\/h3>\n<p>La Suite Verte, situ\u00e9e au 1er \u00e9tage, donne vue sur la cour \u00a0et les <strong>montagnes<\/strong>, et dispose d&#8217;une entr\u00e9e ind\u00e9pendante.<br \/>\nVous aurez \u00e0 votre disposition un<strong> grand<\/strong> <strong>lit double <\/strong>(180&#215;200), un canap\u00e9-lit, un lit pour b\u00e9b\u00e9 sur demande, une <strong>t\u00e9l\u00e9vision<\/strong>, une <strong>salle de bain privative<\/strong> \u00e9quip\u00e9e avec douche \u00e0 l&#8217;italienne et WC.<\/p>\n<p>Le Relais d&#8217;Auvergne propose \u00e9galement le <strong>wifi gratuit<\/strong>, et se compose d&#8217;une <strong>grande pi\u00e8ce \u00e0 vivre<\/strong> conviviale (45 m\u00b2) avec salon (TV 127 cm &#8211; chemin\u00e9e), une cuisine pour le petit-d\u00e9jeuner, <strong>jardin et terrasse<\/strong> pour les parties communes.<\/p>\n<p>Lavo\u00fbte-Chilhac est un <strong>petit village pittoresque<\/strong> et authentique avec des maisons en pierres apparentes et tous les commerces n\u00e9cessaires pour un bon s\u00e9jour. La partie la plus ancienne de la ville est enserr\u00e9 dans une boucle que forme la <strong>rivi\u00e8re Allier<\/strong>, offre de nombreux monuments et attraits touristiques.<\/p>\n<p>Sur place de nombreuses activit\u00e9s sont possibles comme par exemple balade en <strong>cano\u00eb\/kayak<\/strong> sur l&#8217;Allier, promenades \u00e0 <strong>cheval<\/strong>, poney ou \u00e2ne, location de <strong>v\u00e9lo<\/strong>, p\u00e9tanque, randonn\u00e9es p\u00e9destres, visites de mus\u00e9e ou <strong>mine gallo-romaine<\/strong>, d\u00e9couverte des nombreux <strong>monuments historiques<\/strong> du village et des alentours et bien d&#8217;autres choses encore. Avec boulangerie, \u00e9picerie, restaurants, caf\u00e9-presse, poste, m\u00e9decin et pharmacie, etc, le village a tout ce qu&#8217;il faut !<\/p>\n<p>Nous proposons aussi la<strong> table d&#8217;h\u00f4tes<\/strong> sur demande et 3 restaurants sont pr\u00e9sents dans le village.<\/p>\n<p>Nul doute qu&#8217;un s\u00e9jour chez nous ravira petits et grands !<\/p>\n","protected":false},"excerpt":{"rendered":"<p>Chambre d&#8217;h\u00f4tes\u00a0 &#8211; 5 per. max &#8211; 1 lit double + canap\u00e9-lit &#8211; 50 m\u00b2 &#8211; 2 nuit\u00e9es minimum La Suite Verte, situ\u00e9e au 1er \u00e9tage, donne vue sur la cour \u00a0et les montagnes, et dispose d&#8217;une entr\u00e9e ind\u00e9pendante. Vous aurez \u00e0 votre disposition un grand lit double (180&#215;200), un canap\u00e9-lit, un lit pour b\u00e9b\u00e9<a class=\"more-link\" href=\"https:\/\/booking-gaysejour.com\/gb\/guide\/suite-verte-le-relais-dauvergne-lavoute-chilhac\/\">Read more  &#10230;<\/a><\/p>\n","protected":false},"featured_media":52779,"template":"","meta":[],"product_brand":[],"product_cat":[1928,805,741,1038],"product_tag":[1063,1323,1314,1821],"class_list":{"0":"post-63498","1":"product","2":"type-product","3":"status-publish","4":"has-post-thumbnail","6":"product_cat-hebergement-gb","7":"product_cat-auvergne-rhone-alpes-gb","8":"product_cat-france-gb","9":"product_cat-guesthouse-bnb","10":"product_tag-campagne-gb","11":"product_tag-meal-service","12":"product_tag-pets-welcome","13":"product_tag-quiet-place","14":"pa_1-type-chambre-hotes-gb","15":"pa_2-chambre-et-salle-de-bain-bathroom-towel","16":"pa_2-chambre-et-salle-de-bain-beach-towel","17":"pa_2-chambre-et-salle-de-bain-fan","18":"pa_2-chambre-et-salle-de-bain-hair-dryer","19":"pa_2-chambre-et-salle-de-bain-linen","20":"pa_2-chambre-et-salle-de-bain-private-bathroom","21":"pa_2-chambre-et-salle-de-bain-tv-chambre-gb","22":"pa_2-chambre-et-salle-de-bain-wc-privatif-gb","23":"pa_5-services-parking-on-premise","24":"pa_5-services-table-dhotes-gb-2","25":"pa_5-services-wifi-gratuit","26":"pa_6-installations-fireplace","27":"pa_6-installations-tv-room-gb","28":"yith_shop_vendor-le-relais-dauvergne-haute-loire-france","29":"yith_booking_service-petit-dejeuner-inclus-gb","31":"first","32":"instock","33":"virtual","34":"sold-individually","35":"purchasable","36":"product-type-booking"},"_links":{"self":[{"href":"https:\/\/booking-gaysejour.com\/gb\/wp-json\/wp\/v2\/product\/63498","targetHints":{"allow":["GET"]}}],"collection":[{"href":"https:\/\/booking-gaysejour.com\/gb\/wp-json\/wp\/v2\/product"}],"about":[{"href":"https:\/\/booking-gaysejour.com\/gb\/wp-json\/wp\/v2\/types\/product"}],"wp:featuredmedia":[{"embeddable":true,"href":"https:\/\/booking-gaysejour.com\/gb\/wp-json\/wp\/v2\/media\/52779"}],"wp:attachment":[{"href":"https:\/\/booking-gaysejour.com\/gb\/wp-json\/wp\/v2\/media?parent=63498"}],"wp:term":[{"taxonomy":"product_brand","embeddable":true,"href":"https:\/\/booking-gaysejour.com\/gb\/wp-json\/wp\/v2\/product_brand?post=63498"},{"taxonomy":"product_cat","embeddable":true,"href":"https:\/\/booking-gaysejour.com\/gb\/wp-json\/wp\/v2\/product_cat?post=63498"},{"taxonomy":"product_tag","embeddable":true,"href":"https:\/\/booking-gaysejour.com\/gb\/wp-json\/wp\/v2\/product_tag?post=63498"}],"curies":[{"name":"wp","href":"https:\/\/api.w.org\/{rel}","templated":true}]}}