{"id":63503,"date":"2021-05-31T17:46:29","date_gmt":"2021-05-31T15:46:29","guid":{"rendered":"https:\/\/booking-gaysejour.com\/room\/el-portal-appartement-granados\/"},"modified":"2025-03-18T16:36:19","modified_gmt":"2025-03-18T15:36:19","slug":"el-portal-appartement-granados","status":"publish","type":"product","link":"https:\/\/booking-gaysejour.com\/gb\/guide\/el-portal-appartement-granados\/","title":{"rendered":"Appartement Granados @ C\u00e9ret (Pyr\u00e9n\u00e9es Orientales)"},"content":{"rendered":"<h3>Location de vacances &#8211; 2 pers. max &#8211; 1 lit double &#8211; 3 nuit\u00e9es minimum<\/h3>\n<p>L&#8217;<strong>appartement Granados<\/strong> de style plus<strong> \u2018cottage\u2019<\/strong> de 37 m\u00b2, avec sa terrasse \u00e0 l\u2019ombre d&#8217;un mimosa, pour deux personnes, est situ\u00e9 au rez-de-chauss\u00e9, au calme de l&#8217;arri\u00e8re du mas. Il comprend une <strong>terrasse priv\u00e9e<\/strong>, une chambre confortable et une salle d&#8217;eau (\u00e0 l&#8217;italienne).<\/p>\n<p>El Portal est un mas du d\u00e9but du <strong>XIX\u00e8me si\u00e8cle<\/strong>, r\u00e9nov\u00e9 et d\u00e9cor\u00e9 avec la plus grande attention, au bord d&#8217;un petit village pittoresque situ\u00e9 <strong>au pied des Pyr\u00e9n\u00e9es<\/strong>, \u00e0 proximit\u00e9 de C\u00e9ret et de Collioure. Sa situation est id\u00e9ale pour les <strong>plages<\/strong> et toutes les autres attractions de la r\u00e9gion.<\/p>\n<p>Avec le <strong>Mont Canigou<\/strong> comme toile de fond majestueuse, <strong>Viv\u00e8s<\/strong> se niche au milieu de collines couvertes de <strong>vignobles<\/strong>, de <strong>for\u00eats<\/strong> de ch\u00eanes-li\u00e8ges et de pins parasols.<\/p>\n<p>L&#8217;acc\u00e8s en voiture est facile: \u00e0 seulement 10 minutes de l&#8217;autoroute A9, \u00e0 10 minutes d&#8217;un lac de baignade et \u00e0 25 minutes des <strong>plages de la M\u00e9diterran\u00e9e<\/strong>, qui vont des criques de Paulilles, id\u00e9ales pour la plong\u00e9e, \u00e0 la baignade surveill\u00e9e traditionnelle de Collioure et Argel\u00e8s, jusqu\u2019aux <strong>plages plus sauvages et gay\/naturistes<\/strong> telles que le Bocal du Tech, \u00e9galement \u00e0 proximit\u00e9.<\/p>\n<p>Notre r\u00e9gion est riche en <strong>culture historique, artistique, musicale,<\/strong> sans oublier bien s\u00fbr les sentiers viticoles de renom. Gr\u00e2ce aux nombreuses pistes qui nous entourent, nous sommes aussi dans un cadre id\u00e9al pour faire des<strong> randonn\u00e9es<\/strong>, des balades \u00e0 v\u00e9lo et de nombreuses autres activit\u00e9s tournant autour de la nature. Nous mettons des <strong>v\u00e9los<\/strong> \u00e0 votre disposition.<\/p>\n<p>\u00c0 El Portal, vous pourrez profiter du calme et de la tranquillit\u00e9, en choisissant parmi nos trois appartements (voir ci-dessous). Chaque appartement est d\u00e9cor\u00e9 dans des couleurs catalanes chaudes et vibrantes, et sont \u00e9quip\u00e9s d\u2019un haut niveau. Chacun est bien s\u00e9par\u00e9 des autres, avec sa propre entr\u00e9e et sa terrasse priv\u00e9e (deux dans le cas d\u2019Albeniz).<\/p>\n<p>Attention, tous les \u00e9quipements peuvent ne pas \u00eatre pr\u00e9sents dans tous les appartements. Demandez au moment de la r\u00e9servation.<\/p>\n","protected":false},"excerpt":{"rendered":"<p>Location de vacances &#8211; 2 pers. max &#8211; 1 lit double &#8211; 3 nuit\u00e9es minimum L&#8217;appartement Granados de style plus \u2018cottage\u2019 de 37 m\u00b2, avec sa terrasse \u00e0 l\u2019ombre d&#8217;un mimosa, pour deux personnes, est situ\u00e9 au rez-de-chauss\u00e9, au calme de l&#8217;arri\u00e8re du mas. Il comprend une terrasse priv\u00e9e, une chambre confortable et une salle<a class=\"more-link\" href=\"https:\/\/booking-gaysejour.com\/gb\/guide\/el-portal-appartement-granados\/\">Read more  &#10230;<\/a><\/p>\n","protected":false},"featured_media":52296,"template":"","meta":[],"product_brand":[],"product_cat":[1928,741,789,1059],"product_tag":[1063,1318,1821],"class_list":{"0":"post-63503","1":"product","2":"type-product","3":"status-publish","4":"has-post-thumbnail","6":"product_cat-hebergement-gb","7":"product_cat-france-gb","8":"product_cat-occitania","9":"product_cat-vacation-rental","10":"product_tag-campagne-gb","11":"product_tag-hiking","12":"product_tag-quiet-place","13":"pa_1-type-holiday-rental","14":"pa_2-chambre-et-salle-de-bain-air-conditioning","15":"pa_2-chambre-et-salle-de-bain-bathroom-towel","16":"pa_2-chambre-et-salle-de-bain-beach-towel","17":"pa_2-chambre-et-salle-de-bain-linen","18":"pa_2-chambre-et-salle-de-bain-private-bathroom","19":"pa_2-chambre-et-salle-de-bain-tv-chambre-gb","20":"pa_2-chambre-et-salle-de-bain-terrasse-privative-gb","21":"pa_2-chambre-et-salle-de-bain-placard-penderie-gb","22":"pa_2-chambre-et-salle-de-bain-wc-privatif-gb","23":"pa_5-services-climatisation-gb-2","24":"pa_5-services-bikes-on-premise","25":"pa_5-services-washer","26":"pa_5-services-wifi-gratuit","27":"pa_6-installations-tv-room","28":"yith_shop_vendor-gites-el-portal-the-pyrenees-orientales","30":"first","31":"instock","32":"virtual","33":"sold-individually","34":"purchasable","35":"product-type-booking"},"_links":{"self":[{"href":"https:\/\/booking-gaysejour.com\/gb\/wp-json\/wp\/v2\/product\/63503","targetHints":{"allow":["GET"]}}],"collection":[{"href":"https:\/\/booking-gaysejour.com\/gb\/wp-json\/wp\/v2\/product"}],"about":[{"href":"https:\/\/booking-gaysejour.com\/gb\/wp-json\/wp\/v2\/types\/product"}],"wp:featuredmedia":[{"embeddable":true,"href":"https:\/\/booking-gaysejour.com\/gb\/wp-json\/wp\/v2\/media\/52296"}],"wp:attachment":[{"href":"https:\/\/booking-gaysejour.com\/gb\/wp-json\/wp\/v2\/media?parent=63503"}],"wp:term":[{"taxonomy":"product_brand","embeddable":true,"href":"https:\/\/booking-gaysejour.com\/gb\/wp-json\/wp\/v2\/product_brand?post=63503"},{"taxonomy":"product_cat","embeddable":true,"href":"https:\/\/booking-gaysejour.com\/gb\/wp-json\/wp\/v2\/product_cat?post=63503"},{"taxonomy":"product_tag","embeddable":true,"href":"https:\/\/booking-gaysejour.com\/gb\/wp-json\/wp\/v2\/product_tag?post=63503"}],"curies":[{"name":"wp","href":"https:\/\/api.w.org\/{rel}","templated":true}]}}