{"id":63504,"date":"2021-05-25T15:42:08","date_gmt":"2021-05-25T13:42:08","guid":{"rendered":"https:\/\/booking-gaysejour.com\/room\/independant-house-with-heated-pool-the-loire-valley\/"},"modified":"2025-03-18T16:39:04","modified_gmt":"2025-03-18T15:39:04","slug":"independant-house-with-heated-pool-the-loire-valley","status":"publish","type":"product","link":"https:\/\/booking-gaysejour.com\/gb\/guide\/independant-house-with-heated-pool-the-loire-valley\/","title":{"rendered":"Independant house with heated pool @ The Loire Valley"},"content":{"rendered":"<h3>Location de vacances &#8211; 2 pers max. &#8211; 1 chambre<\/h3>\n<p>Profitez de vos vacances dans cette <strong>maison ind\u00e9pendante<\/strong> de 40 m\u00b2, plein pied, donnant sur une <strong>terrasse priv\u00e9e<\/strong> et un <strong>jardin 1600 m\u00b2<\/strong> partag\u00e9 avec les propri\u00e9taires. Au calme d&#8217;un hameau \u00e0 8 km de Richelieu.<\/p>\n<p><strong>Cuisine enti\u00e8rement \u00e9quip\u00e9e<\/strong> : four, micro-ondes, lave-vaisselle, plaques \u00e0 induction, lave-linge, machine \u00e0 caf\u00e9 Nespresso. La cuisine donne sur l&#8217;espace salon avec canap\u00e9 et \u00e9cran plat connect\u00e9.<\/p>\n<p>Salle d&#8217;eau avec douche \u00e0 l&#8217;italienne et WC s\u00e9par\u00e9s.<\/p>\n<p>1 chambre \u00e9quip\u00e9e d&#8217;un lit 160&#215;200, \u00e9cran plat.<\/p>\n<p>Depuis chaque pi\u00e8ce du logement, vue sur la <strong>piscine<\/strong> 12m x 5m, chauff\u00e9e 28\u00b0 du 1er mai au 30 septembre. Linge de toilette, de lit et de bain fournis, wifi sur tout le site.<\/p>\n<p>Nous avons deux chiens, un Terre Neuve et un Yorkshire tr\u00e8s affectueux mais rendant impossible, pour le bien-\u00eatre de tous, l&#8217;accueil d&#8217;autres animaux sur le site.<\/p>\n<p>Situ\u00e9 en haut d&#8217;une colline dans la<strong> campagne Richelaise<\/strong>, o\u00f9 le Cardinal avait fait \u00e9riger sa ville en 1632, toujours intacte aujourd&#8217;hui. <strong>Nombreux ch\u00e2teaux<\/strong> \u00e0 proximit\u00e9, de la Forteresse Royale de Chinon, au Rivau, Amboise en passant par Azay le Rideau et le Clos Luc\u00e9. <strong>D\u00e9gustation des vins<\/strong> de Chinon, itin\u00e9rance douce sur la<strong> voie verte<\/strong>, autant d&#8217;activit\u00e9s possibles pendant votre s\u00e9jour.<\/p>\n","protected":false},"excerpt":{"rendered":"<p>Location de vacances &#8211; 2 pers max. &#8211; 1 chambre Profitez de vos vacances dans cette maison ind\u00e9pendante de 40 m\u00b2, plein pied, donnant sur une terrasse priv\u00e9e et un jardin 1600 m\u00b2 partag\u00e9 avec les propri\u00e9taires. Au calme d&#8217;un hameau \u00e0 8 km de Richelieu. Cuisine enti\u00e8rement \u00e9quip\u00e9e : four, micro-ondes, lave-vaisselle, plaques \u00e0<a class=\"more-link\" href=\"https:\/\/booking-gaysejour.com\/gb\/guide\/independant-house-with-heated-pool-the-loire-valley\/\">Read more  &#10230;<\/a><\/p>\n","protected":false},"featured_media":65403,"template":"","meta":[],"product_brand":[],"product_cat":[1928,741,803,1059],"product_tag":[1320,1610,1611,1324,1306,1821],"class_list":{"0":"post-63504","1":"product","2":"type-product","3":"status-publish","4":"has-post-thumbnail","6":"product_cat-hebergement-gb","7":"product_cat-france-gb","8":"product_cat-the-loire-valley","9":"product_cat-vacation-rental","10":"product_tag-heated-pool","11":"product_tag-instant-booking","12":"product_tag-jacuzzi-gb","13":"product_tag-naturism","14":"product_tag-naturiste-gb","15":"product_tag-quiet-place","16":"pa_5-services-parking-on-premise","17":"pa_5-services-washer","18":"pa_5-services-wifi-gratuit","19":"pa_6-installations-heaten-pool","20":"pa_6-installations-tv-room","21":"yith_shop_vendor-olivier-mickael-gay-holiday-cottage","22":"yith_booking_service-sauna-included","23":"yith_booking_service-jacuzzi-included","24":"yith_booking_service-swimming-pool","26":"first","27":"instock","28":"virtual","29":"sold-individually","30":"purchasable","31":"product-type-booking"},"_links":{"self":[{"href":"https:\/\/booking-gaysejour.com\/gb\/wp-json\/wp\/v2\/product\/63504","targetHints":{"allow":["GET"]}}],"collection":[{"href":"https:\/\/booking-gaysejour.com\/gb\/wp-json\/wp\/v2\/product"}],"about":[{"href":"https:\/\/booking-gaysejour.com\/gb\/wp-json\/wp\/v2\/types\/product"}],"wp:featuredmedia":[{"embeddable":true,"href":"https:\/\/booking-gaysejour.com\/gb\/wp-json\/wp\/v2\/media\/65403"}],"wp:attachment":[{"href":"https:\/\/booking-gaysejour.com\/gb\/wp-json\/wp\/v2\/media?parent=63504"}],"wp:term":[{"taxonomy":"product_brand","embeddable":true,"href":"https:\/\/booking-gaysejour.com\/gb\/wp-json\/wp\/v2\/product_brand?post=63504"},{"taxonomy":"product_cat","embeddable":true,"href":"https:\/\/booking-gaysejour.com\/gb\/wp-json\/wp\/v2\/product_cat?post=63504"},{"taxonomy":"product_tag","embeddable":true,"href":"https:\/\/booking-gaysejour.com\/gb\/wp-json\/wp\/v2\/product_tag?post=63504"}],"curies":[{"name":"wp","href":"https:\/\/api.w.org\/{rel}","templated":true}]}}