{"id":63506,"date":"2021-05-11T17:56:54","date_gmt":"2021-05-11T15:56:54","guid":{"rendered":"https:\/\/booking-gaysejour.com\/room\/triple-standard-room-hotel-le-blason-de-provence-monteux\/"},"modified":"2025-03-18T16:39:05","modified_gmt":"2025-03-18T15:39:05","slug":"triple-standard-room-hotel-le-blason-de-provence-monteux","status":"publish","type":"product","link":"https:\/\/booking-gaysejour.com\/gb\/guide\/triple-standard-room-hotel-le-blason-de-provence-monteux\/","title":{"rendered":"Triple Standard Room @ H\u00f4tel Le Blason de Provence \u2013 Monteux"},"content":{"rendered":"<h3><strong>Chambre Triple Standard &#8211; 1 Lit Queen-size + 1 Lit simple &#8211; 22 m\u00b2<\/strong><\/h3>\n<p style=\"margin: 0px 0px 10px; color: #4e5551; font-family: Raleway, sans-serif; font-size: 1.1em;\"><span style=\"font-family: Raleway, sans-serif;\">L&#8217;h\u00f4tel <strong>LE BLASON DE PROVENCE***<\/strong> est un h\u00f4tel de charme qui vous propose un s\u00e9jour id\u00e9al pour explorer les richesses culturelles, architecturales et naturelles de l\u2019Avignon, Orange, Fontaine-de-Vaucluse, Vaison-la-Romaine, Isle-sur-la-Sorgue, le Mont-Ventoux, Ch\u00e2teauneuf-du-Pape, Le Luberon, Les Baux-de-Provence, Saint-R\u00e9my, les Alpilles, etc.<\/span><\/p>\n<p style=\"margin: 0px 0px 10px; color: #4e5551; font-family: Raleway, sans-serif; font-size: 1.1em;\"><span style=\"font-family: Raleway, sans-serif;\">Sa b\u00e2tisse <strong>typiquement proven\u00e7ale<\/strong> se niche dans un \u00e9crin de verdure sauvage. Sur place, nous mettons \u00e0 votre disposition une <strong>piscine<\/strong>, un bar, un jardin aux mille senteurs et un parking ferm\u00e9 pour assurer la s\u00e9curit\u00e9 de vos v\u00e9hicules.<\/span><\/p>\n<p style=\"margin: 0px 0px 10px; color: #4e5551; font-family: Raleway, sans-serif; font-size: 1.1em;\"><span style=\"font-family: Raleway, sans-serif;\">18 chambres climatis\u00e9es confortables et chaleureuses vous attendent, toutes diff\u00e9rentes et dot\u00e9es de salle de bains, de W.C, de t\u00e9l\u00e9phone, de t\u00e9l\u00e9vision par c\u00e2bles et de WIFI.\u00a0<\/span><\/p>\n<p style=\"margin: 0px 0px 10px; color: #4e5551; font-family: Raleway, sans-serif; font-size: 1.1em;\"><span style=\"font-family: Raleway, sans-serif;\">Dans le restaurant pr\u00e8s de la chemin\u00e9e, au bar, sur <strong>les terrasses<\/strong> ou au bord de la piscine; en toutes saisons, le Blason de Provence est le lieu id\u00e9al pour profiter de la qui\u00e9tude du temps qui passe si sereinement en Provence\u2026<\/span><\/p>\n<p style=\"margin: 0px 0px 10px; color: #4e5551; font-family: Raleway, sans-serif; font-size: 1.1em;\"><span style=\"font-family: Raleway, sans-serif;\">Pour vous restaurer, notre <strong>restaurant \u00abbistronomique\u00bb<\/strong> est ouvert avec une carte \u00e9labor\u00e9e \u00e0 partir de produits du terroir.<\/span><\/p>\n","protected":false},"excerpt":{"rendered":"<p>Chambre Triple Standard &#8211; 1 Lit Queen-size + 1 Lit simple &#8211; 22 m\u00b2 L&#8217;h\u00f4tel LE BLASON DE PROVENCE*** est un h\u00f4tel de charme qui vous propose un s\u00e9jour id\u00e9al pour explorer les richesses culturelles, architecturales et naturelles de l\u2019Avignon, Orange, Fontaine-de-Vaucluse, Vaison-la-Romaine, Isle-sur-la-Sorgue, le Mont-Ventoux, Ch\u00e2teauneuf-du-Pape, Le Luberon, Les Baux-de-Provence, Saint-R\u00e9my, les Alpilles, etc.<a class=\"more-link\" href=\"https:\/\/booking-gaysejour.com\/gb\/guide\/triple-standard-room-hotel-le-blason-de-provence-monteux\/\">Read more  &#10230;<\/a><\/p>\n","protected":false},"featured_media":51527,"template":"","meta":[],"product_brand":[],"product_cat":[1928,741,1915,834],"product_tag":[1309,1223],"class_list":{"0":"post-63506","1":"product","2":"type-product","3":"status-publish","4":"has-post-thumbnail","6":"product_cat-hebergement-gb","7":"product_cat-france-gb","8":"product_cat-hotel","9":"product_cat-provence-alpes-cote-dazur-gb","10":"product_tag-disabled-accessility","11":"product_tag-piscine-gb","12":"pa_1-type-hotel-gb","13":"pa_2-chambre-et-salle-de-bain-air-conditioning","14":"pa_2-chambre-et-salle-de-bain-bathroom-towel","15":"pa_2-chambre-et-salle-de-bain-disabled-access","16":"pa_2-chambre-et-salle-de-bain-hair-dryer","17":"pa_2-chambre-et-salle-de-bain-linen","18":"pa_2-chambre-et-salle-de-bain-private-bathroom","19":"pa_2-chambre-et-salle-de-bain-safe","20":"pa_2-chambre-et-salle-de-bain-tv-chambre-gb","21":"pa_2-chambre-et-salle-de-bain-placard-penderie-gb","22":"pa_2-chambre-et-salle-de-bain-wc-privatif-gb","23":"pa_5-services-climatisation-gb-2","24":"pa_5-services-handicap-gb","25":"pa_5-services-parking-on-premise","26":"pa_5-services-wifi-gratuit","27":"pa_6-installations-elevator","28":"pa_6-installations-piscine-gb","29":"pa_6-installations-tv-room-gb","30":"yith_shop_vendor-hotel-le-blason-de-provence-vaucluse","32":"first","33":"instock","34":"virtual","35":"sold-individually","36":"purchasable","37":"product-type-booking"},"_links":{"self":[{"href":"https:\/\/booking-gaysejour.com\/gb\/wp-json\/wp\/v2\/product\/63506","targetHints":{"allow":["GET"]}}],"collection":[{"href":"https:\/\/booking-gaysejour.com\/gb\/wp-json\/wp\/v2\/product"}],"about":[{"href":"https:\/\/booking-gaysejour.com\/gb\/wp-json\/wp\/v2\/types\/product"}],"wp:featuredmedia":[{"embeddable":true,"href":"https:\/\/booking-gaysejour.com\/gb\/wp-json\/wp\/v2\/media\/51527"}],"wp:attachment":[{"href":"https:\/\/booking-gaysejour.com\/gb\/wp-json\/wp\/v2\/media?parent=63506"}],"wp:term":[{"taxonomy":"product_brand","embeddable":true,"href":"https:\/\/booking-gaysejour.com\/gb\/wp-json\/wp\/v2\/product_brand?post=63506"},{"taxonomy":"product_cat","embeddable":true,"href":"https:\/\/booking-gaysejour.com\/gb\/wp-json\/wp\/v2\/product_cat?post=63506"},{"taxonomy":"product_tag","embeddable":true,"href":"https:\/\/booking-gaysejour.com\/gb\/wp-json\/wp\/v2\/product_tag?post=63506"}],"curies":[{"name":"wp","href":"https:\/\/api.w.org\/{rel}","templated":true}]}}