{"id":63508,"date":"2021-06-15T16:46:01","date_gmt":"2021-06-15T14:46:01","guid":{"rendered":"https:\/\/booking-gaysejour.com\/room\/house-rental-5-people-toulouse\/"},"modified":"2022-12-09T16:18:47","modified_gmt":"2022-12-09T15:18:47","slug":"house-rental-5-people-toulouse","status":"publish","type":"product","link":"https:\/\/booking-gaysejour.com\/gb\/guide\/house-rental-5-people-toulouse\/","title":{"rendered":"House rental  ( 5 people) @ Toulouse"},"content":{"rendered":"<p>&nbsp;<\/p>\n<p><img decoding=\"async\" class=\"size-medium wp-image-49285 aligncenter lazyload\" data-src=\"https:\/\/booking-gaysejour.com\/wp-content\/uploads\/IMG_2580-300x225.jpg\" alt=\"\" width=\"300\" height=\"225\" src=\"data:image\/svg+xml;base64,PHN2ZyB3aWR0aD0iMSIgaGVpZ2h0PSIxIiB4bWxucz0iaHR0cDovL3d3dy53My5vcmcvMjAwMC9zdmciPjwvc3ZnPg==\" style=\"--smush-placeholder-width: 300px; --smush-placeholder-aspect-ratio: 300\/225;\" \/><\/p>\n<p>LOUEZ LA MAISON \u00a0(privatis\u00e9e de 1 \u00e0 5 personnes*).<\/p>\n<p>Maison de type 2 avec 1 chambre s\u00e9par\u00e9e, \u00a01 grande pi\u00e8ce \u00e0 vivre avec un grand couchage en alcove + un canap\u00e9 lit pour une personne. 1 cuisine sur-\u00e9quip\u00e9e, une salle de douches \u00e0 l&#8217;italienne et wc, accessibles directement depuis la chambre.<br \/>\nTerrasses avec salon de jardin complet.<br \/>\nAcc\u00e8s, piscine et jacuzzi pour tous.<br \/>\nVous disposez d&#8217;une cuisine tr\u00e8s \u00e9quip\u00e9e.<br \/>\nLinge de maison enti\u00e8rement fournis.<br \/>\nEn option, vous pourrez aussi louer le cabanon pour deux personnes suppl\u00e9mentaires = 7 couchages au total ! (+80\u20ac\/nuit\u00e9e)<br \/>\n*Attention vos invit\u00e9s ext\u00e9rieurs sont plac\u00e9s sous votre seule responsabilit\u00e9. S&#8217;ils utilisent les installations (solarium, piscine, jacuzzi) une somme forfaitaire de 25\u20ac d&#8217;entr\u00e9e sera demand\u00e9e. Pas de f\u00eate, ni soir\u00e9e organis\u00e9e sur place.<\/p>\n<p><strong>DINERS EN TABLE D\u2019HOTES SUR R\u00c9<\/strong><strong>SERVATION.<\/strong><\/p>\n<p>Piscine ext\u00e9rieure chauff\u00e9e de mai \u00e0 octobre.<\/p>\n<p>Tous ces espaces sont accessibles aux<strong> naturistes<\/strong>. Sur place possibilit\u00e9 de <strong>massages balinais\u00a0<\/strong>sur table.<\/p>\n<p>Maison situ\u00e9e \u00e0 Toulouse, quartier St Simon (\u00e0 6km de l\u2019a\u00e9roport) proche d\u2019une sortie de Rocade (C\u00e9pi\u00e8re) et des stations de m\u00e9tro : Mirail Universit\u00e9 ou Basso Cambo. \u00c0 une minute de la v\u00e9lo-station (roulez \u00e0 v\u00e9lo pour 1\u20ac\/jour). 2 lignes de bus Tiss\u00e9o.<br \/>\nA 8 minutes \u00e0 pieds des commerces (banque, boulangerie, restaurants, sup\u00e9rette\u2026).<\/p>\n<p>Stationnement facile et gratuit.<\/p>\n<p><strong>Stationnement facile<\/strong>\u00a0 \u00a0La maison voisine avec le chouette restaurant LGBT Folles Saisons, ouvert chaque midi et en soir\u00e9e en fin de semaine, dont soir\u00e9es-spectacles.<\/p>\n<p>Pour les repas et le petit d\u00e9jeuner chacun peut cuisiner \u00e0 sa guise les ingr\u00e9dients sortis de son panier. (Sup\u00e9rette proche).<\/p>\n<p><strong>Diners naturistes OU textiles<\/strong> (sur r\u00e9servation) : grillades \u00e0 la plancha, cassoulet artisanal. Repas v\u00e9g\u00e9tariens .<\/p>\n<p>Transfert assur\u00e9 (sur r\u00e9servation) depuis l\u2019A\u00e9roport de Toulouse-Blagnac ou Gare-Toulouse-Matabiau = Participation de 15\u20ac\/ voyage.<\/p>\n<p>Vous trouverez sur place de nombreuses brochures touristiques et bons plans LGBT et friendly. Toulouse est une belle ville d\u2019art et de culture !<\/p>\n","protected":false},"excerpt":{"rendered":"<p>&nbsp; LOUEZ LA MAISON \u00a0(privatis\u00e9e de 1 \u00e0 5 personnes*). Maison de type 2 avec 1 chambre s\u00e9par\u00e9e, \u00a01 grande pi\u00e8ce \u00e0 vivre avec un grand couchage en alcove + un canap\u00e9 lit pour une personne. 1 cuisine sur-\u00e9quip\u00e9e, une salle de douches \u00e0 l&#8217;italienne et wc, accessibles directement depuis la chambre. Terrasses avec salon<a class=\"more-link\" href=\"https:\/\/booking-gaysejour.com\/gb\/guide\/house-rental-5-people-toulouse\/\">Read more  &#10230;<\/a><\/p>\n","protected":false},"featured_media":32541,"template":"","meta":[],"product_brand":[],"product_cat":[1928,741,789,1059],"product_tag":[1611,1324,1306,1223],"class_list":{"0":"post-63508","1":"product","2":"type-product","3":"status-publish","4":"has-post-thumbnail","6":"product_cat-hebergement-gb","7":"product_cat-france-gb","8":"product_cat-occitania","9":"product_cat-vacation-rental","10":"product_tag-jacuzzi-gb","11":"product_tag-naturism","12":"product_tag-naturiste-gb","13":"product_tag-piscine-gb","14":"yith_shop_vendor-gay-naturist-bnb-toulouse","16":"first","17":"instock","18":"virtual","19":"sold-individually","20":"purchasable","21":"product-type-booking"},"_links":{"self":[{"href":"https:\/\/booking-gaysejour.com\/gb\/wp-json\/wp\/v2\/product\/63508","targetHints":{"allow":["GET"]}}],"collection":[{"href":"https:\/\/booking-gaysejour.com\/gb\/wp-json\/wp\/v2\/product"}],"about":[{"href":"https:\/\/booking-gaysejour.com\/gb\/wp-json\/wp\/v2\/types\/product"}],"wp:featuredmedia":[{"embeddable":true,"href":"https:\/\/booking-gaysejour.com\/gb\/wp-json\/wp\/v2\/media\/32541"}],"wp:attachment":[{"href":"https:\/\/booking-gaysejour.com\/gb\/wp-json\/wp\/v2\/media?parent=63508"}],"wp:term":[{"taxonomy":"product_brand","embeddable":true,"href":"https:\/\/booking-gaysejour.com\/gb\/wp-json\/wp\/v2\/product_brand?post=63508"},{"taxonomy":"product_cat","embeddable":true,"href":"https:\/\/booking-gaysejour.com\/gb\/wp-json\/wp\/v2\/product_cat?post=63508"},{"taxonomy":"product_tag","embeddable":true,"href":"https:\/\/booking-gaysejour.com\/gb\/wp-json\/wp\/v2\/product_tag?post=63508"}],"curies":[{"name":"wp","href":"https:\/\/api.w.org\/{rel}","templated":true}]}}