{"id":63509,"date":"2021-05-07T15:06:34","date_gmt":"2021-05-07T13:06:34","guid":{"rendered":"https:\/\/booking-gaysejour.com\/room\/le-clos-du-bois-brard-chambre-du-parc\/"},"modified":"2025-03-18T16:39:05","modified_gmt":"2025-03-18T15:39:05","slug":"le-clos-du-bois-brard-chambre-du-parc","status":"publish","type":"product","link":"https:\/\/booking-gaysejour.com\/gb\/guide\/le-clos-du-bois-brard-chambre-du-parc\/","title":{"rendered":"Chambre du Parc  @ Le Clos du Bois Brard &#8211; Saumur"},"content":{"rendered":"<h3>Chambre du Parc &#8211; 2 pers &#8211; 2 lit simple &#8211; 2 nuits minimum<\/h3>\n<p>Cette chambre peut accueillir <strong>un couple<\/strong> au rez-de-chauss\u00e9e de la b\u00e2tisse avec un double acc\u00e8s dont un <strong>vers le parc.<\/strong><\/p>\n<p><strong>Le Clos du Bois Brard<\/strong><\/p>\n<p>Au c\u0153ur de l&#8217;agglom\u00e9ration Saumuroise, Thibault vous accueille dans une b\u00e2tisse en tuffeau des XVIII\u00e8me et XIX\u00e8me si\u00e8cle. &#8220;<strong>Le Clos du Bois Brard<\/strong>&#8221; est situ\u00e9 \u00e0 proximit\u00e9 du centre ville, de l&#8217;Ecole Nationale d&#8217;Equitation, du golf, des caves de r\u00e9putation mondiale, de la Loire et du Thouet \u00e0 v\u00e9lo. La propri\u00e9t\u00e9 vous offre un appartement, quatre chambres d&#8217;h\u00f4tes <strong>avec piscine<\/strong> (mai \u00e0 septembre) et petits d\u00e9jeuners sur la terrasse. Cette demeure poss\u00e8de une architecture et un <strong>charme<\/strong> assez original avec son style unique.<\/p>\n<p>Un Clos est une parcelle de vigne entour\u00e9e de murs de tuffeau. Ce Clos faisait parti du <strong>Bois Brard<\/strong>, propri\u00e9t\u00e9 \u00e0 l&#8217;\u00e9poque du ministre des Finances de Louis XIV, Nicolas Fouquet. C&#8217;est au cours du XVIII\u00e8me si\u00e8cle que les ailes furent construites et ensuite au XIX\u00e8me si\u00e8cle le second et troisi\u00e8me \u00e9tage. D&#8217;ailleurs \u00e0 cette \u00e9poque, <strong>Honor\u00e9 de Balzac<\/strong> \u00e9tait souvent re\u00e7u au Clos par la maitresse des lieux \u00e0 l&#8217;\u00e9poque o\u00f9 il \u00e9crivit Eug\u00e9nie Grandet.<\/p>\n","protected":false},"excerpt":{"rendered":"<p>Chambre du Parc &#8211; 2 pers &#8211; 2 lit simple &#8211; 2 nuits minimum Cette chambre peut accueillir un couple au rez-de-chauss\u00e9e de la b\u00e2tisse avec un double acc\u00e8s dont un vers le parc. Le Clos du Bois Brard Au c\u0153ur de l&#8217;agglom\u00e9ration Saumuroise, Thibault vous accueille dans une b\u00e2tisse en tuffeau des XVIII\u00e8me et<a class=\"more-link\" href=\"https:\/\/booking-gaysejour.com\/gb\/guide\/le-clos-du-bois-brard-chambre-du-parc\/\">Read more  &#10230;<\/a><\/p>\n","protected":false},"featured_media":51251,"template":"","meta":[],"product_brand":[],"product_cat":[1928,741,1038,801],"product_tag":[1821,1317,1223],"class_list":{"0":"post-63509","1":"product","2":"type-product","3":"status-publish","4":"has-post-thumbnail","6":"product_cat-hebergement-gb","7":"product_cat-france-gb","8":"product_cat-guesthouse-bnb","9":"product_cat-the-loire-country","10":"product_tag-quiet-place","11":"product_tag-romantic","12":"product_tag-piscine-gb","13":"pa_1-type-chambre-hotes-gb","14":"pa_2-chambre-et-salle-de-bain-hair-dryer","15":"pa_2-chambre-et-salle-de-bain-linen","16":"pa_2-chambre-et-salle-de-bain-private-bathroom","17":"pa_2-chambre-et-salle-de-bain-wc-privatif-gb","18":"pa_5-services-parking-on-premise","19":"pa_5-services-wifi-gratuit","20":"pa_6-installations-piscine-gb","21":"pa_6-installations-shared-kitchen","22":"yith_shop_vendor-le-clos-du-bois-brard-maine-et-loire","23":"yith_booking_service-petit-dejeuner-inclus-gb","25":"first","26":"instock","27":"virtual","28":"sold-individually","29":"purchasable","30":"product-type-booking"},"_links":{"self":[{"href":"https:\/\/booking-gaysejour.com\/gb\/wp-json\/wp\/v2\/product\/63509","targetHints":{"allow":["GET"]}}],"collection":[{"href":"https:\/\/booking-gaysejour.com\/gb\/wp-json\/wp\/v2\/product"}],"about":[{"href":"https:\/\/booking-gaysejour.com\/gb\/wp-json\/wp\/v2\/types\/product"}],"wp:featuredmedia":[{"embeddable":true,"href":"https:\/\/booking-gaysejour.com\/gb\/wp-json\/wp\/v2\/media\/51251"}],"wp:attachment":[{"href":"https:\/\/booking-gaysejour.com\/gb\/wp-json\/wp\/v2\/media?parent=63509"}],"wp:term":[{"taxonomy":"product_brand","embeddable":true,"href":"https:\/\/booking-gaysejour.com\/gb\/wp-json\/wp\/v2\/product_brand?post=63509"},{"taxonomy":"product_cat","embeddable":true,"href":"https:\/\/booking-gaysejour.com\/gb\/wp-json\/wp\/v2\/product_cat?post=63509"},{"taxonomy":"product_tag","embeddable":true,"href":"https:\/\/booking-gaysejour.com\/gb\/wp-json\/wp\/v2\/product_tag?post=63509"}],"curies":[{"name":"wp","href":"https:\/\/api.w.org\/{rel}","templated":true}]}}