{"id":63510,"date":"2021-05-07T14:34:40","date_gmt":"2021-05-07T12:34:40","guid":{"rendered":"https:\/\/booking-gaysejour.com\/room\/le-clos-du-bois-brard-chambre-de-la-tour\/"},"modified":"2025-03-18T16:39:05","modified_gmt":"2025-03-18T15:39:05","slug":"le-clos-du-bois-brard-chambre-de-la-tour","status":"publish","type":"product","link":"https:\/\/booking-gaysejour.com\/gb\/guide\/le-clos-du-bois-brard-chambre-de-la-tour\/","title":{"rendered":"Chambre de la Tour @ Le Clos du Bois Brard &#8211; Saumur"},"content":{"rendered":"<h3>Chambre de la Tour &#8211; 3 pers &#8211; 1 lit double\u00a0 et 1 lit simple &#8211; 2 nuits minimum<\/h3>\n<p>Au troisi\u00e8me \u00e9tage, elle peut accueillir 3 personnes et offre un <strong>magnifique panorama sur le parc<\/strong>. Vous apercevrez l&#8217;impressionnante poutraison de cette demeure. Grande chambre et salle d&#8217;eau avec WC dans les tons pastels jaune et vert d&#8217;eau.<\/p>\n<p><strong>Le Clos du Bois Brard<\/strong><\/p>\n<p>Au c\u0153ur de l&#8217;agglom\u00e9ration Saumuroise, Thibault vous accueille dans une b\u00e2tisse en tuffeau des XVIII\u00e8me et XIX\u00e8me si\u00e8cle. La maison est \u00a0situ\u00e9e \u00e0 proximit\u00e9 du centre ville, de l&#8217;Ecole Nationale d&#8217;Equitation, du golf, des caves de r\u00e9putation mondiale, de la Loire et du Thouet \u00e0 v\u00e9lo. La propri\u00e9t\u00e9 vous offre un appartement, quatre chambres d&#8217;h\u00f4tes <strong>avec piscine<\/strong> (mai \u00e0 septembre) et petits d\u00e9jeuners sur la terrasse. Cette demeure poss\u00e8de une architecture et un <strong>charme<\/strong> assez original avec son style unique.<\/p>\n<p>Un Clos est une parcelle de vigne entour\u00e9e de murs de tuffeau. Ce Clos faisait parti du <strong>Bois Brard<\/strong>, propri\u00e9t\u00e9 \u00e0 l&#8217;\u00e9poque du ministre des Finances de Louis XIV, Nicolas Fouquet. C&#8217;est au cours du XVIII\u00e8me si\u00e8cle que les ailes furent construites et ensuite au XIX\u00e8me si\u00e8cle le second et troisi\u00e8me \u00e9tage. D&#8217;ailleurs \u00e0 cette \u00e9poque, <strong>Honor\u00e9 de Balzac<\/strong> \u00e9tait souvent re\u00e7u au Clos par la maitresse des lieux \u00e0 l&#8217;\u00e9poque o\u00f9 il \u00e9crivit Eug\u00e9nie Grandet.<\/p>\n","protected":false},"excerpt":{"rendered":"<p>Chambre de la Tour &#8211; 3 pers &#8211; 1 lit double\u00a0 et 1 lit simple &#8211; 2 nuits minimum Au troisi\u00e8me \u00e9tage, elle peut accueillir 3 personnes et offre un magnifique panorama sur le parc. Vous apercevrez l&#8217;impressionnante poutraison de cette demeure. Grande chambre et salle d&#8217;eau avec WC dans les tons pastels jaune et<a class=\"more-link\" href=\"https:\/\/booking-gaysejour.com\/gb\/guide\/le-clos-du-bois-brard-chambre-de-la-tour\/\">Read more  &#10230;<\/a><\/p>\n","protected":false},"featured_media":51315,"template":"","meta":[],"product_brand":[],"product_cat":[1928,741,1038,801],"product_tag":[1821,1317,1223],"class_list":{"0":"post-63510","1":"product","2":"type-product","3":"status-publish","4":"has-post-thumbnail","6":"product_cat-hebergement-gb","7":"product_cat-france-gb","8":"product_cat-guesthouse-bnb","9":"product_cat-the-loire-country","10":"product_tag-quiet-place","11":"product_tag-romantic","12":"product_tag-piscine-gb","13":"pa_1-type-chambre-hotes-gb","14":"pa_2-chambre-et-salle-de-bain-hair-dryer","15":"pa_2-chambre-et-salle-de-bain-linen","16":"pa_2-chambre-et-salle-de-bain-private-bathroom","17":"pa_2-chambre-et-salle-de-bain-placard-penderie-gb","18":"pa_2-chambre-et-salle-de-bain-wc-privatif-gb","19":"pa_5-services-parking-on-premise","20":"pa_5-services-wifi-gratuit","21":"pa_6-installations-piscine-gb","22":"pa_6-installations-shared-kitchen","23":"pa_6-installations-tv-room","24":"yith_shop_vendor-le-clos-du-bois-brard-maine-et-loire","25":"yith_booking_service-petit-dejeuner-inclus-gb","27":"first","28":"instock","29":"virtual","30":"sold-individually","31":"purchasable","32":"product-type-booking"},"_links":{"self":[{"href":"https:\/\/booking-gaysejour.com\/gb\/wp-json\/wp\/v2\/product\/63510","targetHints":{"allow":["GET"]}}],"collection":[{"href":"https:\/\/booking-gaysejour.com\/gb\/wp-json\/wp\/v2\/product"}],"about":[{"href":"https:\/\/booking-gaysejour.com\/gb\/wp-json\/wp\/v2\/types\/product"}],"wp:featuredmedia":[{"embeddable":true,"href":"https:\/\/booking-gaysejour.com\/gb\/wp-json\/wp\/v2\/media\/51315"}],"wp:attachment":[{"href":"https:\/\/booking-gaysejour.com\/gb\/wp-json\/wp\/v2\/media?parent=63510"}],"wp:term":[{"taxonomy":"product_brand","embeddable":true,"href":"https:\/\/booking-gaysejour.com\/gb\/wp-json\/wp\/v2\/product_brand?post=63510"},{"taxonomy":"product_cat","embeddable":true,"href":"https:\/\/booking-gaysejour.com\/gb\/wp-json\/wp\/v2\/product_cat?post=63510"},{"taxonomy":"product_tag","embeddable":true,"href":"https:\/\/booking-gaysejour.com\/gb\/wp-json\/wp\/v2\/product_tag?post=63510"}],"curies":[{"name":"wp","href":"https:\/\/api.w.org\/{rel}","templated":true}]}}