{"id":63516,"date":"2021-03-05T07:18:29","date_gmt":"2021-03-05T06:18:29","guid":{"rendered":"https:\/\/booking-gaysejour.com\/room\/gite-la-maison-dinvites\/"},"modified":"2025-03-18T16:39:06","modified_gmt":"2025-03-18T15:39:06","slug":"gite-la-maison-dinvites","status":"publish","type":"product","link":"https:\/\/booking-gaysejour.com\/gb\/guide\/gite-la-maison-dinvites\/","title":{"rendered":"G\u00eete &#8220;la Maison d&#8217;Invit\u00e9s&#8221; @ Maison Les Tillets &#8211; Bois-Sainte-Marie"},"content":{"rendered":"<h3>G\u00eete 125m2 &#8211; 5 personnes &#8211; 2 chambres &#8211; 2 nuits minimums<\/h3>\n<p>Le g\u00eete est accessible par une entr\u00e9e\u00a0 ind\u00e9pendante de la maison principale. Il est pr\u00e9f\u00e9rentiellement non-fumeur, surtout dans les chambres. De nombreux espaces ext\u00e9rieurs permettent de prendre le temps du plaisir d\u2019une cigarette ou d\u2019un cigare, en contemplant le jardin et en se laissant bercer par les bruits ext\u00e9rieurs.<\/p>\n<p>Le g\u00eete est une maison ind\u00e9pendante de la maison principale, comprenant <em>une cuisine<\/em> enti\u00e8rement <em>\u00e9quip\u00e9e<\/em> (r\u00e9frig\u00e9rateur am\u00e9ricain, cong\u00e9lateur, piano de cuisine, four, lave-vaisselle, etc). Pendant votre s\u00e9jour, cet espace vous permettra de vous retrouver et de cuisiner en toute convivialit\u00e9.<\/p>\n<p><em>Le salon<\/em>\u00a0contient: canap\u00e9, fauteuils, t\u00e9l\u00e9vision et lecteur DVD Un lit d&#8217;appoint peut y \u00eatre ajout\u00e9 pour le couchage d&#8217;une personne suppl\u00e9mentaire.<\/p>\n<p>Au rez-de-chauss\u00e9, vous pourrez d\u00e9couvrir une premi\u00e8re chambre <em>Glycines, <\/em>ainsi qu&#8217;une salle d&#8217;eau \u00e9quip\u00e9e d&#8217;une <em>douche<\/em> et d&#8217;une double vasque. Cette chambre vous offre le confort que vous recherchez, avec un lit Queen Size (160&#215;200), un espace bureau et une biblioth\u00e8que.<\/p>\n<p>En empruntant l&#8217;escalier du salon, vous d\u00e9couvriez une seconde chambre <em>Perch\u00e9e, <\/em>\u00e9quip\u00e9e de deux lits 90 x 190 pouvant se rassembler en 1 grand lit de 180 x 190. Vous disposerez d&#8217;une salle d&#8217;eau \u00e9quip\u00e9e d&#8217;une <em>douche<\/em> et attenante \u00e0 la chambre.<\/p>\n","protected":false},"excerpt":{"rendered":"<p>G\u00eete 125m2 &#8211; 5 personnes &#8211; 2 chambres &#8211; 2 nuits minimums Le g\u00eete est accessible par une entr\u00e9e\u00a0 ind\u00e9pendante de la maison principale. Il est pr\u00e9f\u00e9rentiellement non-fumeur, surtout dans les chambres. De nombreux espaces ext\u00e9rieurs permettent de prendre le temps du plaisir d\u2019une cigarette ou d\u2019un cigare, en contemplant le jardin et en se<a class=\"more-link\" href=\"https:\/\/booking-gaysejour.com\/gb\/guide\/gite-la-maison-dinvites\/\">Read more  &#10230;<\/a><\/p>\n","protected":false},"featured_media":49586,"template":"","meta":[],"product_brand":[],"product_cat":[1928,780,741],"product_tag":[1315],"class_list":{"0":"post-63516","1":"product","2":"type-product","3":"status-publish","4":"has-post-thumbnail","6":"product_cat-hebergement-gb","7":"product_cat-burgundy-franche-comte-gb","8":"product_cat-france-gb","9":"product_tag-unusual-accommdation","10":"pa_1-type-holiday-rental","11":"pa_2-chambre-et-salle-de-bain-bathroom-towel","12":"pa_2-chambre-et-salle-de-bain-hair-dryer","13":"pa_2-chambre-et-salle-de-bain-linen","14":"pa_5-services-parking-on-premise","15":"pa_6-installations-tv-room-gb","16":"yith_shop_vendor-maison-les-tillets-saone-et-loire-burgundy","18":"first","19":"instock","20":"virtual","21":"sold-individually","22":"purchasable","23":"product-type-booking"},"_links":{"self":[{"href":"https:\/\/booking-gaysejour.com\/gb\/wp-json\/wp\/v2\/product\/63516","targetHints":{"allow":["GET"]}}],"collection":[{"href":"https:\/\/booking-gaysejour.com\/gb\/wp-json\/wp\/v2\/product"}],"about":[{"href":"https:\/\/booking-gaysejour.com\/gb\/wp-json\/wp\/v2\/types\/product"}],"wp:featuredmedia":[{"embeddable":true,"href":"https:\/\/booking-gaysejour.com\/gb\/wp-json\/wp\/v2\/media\/49586"}],"wp:attachment":[{"href":"https:\/\/booking-gaysejour.com\/gb\/wp-json\/wp\/v2\/media?parent=63516"}],"wp:term":[{"taxonomy":"product_brand","embeddable":true,"href":"https:\/\/booking-gaysejour.com\/gb\/wp-json\/wp\/v2\/product_brand?post=63516"},{"taxonomy":"product_cat","embeddable":true,"href":"https:\/\/booking-gaysejour.com\/gb\/wp-json\/wp\/v2\/product_cat?post=63516"},{"taxonomy":"product_tag","embeddable":true,"href":"https:\/\/booking-gaysejour.com\/gb\/wp-json\/wp\/v2\/product_tag?post=63516"}],"curies":[{"name":"wp","href":"https:\/\/api.w.org\/{rel}","templated":true}]}}