{"id":63518,"date":"2021-03-01T16:38:58","date_gmt":"2021-03-01T15:38:58","guid":{"rendered":"https:\/\/booking-gaysejour.com\/room\/chambre-glycines\/"},"modified":"2025-03-18T16:39:07","modified_gmt":"2025-03-18T15:39:07","slug":"chambre-glycines","status":"publish","type":"product","link":"https:\/\/booking-gaysejour.com\/gb\/guide\/chambre-glycines\/","title":{"rendered":"Chambre Glycines @ Maison Les Tillets &#8211; Bois-Sainte-Marie"},"content":{"rendered":"<h3>Chambre d&#8217;h\u00f4te de 14 m\u00b2 &#8211; 2 personnes &#8211; \u00a0lit 160&#215;200 &#8211; salle de bain priv\u00e9e<\/h3>\n<p class=\"has-text-align-justify\"><span class=\"has-inline-color\">La maison d&#8217;invit\u00e9s est une <strong>maison ind\u00e9pendante<\/strong> de la maison principale. Un jardin s\u00e9pare les deux demeures, distribu\u00e9 en plusieurs zones, jardins \u00e0 la fran\u00e7aise et un jardin floral, plant\u00e9 au fond de la propri\u00e9t\u00e9. Nombreux endroits de repos, \u00e0 l\u2019ombre des 2 arbres centenaires, un endroit de repas convivial au milieu des hortensias et des roses.<\/span><\/p>\n<p class=\"has-text-align-justify\">Au rez-de-chauss\u00e9 de cette maison, vous pourrez d\u00e9couvrir la chambre <em>Glycines, <\/em>ainsi qu&#8217;une salle d&#8217;eau \u00e9quip\u00e9e d&#8217;une <em>douche<\/em> et d&#8217;une double vasque. Cette chambre vous offre le confort que vous recherchez, avec un <em>lit Queen Size<\/em>(160&#215;200), un <em>espace bureau<\/em> et une <em>biblioth\u00e8que<\/em>.<\/p>\n<p class=\"has-text-align-justify\"><span class=\"has-inline-color\">Vous disposerez d&#8217;une salle d&#8217;eau \u00e9quip\u00e9e d&#8217;une <em>douche<\/em>, attenante \u00e0 la chambre. S\u00e8che-cheveux, draps de douche, sont mis \u00e0 votre disposition.<\/span><\/p>\n<p class=\"has-text-align-justify\"><span class=\"has-inline-color\">Toutes nos chambres sont non-fumeur et b\u00e9n\u00e9ficient d&#8217;un espace bureau avec acc\u00e8s \u00e0 la wifi.<\/span><\/p>\n<p>Table d&#8217;h\u00f4tes les vendredis et samedis soir sur r\u00e9servation &#8211; Planches charcuterie-fromage les autres soirs de la semaine sur r\u00e9servation<\/p>\n<p>&nbsp;<\/p>\n","protected":false},"excerpt":{"rendered":"<p>Chambre d&#8217;h\u00f4te de 14 m\u00b2 &#8211; 2 personnes &#8211; \u00a0lit 160&#215;200 &#8211; salle de bain priv\u00e9e La maison d&#8217;invit\u00e9s est une maison ind\u00e9pendante de la maison principale. Un jardin s\u00e9pare les deux demeures, distribu\u00e9 en plusieurs zones, jardins \u00e0 la fran\u00e7aise et un jardin floral, plant\u00e9 au fond de la propri\u00e9t\u00e9. Nombreux endroits de repos,<a class=\"more-link\" href=\"https:\/\/booking-gaysejour.com\/gb\/guide\/chambre-glycines\/\">Read more  &#10230;<\/a><\/p>\n","protected":false},"featured_media":49572,"template":"","meta":[],"product_brand":[],"product_cat":[1928,780,741],"product_tag":[1063],"class_list":{"0":"post-63518","1":"product","2":"type-product","3":"status-publish","4":"has-post-thumbnail","6":"product_cat-hebergement-gb","7":"product_cat-burgundy-franche-comte-gb","8":"product_cat-france-gb","9":"product_tag-campagne-gb","10":"pa_1-type-chambre-hotes-gb","11":"pa_2-chambre-et-salle-de-bain-bathroom-towel","12":"pa_2-chambre-et-salle-de-bain-hair-dryer","13":"pa_2-chambre-et-salle-de-bain-linen","14":"pa_2-chambre-et-salle-de-bain-private-bathroom","15":"pa_5-services-parking-on-premise","16":"pa_5-services-table-dhotes-gb-2","17":"pa_6-installations-tv-room-gb","18":"yith_shop_vendor-maison-les-tillets-saone-et-loire-burgundy","19":"yith_booking_service-petit-dejeuner-inclus-gb","21":"first","22":"instock","23":"virtual","24":"sold-individually","25":"purchasable","26":"product-type-booking"},"_links":{"self":[{"href":"https:\/\/booking-gaysejour.com\/gb\/wp-json\/wp\/v2\/product\/63518","targetHints":{"allow":["GET"]}}],"collection":[{"href":"https:\/\/booking-gaysejour.com\/gb\/wp-json\/wp\/v2\/product"}],"about":[{"href":"https:\/\/booking-gaysejour.com\/gb\/wp-json\/wp\/v2\/types\/product"}],"wp:featuredmedia":[{"embeddable":true,"href":"https:\/\/booking-gaysejour.com\/gb\/wp-json\/wp\/v2\/media\/49572"}],"wp:attachment":[{"href":"https:\/\/booking-gaysejour.com\/gb\/wp-json\/wp\/v2\/media?parent=63518"}],"wp:term":[{"taxonomy":"product_brand","embeddable":true,"href":"https:\/\/booking-gaysejour.com\/gb\/wp-json\/wp\/v2\/product_brand?post=63518"},{"taxonomy":"product_cat","embeddable":true,"href":"https:\/\/booking-gaysejour.com\/gb\/wp-json\/wp\/v2\/product_cat?post=63518"},{"taxonomy":"product_tag","embeddable":true,"href":"https:\/\/booking-gaysejour.com\/gb\/wp-json\/wp\/v2\/product_tag?post=63518"}],"curies":[{"name":"wp","href":"https:\/\/api.w.org\/{rel}","templated":true}]}}