{"id":63519,"date":"2021-03-01T16:51:04","date_gmt":"2021-03-01T15:51:04","guid":{"rendered":"https:\/\/booking-gaysejour.com\/room\/chambre-retour-dasie\/"},"modified":"2025-03-18T16:39:07","modified_gmt":"2025-03-18T15:39:07","slug":"chambre-retour-dasie","status":"publish","type":"product","link":"https:\/\/booking-gaysejour.com\/gb\/guide\/chambre-retour-dasie\/","title":{"rendered":"Chambre Retour d&#8217;Asie Maison Les Tillets &#8211; Bois-Sainte-Marie"},"content":{"rendered":"<h3>Chambre d&#8217;h\u00f4te de 31m\u00b2 &#8211; 2 personnes &#8211; \u00a0lit 160&#215;200 &#8211; salle de bain priv\u00e9e<\/h3>\n<div align=\"justify\">\n<p>Ambiance coloniale, d\u00e9cor\u00e9e de meubles anciens de famille, et d\u2019objets chin\u00e9s lors de voyages en Asie. Cette grande chambre, dans la <strong>maison principale<\/strong> est \u00e9quip\u00e9e d&#8217;un lit Queen Size (160&#215;200). Plafond \u00e0 la fran\u00e7aise, tomettes anciennes, chemin\u00e9e, et vue sur le bourg vous attendent en choisissant cette chambre. Elle est\u00a0<em>accessible par l\u2019escalier<\/em> en pierre majestueux donnant acc\u00e8s au 1<sup>er<\/sup> \u00e9tage, \u00e0 la <em>biblioth\u00e8que<\/em> et \u00e0 un <em>espace bureau<\/em>.<\/p>\n<p><span class=\"has-inline-color\">Vous disposerez d&#8217;une salle d&#8217;eau \u00e9quip\u00e9e d&#8217;une <em>douche<\/em>, attenante \u00e0 la chambre.<\/span><span class=\"has-inline-color\">S\u00e8che-cheveux, draps de douche, sont mis \u00e0 votre disposition.<\/span><\/p>\n<\/div>\n<p>Toutes nos chambres sont non-fumeur et b\u00e9n\u00e9ficient d&#8217;un espace bureau avec acc\u00e8s \u00e0 la wifi.<\/p>\n","protected":false},"excerpt":{"rendered":"<p>Chambre d&#8217;h\u00f4te de 31m\u00b2 &#8211; 2 personnes &#8211; \u00a0lit 160&#215;200 &#8211; salle de bain priv\u00e9e Ambiance coloniale, d\u00e9cor\u00e9e de meubles anciens de famille, et d\u2019objets chin\u00e9s lors de voyages en Asie. Cette grande chambre, dans la maison principale est \u00e9quip\u00e9e d&#8217;un lit Queen Size (160&#215;200). Plafond \u00e0 la fran\u00e7aise, tomettes anciennes, chemin\u00e9e, et vue sur<a class=\"more-link\" href=\"https:\/\/booking-gaysejour.com\/gb\/guide\/chambre-retour-dasie\/\">Read more  &#10230;<\/a><\/p>\n","protected":false},"featured_media":49578,"template":"","meta":[],"product_brand":[],"product_cat":[1928,780,741],"product_tag":[1063],"class_list":{"0":"post-63519","1":"product","2":"type-product","3":"status-publish","4":"has-post-thumbnail","6":"product_cat-hebergement-gb","7":"product_cat-burgundy-franche-comte-gb","8":"product_cat-france-gb","9":"product_tag-campagne-gb","10":"pa_1-type-chambre-hotes-gb","11":"pa_2-chambre-et-salle-de-bain-hair-dryer","12":"pa_2-chambre-et-salle-de-bain-linen","13":"pa_2-chambre-et-salle-de-bain-private-bathroom","14":"pa_5-services-parking-on-premise","15":"pa_5-services-table-dhotes-gb-2","16":"pa_6-installations-tv-room-gb","17":"yith_shop_vendor-maison-les-tillets-saone-et-loire-burgundy","18":"yith_booking_service-petit-dejeuner-inclus-gb","20":"first","21":"instock","22":"virtual","23":"sold-individually","24":"purchasable","25":"product-type-booking"},"_links":{"self":[{"href":"https:\/\/booking-gaysejour.com\/gb\/wp-json\/wp\/v2\/product\/63519","targetHints":{"allow":["GET"]}}],"collection":[{"href":"https:\/\/booking-gaysejour.com\/gb\/wp-json\/wp\/v2\/product"}],"about":[{"href":"https:\/\/booking-gaysejour.com\/gb\/wp-json\/wp\/v2\/types\/product"}],"wp:featuredmedia":[{"embeddable":true,"href":"https:\/\/booking-gaysejour.com\/gb\/wp-json\/wp\/v2\/media\/49578"}],"wp:attachment":[{"href":"https:\/\/booking-gaysejour.com\/gb\/wp-json\/wp\/v2\/media?parent=63519"}],"wp:term":[{"taxonomy":"product_brand","embeddable":true,"href":"https:\/\/booking-gaysejour.com\/gb\/wp-json\/wp\/v2\/product_brand?post=63519"},{"taxonomy":"product_cat","embeddable":true,"href":"https:\/\/booking-gaysejour.com\/gb\/wp-json\/wp\/v2\/product_cat?post=63519"},{"taxonomy":"product_tag","embeddable":true,"href":"https:\/\/booking-gaysejour.com\/gb\/wp-json\/wp\/v2\/product_tag?post=63519"}],"curies":[{"name":"wp","href":"https:\/\/api.w.org\/{rel}","templated":true}]}}